{"id":15466,"date":"2016-03-04T07:48:55","date_gmt":"2016-03-04T06:48:55","guid":{"rendered":"http:\/\/www.sec.mk\/?page_id=15466&#038;lang=sq"},"modified":"2021-12-27T11:00:40","modified_gmt":"2021-12-27T10:00:40","slug":"organizimi-i-brenshem-i-sherbimit-professional-te-kshz-se","status":"publish","type":"page","link":"https:\/\/www.sec.mk\/sq\/organizimi-i-brenshem-i-sherbimit-professional-te-kshz-se\/","title":{"rendered":"Organizimi i brensh\u00ebm i Sh\u00ebrbimit professional t\u00eb KSHZ-s\u00eb"},"content":{"rendered":"<div  style='padding-bottom:10px; ' class='av-special-heading av-special-heading-h1  blockquote elegant-quote elegant-centered  avia-builder-el-0  el_before_av_image_hotspot  avia-builder-el-no-sibling  '><h1 class='av-special-heading-tag '  itemprop=\"headline\"  ><span class=\"heading-wrap\">Organizimi i brensh\u00ebm i Sh\u00ebrbimit professional t\u00eb KSHZ-s\u00eb<\/span><\/h1><div class='special-heading-border'><div class='special-heading-inner-border' ><\/div><\/div><\/div>\n<div  class='av-hotspot-image-container   av-hotspot-blank av-mobile-fallback-active    avia-builder-el-1  el_after_av_heading  avia-builder-el-last  av-non-fullwidth-hotspot-image'  itemprop=\"image\" itemscope=\"itemscope\" itemtype=\"https:\/\/schema.org\/ImageObject\" ><div class='av-hotspot-container'><div class='av-hotspot-container-inner-cell'><div class='av-hotspot-container-inner-wrap'><img decoding=\"async\" class='wp-image-35518 avia-img-lazy-loading-not-35518 avia_image' src=\"https:\/\/www.sec.mk\/wp-content\/uploads\/2021\/12\/Organogram-2021-alb.png\" alt='\u041e\u0440\u0433\u0430\u043d\u043e\u0433\u0440\u0430\u043c \u0414\u0418\u041a 2019 \u0410\u041b\u0411' title='Organogram 2021 alb'  height=\"1982\" width=\"2377\"  itemprop=\"thumbnailUrl\" srcset=\"https:\/\/www.sec.mk\/wp-content\/uploads\/2021\/12\/Organogram-2021-alb.png 2377w, https:\/\/www.sec.mk\/wp-content\/uploads\/2021\/12\/Organogram-2021-alb-300x250.png 300w, https:\/\/www.sec.mk\/wp-content\/uploads\/2021\/12\/Organogram-2021-alb-1030x859.png 1030w, https:\/\/www.sec.mk\/wp-content\/uploads\/2021\/12\/Organogram-2021-alb-1536x1281.png 1536w, https:\/\/www.sec.mk\/wp-content\/uploads\/2021\/12\/Organogram-2021-alb-2048x1708.png 2048w, https:\/\/www.sec.mk\/wp-content\/uploads\/2021\/12\/Organogram-2021-alb-1500x1251.png 1500w, https:\/\/www.sec.mk\/wp-content\/uploads\/2021\/12\/Organogram-2021-alb-705x588.png 705w\" sizes=\"(max-width: 2377px) 100vw, 2377px\" \/><\/div><\/div><\/div><\/div>\n","protected":false},"excerpt":{"rendered":"","protected":false},"author":3,"featured_media":6947,"parent":0,"menu_order":0,"comment_status":"closed","ping_status":"closed","template":"","meta":{"footnotes":""},"class_list":["post-15466","page","type-page","status-publish","has-post-thumbnail","hentry"],"yoast_head":"<!-- This site is optimized with the Yoast SEO plugin v26.2 - https:\/\/yoast.com\/wordpress\/plugins\/seo\/ -->\n<title>Organizimi i brensh\u00ebm i Sh\u00ebrbimit professional t\u00eb KSHZ-s\u00eb - Komisioni Shtet\u00ebror i Zgjedhjeve<\/title>\n<meta name=\"robots\" content=\"index, follow, max-snippet:-1, max-image-preview:large, max-video-preview:-1\" \/>\n<link rel=\"canonical\" href=\"https:\/\/www.sec.mk\/sq\/organizimi-i-brenshem-i-sherbimit-professional-te-kshz-se\/\" \/>\n<meta property=\"og:locale\" content=\"sq_AL\" \/>\n<meta property=\"og:type\" content=\"article\" \/>\n<meta property=\"og:title\" content=\"Organizimi i brensh\u00ebm i Sh\u00ebrbimit professional t\u00eb KSHZ-s\u00eb - Komisioni Shtet\u00ebror i Zgjedhjeve\" \/>\n<meta property=\"og:url\" content=\"https:\/\/www.sec.mk\/sq\/organizimi-i-brenshem-i-sherbimit-professional-te-kshz-se\/\" \/>\n<meta property=\"og:site_name\" content=\"Komisioni Shtet\u00ebror i Zgjedhjeve\" \/>\n<meta property=\"article:modified_time\" content=\"2021-12-27T10:00:40+00:00\" \/>\n<meta property=\"og:image\" content=\"http:\/\/www.sec.mk\/wp-content\/uploads\/2016\/05\/\u0411\u0435\u043b\u0430-\u0441\u043b\u0438\u043a\u0430-1.png\" \/>\n\t<meta property=\"og:image:width\" content=\"327\" \/>\n\t<meta property=\"og:image:height\" content=\"1\" \/>\n\t<meta property=\"og:image:type\" content=\"image\/png\" \/>\n<meta name=\"twitter:card\" content=\"summary_large_image\" \/>\n<meta name=\"twitter:label1\" content=\"Est. reading time\" \/>\n\t<meta name=\"twitter:data1\" content=\"1 minut\u00eb\" \/>\n<script type=\"application\/ld+json\" class=\"yoast-schema-graph\">{\"@context\":\"https:\/\/schema.org\",\"@graph\":[{\"@type\":\"WebPage\",\"@id\":\"https:\/\/www.sec.mk\/sq\/organizimi-i-brenshem-i-sherbimit-professional-te-kshz-se\/\",\"url\":\"https:\/\/www.sec.mk\/sq\/organizimi-i-brenshem-i-sherbimit-professional-te-kshz-se\/\",\"name\":\"Organizimi i brensh\u00ebm i Sh\u00ebrbimit professional t\u00eb KSHZ-s\u00eb - Komisioni Shtet\u00ebror i Zgjedhjeve\",\"isPartOf\":{\"@id\":\"https:\/\/www.sec.mk\/#website\"},\"primaryImageOfPage\":{\"@id\":\"https:\/\/www.sec.mk\/sq\/organizimi-i-brenshem-i-sherbimit-professional-te-kshz-se\/#primaryimage\"},\"image\":{\"@id\":\"https:\/\/www.sec.mk\/sq\/organizimi-i-brenshem-i-sherbimit-professional-te-kshz-se\/#primaryimage\"},\"thumbnailUrl\":\"https:\/\/www.sec.mk\/wp-content\/uploads\/2016\/05\/\u0411\u0435\u043b\u0430-\u0441\u043b\u0438\u043a\u0430-1.png\",\"datePublished\":\"2016-03-04T06:48:55+00:00\",\"dateModified\":\"2021-12-27T10:00:40+00:00\",\"breadcrumb\":{\"@id\":\"https:\/\/www.sec.mk\/sq\/organizimi-i-brenshem-i-sherbimit-professional-te-kshz-se\/#breadcrumb\"},\"inLanguage\":\"sq\",\"potentialAction\":[{\"@type\":\"ReadAction\",\"target\":[\"https:\/\/www.sec.mk\/sq\/organizimi-i-brenshem-i-sherbimit-professional-te-kshz-se\/\"]}]},{\"@type\":\"ImageObject\",\"inLanguage\":\"sq\",\"@id\":\"https:\/\/www.sec.mk\/sq\/organizimi-i-brenshem-i-sherbimit-professional-te-kshz-se\/#primaryimage\",\"url\":\"https:\/\/www.sec.mk\/wp-content\/uploads\/2016\/05\/\u0411\u0435\u043b\u0430-\u0441\u043b\u0438\u043a\u0430-1.png\",\"contentUrl\":\"https:\/\/www.sec.mk\/wp-content\/uploads\/2016\/05\/\u0411\u0435\u043b\u0430-\u0441\u043b\u0438\u043a\u0430-1.png\",\"width\":327,\"height\":1},{\"@type\":\"BreadcrumbList\",\"@id\":\"https:\/\/www.sec.mk\/sq\/organizimi-i-brenshem-i-sherbimit-professional-te-kshz-se\/#breadcrumb\",\"itemListElement\":[{\"@type\":\"ListItem\",\"position\":1,\"name\":\"Home\",\"item\":\"https:\/\/www.sec.mk\/sq\/home-alb\/\"},{\"@type\":\"ListItem\",\"position\":2,\"name\":\"Organizimi i brensh\u00ebm i Sh\u00ebrbimit professional t\u00eb KSHZ-s\u00eb\"}]},{\"@type\":\"WebSite\",\"@id\":\"https:\/\/www.sec.mk\/#website\",\"url\":\"https:\/\/www.sec.mk\/\",\"name\":\"Komisioni Shtet\u00ebror i Zgjedhjeve\",\"description\":\"\",\"potentialAction\":[{\"@type\":\"SearchAction\",\"target\":{\"@type\":\"EntryPoint\",\"urlTemplate\":\"https:\/\/www.sec.mk\/?s={search_term_string}\"},\"query-input\":{\"@type\":\"PropertyValueSpecification\",\"valueRequired\":true,\"valueName\":\"search_term_string\"}}],\"inLanguage\":\"sq\"}]}<\/script>\n<!-- \/ Yoast SEO plugin. -->","yoast_head_json":{"title":"Organizimi i brensh\u00ebm i Sh\u00ebrbimit professional t\u00eb KSHZ-s\u00eb - Komisioni Shtet\u00ebror i Zgjedhjeve","robots":{"index":"index","follow":"follow","max-snippet":"max-snippet:-1","max-image-preview":"max-image-preview:large","max-video-preview":"max-video-preview:-1"},"canonical":"https:\/\/www.sec.mk\/sq\/organizimi-i-brenshem-i-sherbimit-professional-te-kshz-se\/","og_locale":"sq_AL","og_type":"article","og_title":"Organizimi i brensh\u00ebm i Sh\u00ebrbimit professional t\u00eb KSHZ-s\u00eb - Komisioni Shtet\u00ebror i Zgjedhjeve","og_url":"https:\/\/www.sec.mk\/sq\/organizimi-i-brenshem-i-sherbimit-professional-te-kshz-se\/","og_site_name":"Komisioni Shtet\u00ebror i Zgjedhjeve","article_modified_time":"2021-12-27T10:00:40+00:00","og_image":[{"width":327,"height":1,"url":"http:\/\/www.sec.mk\/wp-content\/uploads\/2016\/05\/\u0411\u0435\u043b\u0430-\u0441\u043b\u0438\u043a\u0430-1.png","type":"image\/png"}],"twitter_card":"summary_large_image","twitter_misc":{"Est. reading time":"1 minut\u00eb"},"schema":{"@context":"https:\/\/schema.org","@graph":[{"@type":"WebPage","@id":"https:\/\/www.sec.mk\/sq\/organizimi-i-brenshem-i-sherbimit-professional-te-kshz-se\/","url":"https:\/\/www.sec.mk\/sq\/organizimi-i-brenshem-i-sherbimit-professional-te-kshz-se\/","name":"Organizimi i brensh\u00ebm i Sh\u00ebrbimit professional t\u00eb KSHZ-s\u00eb - Komisioni Shtet\u00ebror i Zgjedhjeve","isPartOf":{"@id":"https:\/\/www.sec.mk\/#website"},"primaryImageOfPage":{"@id":"https:\/\/www.sec.mk\/sq\/organizimi-i-brenshem-i-sherbimit-professional-te-kshz-se\/#primaryimage"},"image":{"@id":"https:\/\/www.sec.mk\/sq\/organizimi-i-brenshem-i-sherbimit-professional-te-kshz-se\/#primaryimage"},"thumbnailUrl":"https:\/\/www.sec.mk\/wp-content\/uploads\/2016\/05\/\u0411\u0435\u043b\u0430-\u0441\u043b\u0438\u043a\u0430-1.png","datePublished":"2016-03-04T06:48:55+00:00","dateModified":"2021-12-27T10:00:40+00:00","breadcrumb":{"@id":"https:\/\/www.sec.mk\/sq\/organizimi-i-brenshem-i-sherbimit-professional-te-kshz-se\/#breadcrumb"},"inLanguage":"sq","potentialAction":[{"@type":"ReadAction","target":["https:\/\/www.sec.mk\/sq\/organizimi-i-brenshem-i-sherbimit-professional-te-kshz-se\/"]}]},{"@type":"ImageObject","inLanguage":"sq","@id":"https:\/\/www.sec.mk\/sq\/organizimi-i-brenshem-i-sherbimit-professional-te-kshz-se\/#primaryimage","url":"https:\/\/www.sec.mk\/wp-content\/uploads\/2016\/05\/\u0411\u0435\u043b\u0430-\u0441\u043b\u0438\u043a\u0430-1.png","contentUrl":"https:\/\/www.sec.mk\/wp-content\/uploads\/2016\/05\/\u0411\u0435\u043b\u0430-\u0441\u043b\u0438\u043a\u0430-1.png","width":327,"height":1},{"@type":"BreadcrumbList","@id":"https:\/\/www.sec.mk\/sq\/organizimi-i-brenshem-i-sherbimit-professional-te-kshz-se\/#breadcrumb","itemListElement":[{"@type":"ListItem","position":1,"name":"Home","item":"https:\/\/www.sec.mk\/sq\/home-alb\/"},{"@type":"ListItem","position":2,"name":"Organizimi i brensh\u00ebm i Sh\u00ebrbimit professional t\u00eb KSHZ-s\u00eb"}]},{"@type":"WebSite","@id":"https:\/\/www.sec.mk\/#website","url":"https:\/\/www.sec.mk\/","name":"Komisioni Shtet\u00ebror i Zgjedhjeve","description":"","potentialAction":[{"@type":"SearchAction","target":{"@type":"EntryPoint","urlTemplate":"https:\/\/www.sec.mk\/?s={search_term_string}"},"query-input":{"@type":"PropertyValueSpecification","valueRequired":true,"valueName":"search_term_string"}}],"inLanguage":"sq"}]}},"_links":{"self":[{"href":"https:\/\/www.sec.mk\/sq\/wp-json\/wp\/v2\/pages\/15466","targetHints":{"allow":["GET"]}}],"collection":[{"href":"https:\/\/www.sec.mk\/sq\/wp-json\/wp\/v2\/pages"}],"about":[{"href":"https:\/\/www.sec.mk\/sq\/wp-json\/wp\/v2\/types\/page"}],"author":[{"embeddable":true,"href":"https:\/\/www.sec.mk\/sq\/wp-json\/wp\/v2\/users\/3"}],"replies":[{"embeddable":true,"href":"https:\/\/www.sec.mk\/sq\/wp-json\/wp\/v2\/comments?post=15466"}],"version-history":[{"count":15,"href":"https:\/\/www.sec.mk\/sq\/wp-json\/wp\/v2\/pages\/15466\/revisions"}],"predecessor-version":[{"id":35532,"href":"https:\/\/www.sec.mk\/sq\/wp-json\/wp\/v2\/pages\/15466\/revisions\/35532"}],"wp:featuredmedia":[{"embeddable":true,"href":"https:\/\/www.sec.mk\/sq\/wp-json\/wp\/v2\/media\/6947"}],"wp:attachment":[{"href":"https:\/\/www.sec.mk\/sq\/wp-json\/wp\/v2\/media?parent=15466"}],"curies":[{"name":"wp","href":"https:\/\/api.w.org\/{rel}","templated":true}]}}