{"id":16857,"date":"2019-04-11T00:05:31","date_gmt":"2019-04-10T22:05:31","guid":{"rendered":"http:\/\/www.sec.mk\/zgjedhjet-presidenciale-21-04-2019\/"},"modified":"2021-08-24T12:51:10","modified_gmt":"2021-08-24T10:51:10","slug":"zgjedhjet-presidenciale-21-04-2019","status":"publish","type":"page","link":"https:\/\/www.sec.mk\/sq\/zgjedhjet-presidenciale-21-04-2019\/","title":{"rendered":"Zgjedhjet Presidenciale 21.04.2019"},"content":{"rendered":"<div class=\"flex_column av_one_full  flex_column_div av-zero-column-padding first  avia-builder-el-0  el_before_av_tab_section  avia-builder-el-no-sibling  \" style='border-radius:0px; '><div  style='padding-bottom:10px; ' class='av-special-heading av-special-heading-h1  blockquote elegant-quote elegant-centered  avia-builder-el-1  avia-builder-el-no-sibling  '><h1 class='av-special-heading-tag '  itemprop=\"headline\"  ><span class=\"heading-wrap\">ZGJEDHJET PRESIDENCIALE 21.04.2019<\/span><\/h1><div class='special-heading-border'><div class='special-heading-inner-border' ><\/div><\/div><\/div><\/div><\/div><\/div><\/div><!-- close content main div --><\/div><\/div><div id='av-tab-section-1'  class='av-tab-section-container entry-content-wrapper main_color av-tab-slide-transition av-tab-content-auto  av-tab-above-content  avia-builder-el-2  el_after_av_one_full  avia-builder-el-last  tab-custom-font submenu-not-first container_wrap fullsize' style=' '  ><div class='av-tab-section-outer-container'><div class='av-tab-section-tab-title-container avia-tab-title-padding-default ' style='background-color:#f2f2f2; ' role='tablist'><a href='#aktuale' data-av-tab-section-title='1' class='av-section-tab-title av-active-tab-title no-scroll av-tab-with-icon av-tab-no-image  ' role='tab' tabindex='0' aria-controls='av-tab-section-1-1'><span class='av-tab-section-icon' aria-hidden='true' data-av_icon='\uf10b' data-av_iconfont='flaticon'><\/span><span class='av-outer-tab-title'><span class='av-inner-tab-title'>AKTUALE<\/span><\/span><span class='av-tab-arrow-container'><span><\/span><\/span><\/a><a href='#kkz' data-av-tab-section-title='2' class='av-section-tab-title  av-tab-with-icon av-tab-no-image  ' role='tab' tabindex='0' aria-controls='av-tab-section-1-2'><span class='av-tab-section-icon' aria-hidden='true' data-av_icon='\uf114' data-av_iconfont='flaticon'><\/span><span class='av-outer-tab-title'><span class='av-inner-tab-title'>KKZ<\/span><\/span><span class='av-tab-arrow-container'><span><\/span><\/span><\/a><a href='#mediat' data-av-tab-section-title='3' class='av-section-tab-title  av-tab-with-icon av-tab-no-image  ' role='tab' tabindex='0' aria-controls='av-tab-section-1-3'><span class='av-tab-section-icon' aria-hidden='true' data-av_icon='\ue85e' data-av_iconfont='entypo-fontello'><\/span><span class='av-outer-tab-title'><span class='av-inner-tab-title'>MEDIAT<\/span><\/span><span class='av-tab-arrow-container'><span><\/span><\/span><\/a><\/div><div class='av-tab-section-inner-container avia-section-default' style='width:300vw; left:0%;'><span class='av_prev_tab_section av_tab_navigation'><\/span><span class='av_next_tab_section av_tab_navigation'><\/span>\n<div id=\"av-tab-section-1-1\" data-av-tab-section-content=\"1\" class=\"av-layout-tab av-animation-delay-container av-active-tab-content __av_init_open  avia-builder-el-3  el_before_av_tab_sub_section  avia-builder-el-first   \" style='vertical-align:top; '  data-tab-section-id=\"aktuale\"><div class='av-layout-tab-inner'><div class='container'><div class=\"flex_column av_one_full  flex_column_div av-zero-column-padding first  avia-builder-el-4  avia-builder-el-no-sibling  \" style='border-radius:0px; '><div  class=\"tabcontainer   sidebar_tab sidebar_tab_left border_tabs  avia-builder-el-5  avia-builder-el-no-sibling  tabs-elections-custom\" role=\"tablist\">\n\n<section class=\"av_tab_section\"  itemscope=\"itemscope\" itemtype=\"https:\/\/schema.org\/CreativeWork\" ><div aria-controls=\"tab-id-1-content\" role=\"tab\" tabindex=\"0\" data-fake-id=\"#tab-id-1\" class=\"tab active_tab\"  itemprop=\"headline\" >Rezultatet<\/div>\n<div id=\"tab-id-1-content\" class=\"tab_content active_tab_content\" aria-hidden=\"false\">\n<div class=\"tab_inner_content invers-color\"  itemprop=\"text\" >\n<ul>\n<li><a href=\"https:\/\/drive.google.com\/open?id=1w7uxZ6T8pWW9lfWLgGsZXL9SBXfXpRXg\">Konkluzion i p\u00ebrfundimit t\u00eb zgjedhjeve Presidenciale 2019<\/a><\/li>\n<li><a href=\"https:\/\/drive.google.com\/open?id=134KGddC_aMfXBxp5QAlIPeMEt6sS8hoV\">Konkluzion i shpalljes s\u00eb rezultateve p\u00ebrfundimtare t\u00eb zgjedhjeve p\u00ebr Kryetarit t\u00eb Republik\u00ebs 2019<\/a><\/li>\n<li><a href=\"https:\/\/drive.google.com\/file\/d\/1eTaSLOtgdaB-m12klnfgyVS6k2uBn10k\/view\" target=\"_blank\" rel=\"noopener noreferrer\">Korrigjim i rezultateve p\u00ebrfundimtare nga rrethi i par\u00eb i votimit p\u00ebr zgjedhjen e Kryetarit t\u00eb RMV<\/a><\/li>\n<li><a href=\"https:\/\/drive.google.com\/file\/d\/1PP6TV33ZsNrvhWf7Z2aRjrJ3Xzptw7yn\/view\" target=\"_blank\" rel=\"noopener noreferrer\">Konkluzioni i shpalljes s\u00eb rezultateve zyrtare t\u00eb korrigjuara nga rrethi i par\u00eb i votimit p\u00ebr zgjedhjen e Kryetarit<\/a><\/li>\n<\/ul>\n\n<\/div>\n<\/div>\n<\/section>\n\n<section class=\"av_tab_section\"  itemscope=\"itemscope\" itemtype=\"https:\/\/schema.org\/CreativeWork\" ><div aria-controls=\"tab-id-2-content\" role=\"tab\" tabindex=\"0\" data-fake-id=\"#tab-id-2\" class=\"tab \"  itemprop=\"headline\" >Bartesit e listave<\/div>\n<div id=\"tab-id-2-content\" class=\"tab_content \" aria-hidden=\"true\">\n<div class=\"tab_inner_content invers-color\"  itemprop=\"text\" >\n<p><iframe src=\"https:\/\/drive.google.com\/embeddedfolderview?id=1kxcN9TW4tbrylZ-rH52F3mHzQO-VU3OJ#list\" width=\"100%\" height=\"200px\" frameborder=\"0\" scrolling=\"auto\" data-mce-fragment=\"1\"><\/iframe><\/p>\n<ul>\n<li><a href=\"https:\/\/drive.google.com\/open?id=12KBrQYq-RzNjbs6F628R2Wzj3Bwcx_BU\">Spallja e listes unike te konfirmuar e kandidatit per kryetar te RVM<\/a><\/li>\n<li><a href=\"https:\/\/drive.google.com\/open?id=1fA78dm4814zhN4zdwA302X90rEr4Yp31\">Njoftim p\u00ebr shtojc\u00ebn e nevojshme n\u00eb list\u00ebn e parashtruar p\u00ebr kandidat p\u00ebr kryetar t\u00eb Republik\u00ebs s\u00eb Maqedonis\u00eb s\u00eb Veriut Zgjedhjet 2019<\/a><\/li>\n<\/ul>\n\n<\/div>\n<\/div>\n<\/section>\n\n<section class=\"av_tab_section\"  itemscope=\"itemscope\" itemtype=\"https:\/\/schema.org\/CreativeWork\" ><div aria-controls=\"tab-id-3-content\" role=\"tab\" tabindex=\"0\" data-fake-id=\"#tab-id-3\" class=\"tab \"  itemprop=\"headline\" >Nj\u00ebsit Zgjedhore<\/div>\n<div id=\"tab-id-3-content\" class=\"tab_content \" aria-hidden=\"true\">\n<div class=\"tab_inner_content invers-color\"  itemprop=\"text\" >\n<ul>\n<li><a href=\"https:\/\/drive.google.com\/open?id=1HDvPtLec5Co6tPvom0lec6BL5J1GJ9HD\" target=\"_blank\" rel=\"noopener noreferrer\">P\u00ebrshkrimi i vendvotimeve n\u00eb Republik\u00ebn e Maqedonis\u00eb s\u00eb Veriut \u2013 Zgjedhjet Presidenciale 2019<\/a><\/li>\n<\/ul>\n\n<\/div>\n<\/div>\n<\/section>\n\n<section class=\"av_tab_section\"  itemscope=\"itemscope\" itemtype=\"https:\/\/schema.org\/CreativeWork\" ><div aria-controls=\"tab-id-4-content\" role=\"tab\" tabindex=\"0\" data-fake-id=\"#tab-id-4\" class=\"tab \"  itemprop=\"headline\" >PDK<\/div>\n<div id=\"tab-id-4-content\" class=\"tab_content \" aria-hidden=\"true\">\n<div class=\"tab_inner_content invers-color\"  itemprop=\"text\" >\n<p><iframe src=\"https:\/\/drive.google.com\/embeddedfolderview?id=1jkLOLfThZYmq3M_bE0Z2LGuLoGJF3HCX#list\" width=\"100%\" height=\"200px\" frameborder=\"0\" scrolling=\"auto\"><\/iframe><\/p>\n\n<\/div>\n<\/div>\n<\/section>\n\n<section class=\"av_tab_section\"  itemscope=\"itemscope\" itemtype=\"https:\/\/schema.org\/CreativeWork\" ><div aria-controls=\"tab-id-5-content\" role=\"tab\" tabindex=\"0\" data-fake-id=\"#tab-id-5\" class=\"tab \"  itemprop=\"headline\" >V\u00ebzhguesit<\/div>\n<div id=\"tab-id-5-content\" class=\"tab_content \" aria-hidden=\"true\">\n<div class=\"tab_inner_content invers-color\"  itemprop=\"text\" >\n<ul>\n<li><a href=\"https:\/\/drive.google.com\/open?id=13OZ4lKyz8Xl3cRORtaN1SdEeEhokg3vn\">KODEKS p\u00ebr v\u00ebzhgimin e Zgjedhjeve Presidenciale 2019 dhe zgjedhjeve t\u00eb parakohshme p\u00ebr kryetar\u00eb t\u00eb komunave Oh\u00ebr, Novo Sell\u00eb dhe Dib\u00ebr<\/a><\/li>\n<\/ul>\n\n<\/div>\n<\/div>\n<\/section>\n\n<section class=\"av_tab_section\"  itemscope=\"itemscope\" itemtype=\"https:\/\/schema.org\/CreativeWork\" ><div aria-controls=\"tab-id-6-content\" role=\"tab\" tabindex=\"0\" data-fake-id=\"#tab-id-6\" class=\"tab \"  itemprop=\"headline\" >Vendimet<\/div>\n<div id=\"tab-id-6-content\" class=\"tab_content \" aria-hidden=\"true\">\n<div class=\"tab_inner_content invers-color\"  itemprop=\"text\" >\n<p><iframe src=\"https:\/\/drive.google.com\/embeddedfolderview?id=1hKW6G3sZ_Nk3U0gzjeeYJTDSDuR_JPdw#list\" width=\"100%\" height=\"200px\" frameborder=\"0\" scrolling=\"auto\"><\/iframe><\/p>\n\n<\/div>\n<\/div>\n<\/section>\n\n<section class=\"av_tab_section\"  itemscope=\"itemscope\" itemtype=\"https:\/\/schema.org\/CreativeWork\" ><div aria-controls=\"tab-id-7-content\" role=\"tab\" tabindex=\"0\" data-fake-id=\"#tab-id-7\" class=\"tab \"  itemprop=\"headline\" >Edukim<\/div>\n<div id=\"tab-id-7-content\" class=\"tab_content \" aria-hidden=\"true\">\n<div class=\"tab_inner_content invers-color\"  itemprop=\"text\" >\n<ul>\n<li><a href=\"https:\/\/www.youtube.com\/watch?v=stCCviqamxk\" target=\"_blank\" rel=\"noopener noreferrer\">Komisioni Shtet\u00ebror i Zgjedhjeve \u2013 Zgjedhjet Presidenciale 2019 Video 01<\/a><\/li>\n<li><a href=\"https:\/\/www.youtube.com\/watch?v=Tk6K9gfz3hY\" target=\"_blank\" rel=\"noopener noreferrer\">Komisioni Shtet\u00ebror i Zgjedhjeve \u2013 Zgjedhjet Presidenciale 2019 Video 02<\/a><\/li>\n<li><a href=\"https:\/\/www.youtube.com\/watch?v=bEZTimV89uM\" target=\"_blank\" rel=\"noopener noreferrer\">Komisioni Shtet\u00ebror i Zgjedhjeve \u2013 Zgjedhjet Presidenciale 2019 Video 03<\/a><\/li>\n<li><a href=\"https:\/\/www.youtube.com\/watch?v=F_DL2OHdDYs\" target=\"_blank\" rel=\"noopener noreferrer\">Komisioni Shtet\u00ebror i Zgjedhjeve \u2013 Zgjedhjet Presidenciale 2019 Video 04<\/a><\/li>\n<li><a href=\"https:\/\/www.youtube.com\/watch?v=SzDv_jlfi6M\" target=\"_blank\" rel=\"noopener noreferrer\">Komisioni Shtet\u00ebror i Zgjedhjeve \u2013 Zgjedhjet Presidenciale 2019 Video 05<\/a><\/li>\n<li><a href=\"https:\/\/www.youtube.com\/watch?v=GQn3VFG8Gyo\" target=\"_blank\" rel=\"noopener noreferrer\">Komisioni Shtet\u00ebror i Zgjedhjeve \u2013 Zgjedhjet Presidenciale 2019 Video 06<\/a><\/li>\n<li><a href=\"https:\/\/www.youtube.com\/watch?v=L0xtkhzpMzQ\" target=\"_blank\" rel=\"noopener noreferrer\">Manuali Videoedukativ \u2013 Zgjedhjet Presidenciale 2019 Video 07<\/a><\/li>\n<\/ul>\n\n<\/div>\n<\/div>\n<\/section>\n\n<section class=\"av_tab_section\"  itemscope=\"itemscope\" itemtype=\"https:\/\/schema.org\/CreativeWork\" ><div aria-controls=\"tab-id-8-content\" role=\"tab\" tabindex=\"0\" data-fake-id=\"#tab-id-8\" class=\"tab \"  itemprop=\"headline\" >Formularet<\/div>\n<div id=\"tab-id-8-content\" class=\"tab_content \" aria-hidden=\"true\">\n<div class=\"tab_inner_content invers-color\"  itemprop=\"text\" >\n<p><iframe src=\"https:\/\/drive.google.com\/embeddedfolderview?id=1kcevTaOaMY9uV400LdHbLEN9BHB-tGOd#list\" width=\"100%\" height=\"300px\" frameborder=\"0\" scrolling=\"auto\"><\/iframe><\/p>\n\n<\/div>\n<\/div>\n<\/section>\n\n<section class=\"av_tab_section\"  itemscope=\"itemscope\" itemtype=\"https:\/\/schema.org\/CreativeWork\" ><div aria-controls=\"tab-id-9-content\" role=\"tab\" tabindex=\"0\" data-fake-id=\"#tab-id-9\" class=\"tab \"  itemprop=\"headline\" >Thirrje publike<\/div>\n<div id=\"tab-id-9-content\" class=\"tab_content \" aria-hidden=\"true\">\n<div class=\"tab_inner_content invers-color\"  itemprop=\"text\" >\n<p><iframe src=\"https:\/\/drive.google.com\/embeddedfolderview?id=1cC2mhxTzVcYObTecvApHjKdSwm3wWaxV#list\" width=\"100%\" height=\"200px\" frameborder=\"0\" scrolling=\"auto\"><\/iframe><\/p>\n\n<\/div>\n<\/div>\n<\/section>\n\n<section class=\"av_tab_section\"  itemscope=\"itemscope\" itemtype=\"https:\/\/schema.org\/CreativeWork\" ><div aria-controls=\"tab-id-10-content\" role=\"tab\" tabindex=\"0\" data-fake-id=\"#tab-id-10\" class=\"tab \"  itemprop=\"headline\" >\u00c7mimoret<\/div>\n<div id=\"tab-id-10-content\" class=\"tab_content \" aria-hidden=\"true\">\n<div class=\"tab_inner_content invers-color\"  itemprop=\"text\" >\n<p><iframe src=\"https:\/\/drive.google.com\/embeddedfolderview?id=1lQVKYQLQs-v0995wq6hkxmkbmOU9LAKb#list\" width=\"100%\" height=\"400px\" frameborder=\"0\" scrolling=\"auto\"><\/iframe><\/p>\n\n<\/div>\n<\/div>\n<\/section>\n\n<section class=\"av_tab_section\"  itemscope=\"itemscope\" itemtype=\"https:\/\/schema.org\/CreativeWork\" ><div aria-controls=\"tab-id-11-content\" role=\"tab\" tabindex=\"0\" data-fake-id=\"#tab-id-11\" class=\"tab \"  itemprop=\"headline\" >Udh\u00ebzime<\/div>\n<div id=\"tab-id-11-content\" class=\"tab_content \" aria-hidden=\"true\">\n<div class=\"tab_inner_content invers-color\"  itemprop=\"text\" >\n<p><iframe src=\"https:\/\/drive.google.com\/embeddedfolderview?id=1IQ1dJlXXI4H5Ouxs1prSGbmP368cK98J#list\" frameborder=\"0\" width=\"100%\" height=\"400px\" scrolling=\"auto\"> <\/iframe><\/p>\n\n<\/div>\n<\/div>\n<\/section>\n\n<section class=\"av_tab_section\"  itemscope=\"itemscope\" itemtype=\"https:\/\/schema.org\/CreativeWork\" ><div aria-controls=\"tab-id-12-content\" role=\"tab\" tabindex=\"0\" data-fake-id=\"#tab-id-12\" class=\"tab \"  itemprop=\"headline\" >Kalendari i afateve<\/div>\n<div id=\"tab-id-12-content\" class=\"tab_content \" aria-hidden=\"true\">\n<div class=\"tab_inner_content invers-color\"  itemprop=\"text\" >\n<ul>\n<li><a href=\"https:\/\/drive.google.com\/file\/d\/1uVuAUzf-7ED4I-zTR9RLqPasDWzI0X91\/view\">Kalendari i afateve per zgjedhjet presidenciale dhe zgjedhjet e parakoh\u00ebshme p\u00ebr kryetar t\u00eb komunave Oh\u00ebr Novo Sell\u00eb dhe Dib\u00ebr 21.04.2019<\/a><\/li>\n<\/ul>\n\n<\/div>\n<\/div>\n<\/section>\n\n<section class=\"av_tab_section\"  itemscope=\"itemscope\" itemtype=\"https:\/\/schema.org\/CreativeWork\" ><div aria-controls=\"tab-id-13-content\" role=\"tab\" tabindex=\"0\" data-fake-id=\"#tab-id-13\" class=\"tab \"  itemprop=\"headline\" >Aktvendim<\/div>\n<div id=\"tab-id-13-content\" class=\"tab_content \" aria-hidden=\"true\">\n<div class=\"tab_inner_content invers-color\"  itemprop=\"text\" >\n<ul>\n<li><a href=\"https:\/\/drive.google.com\/open?id=1WHSuEttgccx_oUv_HurGIBDsiWaktzyq\">Vendim per shpalljen e zgjedhjes se Presidentit te Republikes se Maqedonis\u00eb s\u00eb Veriut<\/a><\/li>\n<\/ul>\n\n<\/div>\n<\/div>\n<\/section>\n\n<\/div><\/div>\n<\/div><\/div><\/div><div id=\"av-tab-section-1-2\" data-av-tab-section-content=\"2\" class=\"av-layout-tab av-animation-delay-container   avia-builder-el-6  el_after_av_tab_sub_section  el_before_av_tab_sub_section   \" style='vertical-align:top; '  data-tab-section-id=\"kkz\"><div class='av-layout-tab-inner'><div class='container'><p><div class=\"flex_column av_one_full  flex_column_div av-zero-column-padding first  avia-builder-el-7  el_before_av_hr  avia-builder-el-first  \" style='border-radius:0px; '><div  class=\"tabcontainer   sidebar_tab sidebar_tab_left border_tabs  avia-builder-el-8  avia-builder-el-no-sibling  tabs-elections-custom\" role=\"tablist\">\n\n<section class=\"av_tab_section\"  itemscope=\"itemscope\" itemtype=\"https:\/\/schema.org\/CreativeWork\" ><div aria-controls=\"tab-id-14-content\" role=\"tab\" tabindex=\"0\" data-fake-id=\"#tab-id-14\" class=\"tab active_tab\"  itemprop=\"headline\" >DORACAK<\/div>\n<div id=\"tab-id-14-content\" class=\"tab_content active_tab_content\" aria-hidden=\"false\">\n<div class=\"tab_inner_content invers-color\"  itemprop=\"text\" >\n<ul>\n<li><a href=\"https:\/\/old1.sec.mk\/doracak-per-plotesim-te-formulareve-2\/?lang=sq\" target=\"_blank\" rel=\"noopener noreferrer\">Doracak p\u00ebr plot\u00ebsim t\u00eb formular\u00ebve<\/a><\/li>\n<\/ul>\n\n<\/div>\n<\/div>\n<\/section>\n\n<section class=\"av_tab_section\"  itemscope=\"itemscope\" itemtype=\"https:\/\/schema.org\/CreativeWork\" ><div aria-controls=\"tab-id-15-content\" role=\"tab\" tabindex=\"0\" data-fake-id=\"#tab-id-15\" class=\"tab \"  itemprop=\"headline\" >ADRESAT DHE KONTAKTET<\/div>\n<div id=\"tab-id-15-content\" class=\"tab_content \" aria-hidden=\"true\">\n<div class=\"tab_inner_content invers-color\"  itemprop=\"text\" >\n<p><iframe src=\"https:\/\/drive.google.com\/embeddedfolderview?id=1qlCIHg-_dfZ26Z0YnvLQ5ZRMQsnyLBJT#list\" frameborder=\"0\" width=\"100%\" height=\"200px\" scrolling=\"auto\"> <\/iframe><\/p>\n\n<\/div>\n<\/div>\n<\/section>\n\n<\/div><\/div><div  style='height:200px' class='hr hr-invisible   avia-builder-el-9  el_after_av_one_full  avia-builder-el-last '><span class='hr-inner ' ><span class='hr-inner-style'><\/span><\/span><\/div><\/p>\n<\/div><\/div><\/div><div id=\"av-tab-section-1-3\" data-av-tab-section-content=\"3\" class=\"av-layout-tab av-animation-delay-container   avia-builder-el-10  el_after_av_tab_sub_section  avia-builder-el-last   \" style='vertical-align:top; '  data-tab-section-id=\"mediat\"><div class='av-layout-tab-inner'><div class='container'><p><div class=\"flex_column av_one_full  flex_column_div av-zero-column-padding first  avia-builder-el-11  el_before_av_hr  avia-builder-el-first  \" style='border-radius:0px; '><div  class=\"tabcontainer   sidebar_tab sidebar_tab_left border_tabs  avia-builder-el-12  avia-builder-el-no-sibling  tabs-elections-custom\" role=\"tablist\">\n\n<section class=\"av_tab_section\"  itemscope=\"itemscope\" itemtype=\"https:\/\/schema.org\/CreativeWork\" ><div aria-controls=\"tab-id-16-content\" role=\"tab\" tabindex=\"0\" data-fake-id=\"#tab-id-16\" class=\"tab active_tab\"  itemprop=\"headline\" >SHPALLJE<\/div>\n<div id=\"tab-id-16-content\" class=\"tab_content active_tab_content\" aria-hidden=\"false\">\n<div class=\"tab_inner_content invers-color\"  itemprop=\"text\" >\n<ul>\n<li><a href=\"https:\/\/drive.google.com\/open?id=1vUyU1y3iHymPGOI8-UFkSLmAiKnI2cii\">Njoftim per mediat (08.02.2019)<\/a><\/li>\n<\/ul>\n\n<\/div>\n<\/div>\n<\/section>\n\n<section class=\"av_tab_section\"  itemscope=\"itemscope\" itemtype=\"https:\/\/schema.org\/CreativeWork\" ><div aria-controls=\"tab-id-17-content\" role=\"tab\" tabindex=\"0\" data-fake-id=\"#tab-id-17\" class=\"tab \"  itemprop=\"headline\" >\u00c7MIMORE<\/div>\n<div id=\"tab-id-17-content\" class=\"tab_content \" aria-hidden=\"true\">\n<div class=\"tab_inner_content invers-color\"  itemprop=\"text\" >\n<p><iframe src=\"https:\/\/drive.google.com\/embeddedfolderview?id=1lQVKYQLQs-v0995wq6hkxmkbmOU9LAKb#list\" frameborder=\"0\" width=\"100%\" height=\"300px\" scrolling=\"auto\"> <\/iframe><\/p>\n\n<\/div>\n<\/div>\n<\/section>\n\n<section class=\"av_tab_section\"  itemscope=\"itemscope\" itemtype=\"https:\/\/schema.org\/CreativeWork\" ><div aria-controls=\"tab-id-18-content\" role=\"tab\" tabindex=\"0\" data-fake-id=\"#tab-id-18\" class=\"tab \"  itemprop=\"headline\" >INTERNET PORTALET<\/div>\n<div id=\"tab-id-18-content\" class=\"tab_content \" aria-hidden=\"true\">\n<div class=\"tab_inner_content invers-color\"  itemprop=\"text\" >\n<p><iframe src=\"https:\/\/drive.google.com\/embeddedfolderview?id=1oQ4minC-TReJ8RbaLJAhikTz_VMgCEIZ#list\" frameborder=\"0\" width=\"100%\" height=\"300px\" scrolling=\"auto\"> <\/iframe><\/p>\n\n<\/div>\n<\/div>\n<\/section>\n\n<\/div><\/div><div  style='height:200px' class='hr hr-invisible   avia-builder-el-13  el_after_av_one_full  avia-builder-el-last '><span class='hr-inner ' ><span class='hr-inner-style'><\/span><\/span><\/div><\/p>\n<\/div><\/div><\/div><\/div><\/div><\/div><\/p>\n","protected":false},"excerpt":{"rendered":"","protected":false},"author":7,"featured_media":0,"parent":0,"menu_order":0,"comment_status":"closed","ping_status":"closed","template":"","meta":{"footnotes":""},"class_list":["post-16857","page","type-page","status-publish","hentry"],"yoast_head":"<!-- This site is optimized with the Yoast SEO plugin v26.2 - https:\/\/yoast.com\/wordpress\/plugins\/seo\/ -->\n<title>Zgjedhjet Presidenciale 21.04.2019 - Komisioni Shtet\u00ebror i Zgjedhjeve<\/title>\n<meta name=\"robots\" content=\"index, follow, max-snippet:-1, max-image-preview:large, max-video-preview:-1\" \/>\n<link rel=\"canonical\" href=\"https:\/\/www.sec.mk\/sq\/zgjedhjet-presidenciale-21-04-2019\/\" \/>\n<meta property=\"og:locale\" content=\"sq_AL\" \/>\n<meta property=\"og:type\" content=\"article\" \/>\n<meta property=\"og:title\" content=\"Zgjedhjet Presidenciale 21.04.2019 - Komisioni Shtet\u00ebror i Zgjedhjeve\" \/>\n<meta property=\"og:url\" content=\"https:\/\/www.sec.mk\/sq\/zgjedhjet-presidenciale-21-04-2019\/\" \/>\n<meta property=\"og:site_name\" content=\"Komisioni Shtet\u00ebror i Zgjedhjeve\" \/>\n<meta property=\"article:modified_time\" content=\"2021-08-24T10:51:10+00:00\" \/>\n<meta name=\"twitter:card\" content=\"summary_large_image\" \/>\n<meta name=\"twitter:label1\" content=\"Est. reading time\" \/>\n\t<meta name=\"twitter:data1\" content=\"9 minuta\" \/>\n<script type=\"application\/ld+json\" class=\"yoast-schema-graph\">{\"@context\":\"https:\/\/schema.org\",\"@graph\":[{\"@type\":\"WebPage\",\"@id\":\"https:\/\/www.sec.mk\/sq\/zgjedhjet-presidenciale-21-04-2019\/\",\"url\":\"https:\/\/www.sec.mk\/sq\/zgjedhjet-presidenciale-21-04-2019\/\",\"name\":\"Zgjedhjet Presidenciale 21.04.2019 - Komisioni Shtet\u00ebror i Zgjedhjeve\",\"isPartOf\":{\"@id\":\"https:\/\/www.sec.mk\/#website\"},\"datePublished\":\"2019-04-10T22:05:31+00:00\",\"dateModified\":\"2021-08-24T10:51:10+00:00\",\"breadcrumb\":{\"@id\":\"https:\/\/www.sec.mk\/sq\/zgjedhjet-presidenciale-21-04-2019\/#breadcrumb\"},\"inLanguage\":\"sq\",\"potentialAction\":[{\"@type\":\"ReadAction\",\"target\":[\"https:\/\/www.sec.mk\/sq\/zgjedhjet-presidenciale-21-04-2019\/\"]}]},{\"@type\":\"BreadcrumbList\",\"@id\":\"https:\/\/www.sec.mk\/sq\/zgjedhjet-presidenciale-21-04-2019\/#breadcrumb\",\"itemListElement\":[{\"@type\":\"ListItem\",\"position\":1,\"name\":\"Home\",\"item\":\"https:\/\/www.sec.mk\/sq\/home-alb\/\"},{\"@type\":\"ListItem\",\"position\":2,\"name\":\"Zgjedhjet Presidenciale 21.04.2019\"}]},{\"@type\":\"WebSite\",\"@id\":\"https:\/\/www.sec.mk\/#website\",\"url\":\"https:\/\/www.sec.mk\/\",\"name\":\"Komisioni Shtet\u00ebror i Zgjedhjeve\",\"description\":\"\",\"potentialAction\":[{\"@type\":\"SearchAction\",\"target\":{\"@type\":\"EntryPoint\",\"urlTemplate\":\"https:\/\/www.sec.mk\/?s={search_term_string}\"},\"query-input\":{\"@type\":\"PropertyValueSpecification\",\"valueRequired\":true,\"valueName\":\"search_term_string\"}}],\"inLanguage\":\"sq\"}]}<\/script>\n<!-- \/ Yoast SEO plugin. -->","yoast_head_json":{"title":"Zgjedhjet Presidenciale 21.04.2019 - Komisioni Shtet\u00ebror i Zgjedhjeve","robots":{"index":"index","follow":"follow","max-snippet":"max-snippet:-1","max-image-preview":"max-image-preview:large","max-video-preview":"max-video-preview:-1"},"canonical":"https:\/\/www.sec.mk\/sq\/zgjedhjet-presidenciale-21-04-2019\/","og_locale":"sq_AL","og_type":"article","og_title":"Zgjedhjet Presidenciale 21.04.2019 - Komisioni Shtet\u00ebror i Zgjedhjeve","og_url":"https:\/\/www.sec.mk\/sq\/zgjedhjet-presidenciale-21-04-2019\/","og_site_name":"Komisioni Shtet\u00ebror i Zgjedhjeve","article_modified_time":"2021-08-24T10:51:10+00:00","twitter_card":"summary_large_image","twitter_misc":{"Est. reading time":"9 minuta"},"schema":{"@context":"https:\/\/schema.org","@graph":[{"@type":"WebPage","@id":"https:\/\/www.sec.mk\/sq\/zgjedhjet-presidenciale-21-04-2019\/","url":"https:\/\/www.sec.mk\/sq\/zgjedhjet-presidenciale-21-04-2019\/","name":"Zgjedhjet Presidenciale 21.04.2019 - Komisioni Shtet\u00ebror i Zgjedhjeve","isPartOf":{"@id":"https:\/\/www.sec.mk\/#website"},"datePublished":"2019-04-10T22:05:31+00:00","dateModified":"2021-08-24T10:51:10+00:00","breadcrumb":{"@id":"https:\/\/www.sec.mk\/sq\/zgjedhjet-presidenciale-21-04-2019\/#breadcrumb"},"inLanguage":"sq","potentialAction":[{"@type":"ReadAction","target":["https:\/\/www.sec.mk\/sq\/zgjedhjet-presidenciale-21-04-2019\/"]}]},{"@type":"BreadcrumbList","@id":"https:\/\/www.sec.mk\/sq\/zgjedhjet-presidenciale-21-04-2019\/#breadcrumb","itemListElement":[{"@type":"ListItem","position":1,"name":"Home","item":"https:\/\/www.sec.mk\/sq\/home-alb\/"},{"@type":"ListItem","position":2,"name":"Zgjedhjet Presidenciale 21.04.2019"}]},{"@type":"WebSite","@id":"https:\/\/www.sec.mk\/#website","url":"https:\/\/www.sec.mk\/","name":"Komisioni Shtet\u00ebror i Zgjedhjeve","description":"","potentialAction":[{"@type":"SearchAction","target":{"@type":"EntryPoint","urlTemplate":"https:\/\/www.sec.mk\/?s={search_term_string}"},"query-input":{"@type":"PropertyValueSpecification","valueRequired":true,"valueName":"search_term_string"}}],"inLanguage":"sq"}]}},"_links":{"self":[{"href":"https:\/\/www.sec.mk\/sq\/wp-json\/wp\/v2\/pages\/16857","targetHints":{"allow":["GET"]}}],"collection":[{"href":"https:\/\/www.sec.mk\/sq\/wp-json\/wp\/v2\/pages"}],"about":[{"href":"https:\/\/www.sec.mk\/sq\/wp-json\/wp\/v2\/types\/page"}],"author":[{"embeddable":true,"href":"https:\/\/www.sec.mk\/sq\/wp-json\/wp\/v2\/users\/7"}],"replies":[{"embeddable":true,"href":"https:\/\/www.sec.mk\/sq\/wp-json\/wp\/v2\/comments?post=16857"}],"version-history":[{"count":16,"href":"https:\/\/www.sec.mk\/sq\/wp-json\/wp\/v2\/pages\/16857\/revisions"}],"predecessor-version":[{"id":37302,"href":"https:\/\/www.sec.mk\/sq\/wp-json\/wp\/v2\/pages\/16857\/revisions\/37302"}],"wp:attachment":[{"href":"https:\/\/www.sec.mk\/sq\/wp-json\/wp\/v2\/media?parent=16857"}],"curies":[{"name":"wp","href":"https:\/\/api.w.org\/{rel}","templated":true}]}}