{"id":18751,"date":"2017-04-18T12:51:01","date_gmt":"2017-04-18T10:51:01","guid":{"rendered":"http:\/\/www.sec.mk\/zgjedhjet-arkivi\/"},"modified":"2026-01-21T09:19:17","modified_gmt":"2026-01-21T08:19:17","slug":"zgjedhjet-arkivi","status":"publish","type":"page","link":"https:\/\/www.sec.mk\/sq\/zgjedhjet-arkivi\/","title":{"rendered":"Zgjedhjet &#8211; Arkivi"},"content":{"rendered":"<div id='av_section_1'  class='avia-section main_color avia-section-default avia-no-border-styling  avia-bg-style-scroll  avia-builder-el-0  avia-builder-el-no-sibling   container_wrap fullsize' style=' '  ><div class='container' ><main  role=\"main\" itemprop=\"mainContentOfPage\"  class='template-page content  av-content-full alpha units'><div class='post-entry post-entry-type-page post-entry-18751'><div class='entry-content-wrapper clearfix'>\n<div class=\"flex_column av_one_full  flex_column_div av-zero-column-padding first  avia-builder-el-1  el_before_av_hr  avia-builder-el-first  \" style='border-radius:0px; '><p><div  style='padding-bottom:30px; ' class='av-special-heading av-special-heading-h1  blockquote elegant-quote elegant-centered  avia-builder-el-2  el_before_av_tab_container  avia-builder-el-first  '><h1 class='av-special-heading-tag '  itemprop=\"headline\"  ><span class=\"heading-wrap\">ZGJEDHJET &#8211; ARKIVI<\/span><\/h1><div class='special-heading-border'><div class='special-heading-inner-border' ><\/div><\/div><\/div><br \/>\n<div  class=\"tabcontainer   sidebar_tab sidebar_tab_left border_tabs  avia-builder-el-3  el_after_av_heading  avia-builder-el-last \" role=\"tablist\">\n\n<section class=\"av_tab_section\"  itemscope=\"itemscope\" itemtype=\"https:\/\/schema.org\/CreativeWork\" ><div aria-controls=\"tab-id-1-content\" role=\"tab\" tabindex=\"0\" data-fake-id=\"#tab-id-1\" class=\"tab active_tab\"  itemprop=\"headline\" >Zgjedhjet 2026<\/div>\n<div id=\"tab-id-1-content\" class=\"tab_content active_tab_content\" aria-hidden=\"false\">\n<div class=\"tab_inner_content invers-color\"  itemprop=\"text\" >\n<p><a href=\"https:\/\/www.sec.mk\/sq\/zgjedhjet-lokale-te-perseritura-11-01-2025\/\">Zgjedhjet Lokale t\u00eb p\u00ebrs\u00ebritura 11.01.2026<\/a><\/p>\n\n<\/div>\n<\/div>\n<\/section>\n\n<section class=\"av_tab_section\"  itemscope=\"itemscope\" itemtype=\"https:\/\/schema.org\/CreativeWork\" ><div aria-controls=\"tab-id-2-content\" role=\"tab\" tabindex=\"0\" data-fake-id=\"#tab-id-2\" class=\"tab \"  itemprop=\"headline\" >Zgjedhjet 2025<\/div>\n<div id=\"tab-id-2-content\" class=\"tab_content \" aria-hidden=\"true\">\n<div class=\"tab_inner_content invers-color\"  itemprop=\"text\" >\n<p><a href=\"https:\/\/www.sec.mk\/sq\/zgjedhjet-lokale-2025\/?preview_id=44503&amp;preview_nonce=4aa28ae102&amp;preview=true\">Zgjedhjet lokale 19.10.2025<\/a><\/p>\n\n<\/div>\n<\/div>\n<\/section>\n\n<section class=\"av_tab_section\"  itemscope=\"itemscope\" itemtype=\"https:\/\/schema.org\/CreativeWork\" ><div aria-controls=\"tab-id-3-content\" role=\"tab\" tabindex=\"0\" data-fake-id=\"#tab-id-3\" class=\"tab \"  itemprop=\"headline\" >Zgjedhjet 2024<\/div>\n<div id=\"tab-id-3-content\" class=\"tab_content \" aria-hidden=\"true\">\n<div class=\"tab_inner_content invers-color\"  itemprop=\"text\" >\n<p><a href=\"https:\/\/www.sec.mk\/sq\/zgjedhjet-2024\/\">Zgjedhjet presidenciale 24.04.2024<\/a><\/p>\n<p><a href=\"https:\/\/www.sec.mk\/sq\/zgjedhjet-2024-2\/\" rel=\"noopener noreferrer\">Zgjedhjet parlamentare 08.05.2024<br \/>\n<\/a><\/p>\n\n<\/div>\n<\/div>\n<\/section>\n\n<section class=\"av_tab_section\"  itemscope=\"itemscope\" itemtype=\"https:\/\/schema.org\/CreativeWork\" ><div aria-controls=\"tab-id-4-content\" role=\"tab\" tabindex=\"0\" data-fake-id=\"#tab-id-4\" class=\"tab \"  itemprop=\"headline\" >Zgjedhjet 2022<\/div>\n<div id=\"tab-id-4-content\" class=\"tab_content \" aria-hidden=\"true\">\n<div class=\"tab_inner_content invers-color\"  itemprop=\"text\" >\n<p><a href=\"https:\/\/www.sec.mk\/sq\/zgjedhjet-17-04-2022\/\" target=\"_blank\" rel=\"noopener noreferrer\">Zgjedhje p\u00ebr kryetar\u00eb t\u00eb komun\u00ebs s\u00eb Mavrov\u00ebs dhe Rostush\u00ebs, Qend\u00ebr Zhup\u00ebs dhe k\u00ebshillit komunal t\u00eb Tetov\u00ebs 20.08.2022<\/a><\/p>\n<p><a href=\"https:\/\/www.sec.mk\/sq\/zgjedhjet-2022\/\" target=\"_blank\" rel=\"noopener noreferrer\">Zgjedhje p\u00ebr kryetar\u00eb t\u00eb komun\u00ebs s\u00eb Mavrov\u00ebs dhe Rostush\u00ebs dhe Qend\u00ebr Zhup\u00ebs 17.04.2022<\/a><\/p>\n\n<\/div>\n<\/div>\n<\/section>\n\n<section class=\"av_tab_section\"  itemscope=\"itemscope\" itemtype=\"https:\/\/schema.org\/CreativeWork\" ><div aria-controls=\"tab-id-5-content\" role=\"tab\" tabindex=\"0\" data-fake-id=\"#tab-id-5\" class=\"tab \"  itemprop=\"headline\" >Zgjedhjet 2021<\/div>\n<div id=\"tab-id-5-content\" class=\"tab_content \" aria-hidden=\"true\">\n<div class=\"tab_inner_content invers-color\"  itemprop=\"text\" >\n<p><a href=\"https:\/\/www.sec.mk\/sq\/izbori-2021\/\" target=\"_blank\" rel=\"noopener noreferrer\">Zgjedhjet lokale 17.10.2021<\/a><\/p>\n\n<\/div>\n<\/div>\n<\/section>\n\n<section class=\"av_tab_section\"  itemscope=\"itemscope\" itemtype=\"https:\/\/schema.org\/CreativeWork\" ><div aria-controls=\"tab-id-6-content\" role=\"tab\" tabindex=\"0\" data-fake-id=\"#tab-id-6\" class=\"tab \"  itemprop=\"headline\" >Zgjedhjet 2020<\/div>\n<div id=\"tab-id-6-content\" class=\"tab_content \" aria-hidden=\"true\">\n<div class=\"tab_inner_content invers-color\"  itemprop=\"text\" >\n<p><a href=\"https:\/\/www.sec.mk\/sq\/zgjedhjet-lokale-13-12-2020\/\" target=\"_blank\" rel=\"noopener noreferrer\">Zgjedhjet e parakohshme p\u00ebr kryetar komune n\u00eb komun\u00ebn e Shtipit dhe n\u00eb komun\u00ebn e Plasnic\u00ebs 13.12.2020<\/a><\/p>\n<p><a href=\"https:\/\/www.sec.mk\/sq\/zgjedhjet-parlamentare-2020\/\" target=\"_blank\" rel=\"noopener noreferrer\">Zgjedhjet e parakohshme p\u00ebr deputet\u00eb 15.07.2020<\/a><\/p>\n\n<\/div>\n<\/div>\n<\/section>\n\n<section class=\"av_tab_section\"  itemscope=\"itemscope\" itemtype=\"https:\/\/schema.org\/CreativeWork\" ><div aria-controls=\"tab-id-7-content\" role=\"tab\" tabindex=\"0\" data-fake-id=\"#tab-id-7\" class=\"tab \"  itemprop=\"headline\" >Zgjedhjet 2019<\/div>\n<div id=\"tab-id-7-content\" class=\"tab_content \" aria-hidden=\"true\">\n<div class=\"tab_inner_content invers-color\"  itemprop=\"text\" >\n<p><a href=\"https:\/\/www.sec.mk\/sq\/zgjedhjet-presidenciale-21-04-2019\/\" target=\"_blank\" rel=\"noopener noreferrer\">Zgjedhjet Presidenciale 21.04.2019<\/a><\/p>\n<p><a href=\"https:\/\/www.sec.mk\/sq\/zgjedhjet-e-parakohshme-per-kryetare-te-komunave-te-ohrit-novo-selles-dhe-dibres-21-04-2019\/\" target=\"_blank\" rel=\"noopener noreferrer\">Zgjedhjet e parakohshme p\u00ebr kryetar\u00eb t\u00eb komunave t\u00eb Ohrit, Novo Sell\u00ebs dhe Dibr\u00ebs 21.04.2019<\/a><\/p>\n\n<\/div>\n<\/div>\n<\/section>\n\n<section class=\"av_tab_section\"  itemscope=\"itemscope\" itemtype=\"https:\/\/schema.org\/CreativeWork\" ><div aria-controls=\"tab-id-8-content\" role=\"tab\" tabindex=\"0\" data-fake-id=\"#tab-id-8\" class=\"tab \"  itemprop=\"headline\" >Zgjedhjet 2017<\/div>\n<div id=\"tab-id-8-content\" class=\"tab_content \" aria-hidden=\"true\">\n<div class=\"tab_inner_content invers-color\"  itemprop=\"text\" >\n<p><a href=\"https:\/\/www.sec.mk\/sq\/zgjedhet-lokale-2017\/\" target=\"_blank\" rel=\"noopener noreferrer\">Zgjedhjet lokale 15.10.2017<\/a><\/p>\n\n<\/div>\n<\/div>\n<\/section>\n\n<section class=\"av_tab_section\"  itemscope=\"itemscope\" itemtype=\"https:\/\/schema.org\/CreativeWork\" ><div aria-controls=\"tab-id-9-content\" role=\"tab\" tabindex=\"0\" data-fake-id=\"#tab-id-9\" class=\"tab \"  itemprop=\"headline\" >Zgjedhjet 2016<\/div>\n<div id=\"tab-id-9-content\" class=\"tab_content \" aria-hidden=\"true\">\n<div class=\"tab_inner_content invers-color\"  itemprop=\"text\" >\n<p><a href=\"https:\/\/www.sec.mk\/sq\/zgjeshjet-e-parakohsheme-per-deputete\/\" target=\"_blank\" rel=\"noopener noreferrer\">Zgjedhjet e parakohshme p\u00ebr deputet\u00eb 11.12.2016<\/a><\/p>\n\n<\/div>\n<\/div>\n<\/section>\n\n<section class=\"av_tab_section\"  itemscope=\"itemscope\" itemtype=\"https:\/\/schema.org\/CreativeWork\" ><div aria-controls=\"tab-id-10-content\" role=\"tab\" tabindex=\"0\" data-fake-id=\"#tab-id-10\" class=\"tab \"  itemprop=\"headline\" >Zgjedhjet 2015<\/div>\n<div id=\"tab-id-10-content\" class=\"tab_content \" aria-hidden=\"true\">\n<div class=\"tab_inner_content invers-color\"  itemprop=\"text\" >\n<p><a href=\"https:\/\/www.sec.mk\/referendum-na-lokalno-nivo-opshtina-centar-skopje\/\" target=\"_blank\" rel=\"noopener noreferrer\">Referendumi n\u00eb nivel lokal-Komuna Qend\u00ebr, Shkup<\/a><\/p>\n\n<\/div>\n<\/div>\n<\/section>\n\n<\/div>\n<\/p><\/div><div  style='height:50px' class='hr hr-invisible   avia-builder-el-4  el_after_av_one_full  avia-builder-el-last '><span class='hr-inner ' ><span class='hr-inner-style'><\/span><\/span><\/div>\n\n","protected":false},"excerpt":{"rendered":"","protected":false},"author":3,"featured_media":0,"parent":0,"menu_order":0,"comment_status":"closed","ping_status":"closed","template":"","meta":{"footnotes":""},"class_list":["post-18751","page","type-page","status-publish","hentry"],"yoast_head":"<!-- This site is optimized with the Yoast SEO plugin v26.2 - https:\/\/yoast.com\/wordpress\/plugins\/seo\/ -->\n<title>Zgjedhjet - Arkivi - Komisioni Shtet\u00ebror i Zgjedhjeve<\/title>\n<meta name=\"robots\" content=\"index, follow, max-snippet:-1, max-image-preview:large, max-video-preview:-1\" \/>\n<link rel=\"canonical\" href=\"https:\/\/www.sec.mk\/sq\/zgjedhjet-arkivi\/\" \/>\n<meta property=\"og:locale\" content=\"sq_AL\" \/>\n<meta property=\"og:type\" content=\"article\" \/>\n<meta property=\"og:title\" content=\"Zgjedhjet - Arkivi - Komisioni Shtet\u00ebror i Zgjedhjeve\" \/>\n<meta property=\"og:url\" content=\"https:\/\/www.sec.mk\/sq\/zgjedhjet-arkivi\/\" \/>\n<meta property=\"og:site_name\" content=\"Komisioni Shtet\u00ebror i Zgjedhjeve\" \/>\n<meta property=\"article:modified_time\" content=\"2026-01-21T08:19:17+00:00\" \/>\n<meta name=\"twitter:card\" content=\"summary_large_image\" \/>\n<meta name=\"twitter:label1\" content=\"Est. reading time\" \/>\n\t<meta name=\"twitter:data1\" content=\"2 minuta\" \/>\n<script type=\"application\/ld+json\" class=\"yoast-schema-graph\">{\"@context\":\"https:\/\/schema.org\",\"@graph\":[{\"@type\":\"WebPage\",\"@id\":\"https:\/\/www.sec.mk\/sq\/zgjedhjet-arkivi\/\",\"url\":\"https:\/\/www.sec.mk\/sq\/zgjedhjet-arkivi\/\",\"name\":\"Zgjedhjet - Arkivi - Komisioni Shtet\u00ebror i Zgjedhjeve\",\"isPartOf\":{\"@id\":\"https:\/\/www.sec.mk\/#website\"},\"datePublished\":\"2017-04-18T10:51:01+00:00\",\"dateModified\":\"2026-01-21T08:19:17+00:00\",\"breadcrumb\":{\"@id\":\"https:\/\/www.sec.mk\/sq\/zgjedhjet-arkivi\/#breadcrumb\"},\"inLanguage\":\"sq\",\"potentialAction\":[{\"@type\":\"ReadAction\",\"target\":[\"https:\/\/www.sec.mk\/sq\/zgjedhjet-arkivi\/\"]}]},{\"@type\":\"BreadcrumbList\",\"@id\":\"https:\/\/www.sec.mk\/sq\/zgjedhjet-arkivi\/#breadcrumb\",\"itemListElement\":[{\"@type\":\"ListItem\",\"position\":1,\"name\":\"Home\",\"item\":\"https:\/\/www.sec.mk\/sq\/home-alb\/\"},{\"@type\":\"ListItem\",\"position\":2,\"name\":\"Zgjedhjet &#8211; Arkivi\"}]},{\"@type\":\"WebSite\",\"@id\":\"https:\/\/www.sec.mk\/#website\",\"url\":\"https:\/\/www.sec.mk\/\",\"name\":\"Komisioni Shtet\u00ebror i Zgjedhjeve\",\"description\":\"\",\"potentialAction\":[{\"@type\":\"SearchAction\",\"target\":{\"@type\":\"EntryPoint\",\"urlTemplate\":\"https:\/\/www.sec.mk\/?s={search_term_string}\"},\"query-input\":{\"@type\":\"PropertyValueSpecification\",\"valueRequired\":true,\"valueName\":\"search_term_string\"}}],\"inLanguage\":\"sq\"}]}<\/script>\n<!-- \/ Yoast SEO plugin. -->","yoast_head_json":{"title":"Zgjedhjet - Arkivi - Komisioni Shtet\u00ebror i Zgjedhjeve","robots":{"index":"index","follow":"follow","max-snippet":"max-snippet:-1","max-image-preview":"max-image-preview:large","max-video-preview":"max-video-preview:-1"},"canonical":"https:\/\/www.sec.mk\/sq\/zgjedhjet-arkivi\/","og_locale":"sq_AL","og_type":"article","og_title":"Zgjedhjet - Arkivi - Komisioni Shtet\u00ebror i Zgjedhjeve","og_url":"https:\/\/www.sec.mk\/sq\/zgjedhjet-arkivi\/","og_site_name":"Komisioni Shtet\u00ebror i Zgjedhjeve","article_modified_time":"2026-01-21T08:19:17+00:00","twitter_card":"summary_large_image","twitter_misc":{"Est. reading time":"2 minuta"},"schema":{"@context":"https:\/\/schema.org","@graph":[{"@type":"WebPage","@id":"https:\/\/www.sec.mk\/sq\/zgjedhjet-arkivi\/","url":"https:\/\/www.sec.mk\/sq\/zgjedhjet-arkivi\/","name":"Zgjedhjet - Arkivi - Komisioni Shtet\u00ebror i Zgjedhjeve","isPartOf":{"@id":"https:\/\/www.sec.mk\/#website"},"datePublished":"2017-04-18T10:51:01+00:00","dateModified":"2026-01-21T08:19:17+00:00","breadcrumb":{"@id":"https:\/\/www.sec.mk\/sq\/zgjedhjet-arkivi\/#breadcrumb"},"inLanguage":"sq","potentialAction":[{"@type":"ReadAction","target":["https:\/\/www.sec.mk\/sq\/zgjedhjet-arkivi\/"]}]},{"@type":"BreadcrumbList","@id":"https:\/\/www.sec.mk\/sq\/zgjedhjet-arkivi\/#breadcrumb","itemListElement":[{"@type":"ListItem","position":1,"name":"Home","item":"https:\/\/www.sec.mk\/sq\/home-alb\/"},{"@type":"ListItem","position":2,"name":"Zgjedhjet &#8211; Arkivi"}]},{"@type":"WebSite","@id":"https:\/\/www.sec.mk\/#website","url":"https:\/\/www.sec.mk\/","name":"Komisioni Shtet\u00ebror i Zgjedhjeve","description":"","potentialAction":[{"@type":"SearchAction","target":{"@type":"EntryPoint","urlTemplate":"https:\/\/www.sec.mk\/?s={search_term_string}"},"query-input":{"@type":"PropertyValueSpecification","valueRequired":true,"valueName":"search_term_string"}}],"inLanguage":"sq"}]}},"_links":{"self":[{"href":"https:\/\/www.sec.mk\/sq\/wp-json\/wp\/v2\/pages\/18751","targetHints":{"allow":["GET"]}}],"collection":[{"href":"https:\/\/www.sec.mk\/sq\/wp-json\/wp\/v2\/pages"}],"about":[{"href":"https:\/\/www.sec.mk\/sq\/wp-json\/wp\/v2\/types\/page"}],"author":[{"embeddable":true,"href":"https:\/\/www.sec.mk\/sq\/wp-json\/wp\/v2\/users\/3"}],"replies":[{"embeddable":true,"href":"https:\/\/www.sec.mk\/sq\/wp-json\/wp\/v2\/comments?post=18751"}],"version-history":[{"count":48,"href":"https:\/\/www.sec.mk\/sq\/wp-json\/wp\/v2\/pages\/18751\/revisions"}],"predecessor-version":[{"id":46659,"href":"https:\/\/www.sec.mk\/sq\/wp-json\/wp\/v2\/pages\/18751\/revisions\/46659"}],"wp:attachment":[{"href":"https:\/\/www.sec.mk\/sq\/wp-json\/wp\/v2\/media?parent=18751"}],"curies":[{"name":"wp","href":"https:\/\/api.w.org\/{rel}","templated":true}]}}