{"id":23640,"date":"2020-10-03T12:35:39","date_gmt":"2020-10-03T10:35:39","guid":{"rendered":"http:\/\/www.sec.mk\/zgjedhjet-lokale-13-12-2020\/"},"modified":"2021-08-24T12:10:19","modified_gmt":"2021-08-24T10:10:19","slug":"zgjedhjet-lokale-13-12-2020","status":"publish","type":"page","link":"https:\/\/www.sec.mk\/sq\/zgjedhjet-lokale-13-12-2020\/","title":{"rendered":"Zgjedhjet lokale 13.12.2020"},"content":{"rendered":"<div class=\"flex_column av_one_full  flex_column_div av-zero-column-padding first  avia-builder-el-0  el_before_av_tab_section  avia-builder-el-no-sibling  \" style='border-radius:0px; '><div  style='padding-bottom:10px; ' class='av-special-heading av-special-heading-h1  blockquote elegant-quote elegant-centered  avia-builder-el-1  avia-builder-el-no-sibling  '><h1 class='av-special-heading-tag '  itemprop=\"headline\"  ><span class=\"heading-wrap\">ZGJEDHJET E PARAKOHSHME P\u00cbR KRYETAR KOMUNE N\u00cb KOMUN\u00cbN E SHTIPIT DHE N\u00cb KOMUN\u00cbN E PLASNIC\u00cbS 13.12.2020<\/span><\/h1><div class='special-heading-border'><div class='special-heading-inner-border' ><\/div><\/div><\/div><\/div><\/div><\/div><\/div><!-- close content main div --><\/div><\/div><div id='av-tab-section-1'  class='av-tab-section-container entry-content-wrapper main_color av-tab-slide-transition av-tab-content-auto  av-tab-above-content  avia-builder-el-2  el_after_av_one_full  avia-builder-el-last  tab-custom-font submenu-not-first container_wrap fullsize' style=' '  ><div class='av-tab-section-outer-container'><div class='av-tab-section-tab-title-container avia-tab-title-padding-default ' style='background-color:#f2f2f2; ' role='tablist'><a href='#aktuale' data-av-tab-section-title='1' class='av-section-tab-title av-active-tab-title no-scroll av-tab-with-icon av-tab-no-image  ' role='tab' tabindex='0' aria-controls='av-tab-section-1-1'><span class='av-tab-section-icon' aria-hidden='true' data-av_icon='\uf10b' data-av_iconfont='flaticon'><\/span><span class='av-outer-tab-title'><span class='av-inner-tab-title'>AKTUALE<\/span><\/span><span class='av-tab-arrow-container'><span><\/span><\/span><\/a><a href='#kkz' data-av-tab-section-title='2' class='av-section-tab-title  av-tab-with-icon av-tab-no-image  ' role='tab' tabindex='0' aria-controls='av-tab-section-1-2'><span class='av-tab-section-icon' aria-hidden='true' data-av_icon='\uf114' data-av_iconfont='flaticon'><\/span><span class='av-outer-tab-title'><span class='av-inner-tab-title'>KKZ<\/span><\/span><span class='av-tab-arrow-container'><span><\/span><\/span><\/a><a href='#mediat' data-av-tab-section-title='3' class='av-section-tab-title  av-tab-with-icon av-tab-no-image  ' role='tab' tabindex='0' aria-controls='av-tab-section-1-3'><span class='av-tab-section-icon' aria-hidden='true' data-av_icon='\ue85e' data-av_iconfont='entypo-fontello'><\/span><span class='av-outer-tab-title'><span class='av-inner-tab-title'>MEDIAT<\/span><\/span><span class='av-tab-arrow-container'><span><\/span><\/span><\/a><\/div><div class='av-tab-section-inner-container avia-section-default' style='width:300vw; left:0%;'><span class='av_prev_tab_section av_tab_navigation'><\/span><span class='av_next_tab_section av_tab_navigation'><\/span>\n<div id=\"av-tab-section-1-1\" data-av-tab-section-content=\"1\" class=\"av-layout-tab av-animation-delay-container av-active-tab-content __av_init_open  avia-builder-el-3  el_before_av_tab_sub_section  avia-builder-el-first   \" style='vertical-align:top; '  data-tab-section-id=\"aktuale\"><div class='av-layout-tab-inner'><div class='container'><div class=\"flex_column av_one_full  flex_column_div av-zero-column-padding first  avia-builder-el-4  avia-builder-el-no-sibling  \" style='border-radius:0px; '><div  class=\"tabcontainer   sidebar_tab sidebar_tab_left border_tabs  avia-builder-el-5  avia-builder-el-no-sibling  tabs-elections-custom\" role=\"tablist\">\n\n<section class=\"av_tab_section\"  itemscope=\"itemscope\" itemtype=\"https:\/\/schema.org\/CreativeWork\" ><div aria-controls=\"tab-id-1-content\" role=\"tab\" tabindex=\"0\" data-fake-id=\"#tab-id-1\" class=\"tab active_tab\"  itemprop=\"headline\" >Rezultatet<\/div>\n<div id=\"tab-id-1-content\" class=\"tab_content active_tab_content\" aria-hidden=\"false\">\n<div class=\"tab_inner_content invers-color\"  itemprop=\"text\" >\n<ul>\n<li><a href=\"https:\/\/drive.google.com\/file\/d\/1eB7ulUABoaT0xPK-FjafQpilxxQIhr4w\/view?usp=sharing\" target=\"_blank\" rel=\"noreferrer noopener\" aria-label=\"Konkluzion p\u00ebr plot\u00ebsimin \u0435 Konkluzionit,nr 11-3589\/1 \u043e\u0434 17.12.2020 mbi p\u00ebrfundimin \u0435 rezultateve t\u00eb votimit n\u00eb Komun\u00ebn e Pllasnic\u00ebs n\u00eb Zgjedhjet e Parakohshme p\u00ebr Kryetar komune t\u00eb Komun\u00ebs s\u00eb Plasnic\u00ebs dhe Komun\u00ebs s\u00eb Shtipit, 13 Dhjetor 2020 (opens in a new tab)\">Konkluzion p\u00ebr plot\u00ebsimin \u0435 Konkluzionit,nr 11-3589\/1 \u043e\u0434 17.12.2020 mbi p\u00ebrfundimin \u0435 rezultateve t\u00eb votimit n\u00eb Komun\u00ebn e Pllasnic\u00ebs n\u00eb Zgjedhjet e Parakohshme p\u00ebr Kryetar komune t\u00eb Komun\u00ebs s\u00eb Plasnic\u00ebs dhe Komun\u00ebs s\u00eb Shtipit, 13 Dhjetor 2020<\/a><\/li>\n<li><a href=\"https:\/\/drive.google.com\/file\/d\/1D6izYdsTPn5PcS24jR_xTShJlJuil1YF\/view?usp=sharing\" target=\"_blank\" rel=\"noreferrer noopener\" aria-label=\"\u0417Konkluzion p\u00ebr raportimin mbi p\u00ebrfundimin e rezultateve t\u00eb votimit n\u00eb Komun\u00ebn e Shtipit n\u00eb Zgjedhjet e Parakohshme p\u00ebr Kryetar komune t\u00eb Komun\u00ebs s\u00eb Plasnic\u00ebs dhe Komun\u00ebs s\u00eb Shtipit, 13 Dhjetor 2020 (opens in a new tab)\">Konkluzion p\u00ebr raportimin mbi p\u00ebrfundimin e rezultateve t\u00eb votimit n\u00eb Komun\u00ebn e Shtipit n\u00eb Zgjedhjet e Parakohshme p\u00ebr Kryetar komune t\u00eb Komun\u00ebs s\u00eb Plasnic\u00ebs dhe Komun\u00ebs s\u00eb Shtipit, 13 Dhjetor 2020<\/a><\/li>\n<li><a href=\"https:\/\/drive.google.com\/file\/d\/17ogyGu9WcdjunM8G53dNoraHgDmGqjdX\/view?usp=sharing\" target=\"_blank\" rel=\"noreferrer noopener\">Konkluzion p\u00ebr raportimin mbi p\u00ebrfundimin e rezultateve t\u00eb votimit n\u00eb Komun\u00ebn e Pllasnic\u00ebs n\u00eb Zgjedhjet e Parakohshme p\u00ebr Kryetar komune t\u00eb Komun\u00ebs s\u00eb Plasnic\u00ebs dhe Komun\u00ebs s\u00eb Shtipit, 13 Dhjetor2020<\/a><\/li>\n<li><a href=\"https:\/\/drive.google.com\/file\/d\/1kpvA67oh9fZUcPpkbIccQ70vsNPLsMGK\/view?usp=sharing\" target=\"_blank\" rel=\"noreferrer noopener\" aria-label=\"Rezultatet fillestare nga zgjedhjet e mbajtura t\u00eb parakohshme p\u00ebr Kryetar komune n\u00eb Komun\u00ebn e Pllasnic\u00ebs dhe Komun\u00ebn e Shtipit, n\u00eb baz\u00eb t\u00eb t\u00eb dh\u00ebnave nga procesverbalet e komisioneve komunale t\u00eb zgjedhjeve (opens in a new tab)\">Rezultatet fillestare nga zgjedhjet e mbajtura t\u00eb parakohshme p\u00ebr Kryetar komune n\u00eb Komun\u00ebn e Pllasnic\u00ebs dhe Komun\u00ebn e Shtipit, n\u00eb baz\u00eb t\u00eb t\u00eb dh\u00ebnave nga procesverbalet e komisioneve komunale t\u00eb zgjedhjeve<\/a><\/li>\n<li><a href=\"http:\/\/lokalni2020.sec.mk\/\" target=\"_blank\" rel=\"noreferrer noopener\" aria-label=\"Rezultatet - Zgjedhjet e parakohshme p\u00ebr kryetar komune n\u00eb komun\u00ebn e Shtipit dhe n\u00eb komun\u00ebn e Plasnic\u00ebs 13.12.2020 (opens in a new tab)\">Rezultatet \u2013 Zgjedhjet e parakohshme p\u00ebr kryetar komune n\u00eb komun\u00ebn e Shtipit dhe n\u00eb komun\u00ebn e Plasnic\u00ebs 13.12.2020<\/a><\/li>\n<\/ul>\n\n<\/div>\n<\/div>\n<\/section>\n\n<section class=\"av_tab_section\"  itemscope=\"itemscope\" itemtype=\"https:\/\/schema.org\/CreativeWork\" ><div aria-controls=\"tab-id-2-content\" role=\"tab\" tabindex=\"0\" data-fake-id=\"#tab-id-2\" class=\"tab \"  itemprop=\"headline\" >Recomandime<\/div>\n<div id=\"tab-id-2-content\" class=\"tab_content \" aria-hidden=\"true\">\n<div class=\"tab_inner_content invers-color\"  itemprop=\"text\" >\n<ul>\n<li><a href=\"http:\/\/prigovori.sec.mk\/\" target=\"_blank\" rel=\"noreferrer noopener\">Recomandime zgjedhjet 2020<\/a><\/li>\n<\/ul>\n\n<\/div>\n<\/div>\n<\/section>\n\n<section class=\"av_tab_section\"  itemscope=\"itemscope\" itemtype=\"https:\/\/schema.org\/CreativeWork\" ><div aria-controls=\"tab-id-3-content\" role=\"tab\" tabindex=\"0\" data-fake-id=\"#tab-id-3\" class=\"tab \"  itemprop=\"headline\" >Vendvotime<\/div>\n<div id=\"tab-id-3-content\" class=\"tab_content \" aria-hidden=\"true\">\n<div class=\"tab_inner_content invers-color\"  itemprop=\"text\" >\n<ul>\n<li><a href=\"https:\/\/drive.google.com\/file\/d\/1KWDHEhDO1ze89NgE61OQfgQNBppg82uy\/view?usp=sharing\" target=\"_blank\" rel=\"noreferrer noopener\" aria-label=\"P\u00ebrshkrimi i vendvotimeve n\u00eb Republik\u00ebn e Maqedonis\u00eb s\u00eb veriut p\u00ebr zgjedhjet e parakohshme p\u00ebr kryetar\u00eb t\u00eb komun\u00ebs n\u00eb komun\u00ebn e shtipit dhe n\u00eb komun\u00ebn e plasnic\u00ebs 13.12.2020 (opens in a new tab)\">P\u00ebrshkrimi i vendvotimeve n\u00eb Republik\u00ebn e Maqedonis\u00eb s\u00eb veriut p\u00ebr zgjedhjet e parakohshme p\u00ebr kryetar\u00eb t\u00eb komun\u00ebs n\u00eb komun\u00ebn e shtipit dhe n\u00eb komun\u00ebn e plasnic\u00ebs 13.12.2020<\/a><\/li>\n<\/ul>\n\n<\/div>\n<\/div>\n<\/section>\n\n<section class=\"av_tab_section\"  itemscope=\"itemscope\" itemtype=\"https:\/\/schema.org\/CreativeWork\" ><div aria-controls=\"tab-id-4-content\" role=\"tab\" tabindex=\"0\" data-fake-id=\"#tab-id-4\" class=\"tab \"  itemprop=\"headline\" >Kampanja<\/div>\n<div id=\"tab-id-4-content\" class=\"tab_content \" aria-hidden=\"true\">\n<div class=\"tab_inner_content invers-color\"  itemprop=\"text\" >\n<ul>\n<li><a href=\"https:\/\/old1.sec.mk\/kampanja-lokalni-izbori-2020\/?lang=sq\" target=\"_blank\" rel=\"noreferrer noopener\" aria-label=\"Kampanja e KSHZ-s\u00eb (opens in a new tab)\">Kampanja e KSHZ-s\u00eb \u2013 Informohu p\u00ebr t\u00eb drejtat tua p\u00ebr votim<\/a><\/li>\n<\/ul>\n\n<\/div>\n<\/div>\n<\/section>\n\n<section class=\"av_tab_section\"  itemscope=\"itemscope\" itemtype=\"https:\/\/schema.org\/CreativeWork\" ><div aria-controls=\"tab-id-5-content\" role=\"tab\" tabindex=\"0\" data-fake-id=\"#tab-id-5\" class=\"tab \"  itemprop=\"headline\" >Kalendari i afateve<\/div>\n<div id=\"tab-id-5-content\" class=\"tab_content \" aria-hidden=\"true\">\n<div class=\"tab_inner_content invers-color\"  itemprop=\"text\" >\n<ul>\n<li><a href=\"https:\/\/drive.google.com\/file\/d\/1PXnyD0RGnnTMWFfDN-y9hpOOPR3nYlG-\/view\" target=\"_blank\" rel=\"noreferrer noopener\" aria-label=\"Kalendari i afateve(opens in a new tab)\">Kalendari i afateve zgjedhjet lokale 13.12.2020<\/a><\/li>\n<\/ul>\n\n<\/div>\n<\/div>\n<\/section>\n\n<\/div><\/div>\n<\/div><\/div><\/div><div id=\"av-tab-section-1-2\" data-av-tab-section-content=\"2\" class=\"av-layout-tab av-animation-delay-container   avia-builder-el-6  el_after_av_tab_sub_section  el_before_av_tab_sub_section   \" style='vertical-align:top; '  data-tab-section-id=\"kkz\"><div class='av-layout-tab-inner'><div class='container'><p><div class=\"flex_column av_one_full  flex_column_div av-zero-column-padding first  avia-builder-el-7  el_before_av_hr  avia-builder-el-first  \" style='border-radius:0px; '><div  class=\"tabcontainer   sidebar_tab sidebar_tab_left border_tabs  avia-builder-el-8  avia-builder-el-no-sibling  tabs-elections-custom\" role=\"tablist\">\n\n<section class=\"av_tab_section\"  itemscope=\"itemscope\" itemtype=\"https:\/\/schema.org\/CreativeWork\" ><div aria-controls=\"tab-id-6-content\" role=\"tab\" tabindex=\"0\" data-fake-id=\"#tab-id-6\" class=\"tab active_tab\"  itemprop=\"headline\" >  NJOFTIME<\/div>\n<div id=\"tab-id-6-content\" class=\"tab_content active_tab_content\" aria-hidden=\"false\">\n<div class=\"tab_inner_content invers-color\"  itemprop=\"text\" >\n\n<\/div>\n<\/div>\n<\/section>\n\n<\/div><\/div><div  style='height:200px' class='hr hr-invisible   avia-builder-el-9  el_after_av_one_full  avia-builder-el-last '><span class='hr-inner ' ><span class='hr-inner-style'><\/span><\/span><\/div><\/p>\n<\/div><\/div><\/div><div id=\"av-tab-section-1-3\" data-av-tab-section-content=\"3\" class=\"av-layout-tab av-animation-delay-container   avia-builder-el-10  el_after_av_tab_sub_section  avia-builder-el-last   \" style='vertical-align:top; '  data-tab-section-id=\"mediat\"><div class='av-layout-tab-inner'><div class='container'><p><div class=\"flex_column av_one_full  flex_column_div av-zero-column-padding first  avia-builder-el-11  el_before_av_hr  avia-builder-el-first  \" style='border-radius:0px; '><div  class=\"tabcontainer   sidebar_tab sidebar_tab_left border_tabs  avia-builder-el-12  avia-builder-el-no-sibling  tabs-elections-custom\" role=\"tablist\">\n\n<section class=\"av_tab_section\"  itemscope=\"itemscope\" itemtype=\"https:\/\/schema.org\/CreativeWork\" ><div aria-controls=\"tab-id-7-content\" role=\"tab\" tabindex=\"0\" data-fake-id=\"#tab-id-7\" class=\"tab active_tab\"  itemprop=\"headline\" >NJOFTIME<\/div>\n<div id=\"tab-id-7-content\" class=\"tab_content active_tab_content\" aria-hidden=\"false\">\n<div class=\"tab_inner_content invers-color\"  itemprop=\"text\" >\n\n<\/div>\n<\/div>\n<\/section>\n\n<section class=\"av_tab_section\"  itemscope=\"itemscope\" itemtype=\"https:\/\/schema.org\/CreativeWork\" ><div aria-controls=\"tab-id-8-content\" role=\"tab\" tabindex=\"0\" data-fake-id=\"#tab-id-8\" class=\"tab \"  itemprop=\"headline\" >REGJIST\u00cbR T\u00cb RADIODIFUZER\u00cbVE, MEDIAVE T\u00cb SHTYPIT DHE MEDIAVE ELEKTRONIKE<\/div>\n<div id=\"tab-id-8-content\" class=\"tab_content \" aria-hidden=\"true\">\n<div class=\"tab_inner_content invers-color\"  itemprop=\"text\" >\n\n<\/div>\n<\/div>\n<\/section>\n\n<\/div><\/div><div  style='height:200px' class='hr hr-invisible   avia-builder-el-13  el_after_av_one_full  avia-builder-el-last '><span class='hr-inner ' ><span class='hr-inner-style'><\/span><\/span><\/div><\/p>\n<\/div><\/div><\/div><\/div><\/div><\/div><\/p>\n","protected":false},"excerpt":{"rendered":"","protected":false},"author":3,"featured_media":0,"parent":0,"menu_order":0,"comment_status":"closed","ping_status":"closed","template":"","meta":{"footnotes":""},"class_list":["post-23640","page","type-page","status-publish","hentry"],"yoast_head":"<!-- This site is optimized with the Yoast SEO plugin v26.2 - https:\/\/yoast.com\/wordpress\/plugins\/seo\/ -->\n<title>Zgjedhjet lokale 13.12.2020 - Komisioni Shtet\u00ebror i Zgjedhjeve<\/title>\n<meta name=\"robots\" content=\"index, follow, max-snippet:-1, max-image-preview:large, max-video-preview:-1\" \/>\n<link rel=\"canonical\" href=\"https:\/\/www.sec.mk\/sq\/zgjedhjet-lokale-13-12-2020\/\" \/>\n<meta property=\"og:locale\" content=\"sq_AL\" \/>\n<meta property=\"og:type\" content=\"article\" \/>\n<meta property=\"og:title\" content=\"Zgjedhjet lokale 13.12.2020 - Komisioni Shtet\u00ebror i Zgjedhjeve\" \/>\n<meta property=\"og:url\" content=\"https:\/\/www.sec.mk\/sq\/zgjedhjet-lokale-13-12-2020\/\" \/>\n<meta property=\"og:site_name\" content=\"Komisioni Shtet\u00ebror i Zgjedhjeve\" \/>\n<meta property=\"article:modified_time\" content=\"2021-08-24T10:10:19+00:00\" \/>\n<meta name=\"twitter:card\" content=\"summary_large_image\" \/>\n<meta name=\"twitter:label1\" content=\"Est. reading time\" \/>\n\t<meta name=\"twitter:data1\" content=\"8 minuta\" \/>\n<script type=\"application\/ld+json\" class=\"yoast-schema-graph\">{\"@context\":\"https:\/\/schema.org\",\"@graph\":[{\"@type\":\"WebPage\",\"@id\":\"https:\/\/www.sec.mk\/sq\/zgjedhjet-lokale-13-12-2020\/\",\"url\":\"https:\/\/www.sec.mk\/sq\/zgjedhjet-lokale-13-12-2020\/\",\"name\":\"Zgjedhjet lokale 13.12.2020 - Komisioni Shtet\u00ebror i Zgjedhjeve\",\"isPartOf\":{\"@id\":\"https:\/\/www.sec.mk\/#website\"},\"datePublished\":\"2020-10-03T10:35:39+00:00\",\"dateModified\":\"2021-08-24T10:10:19+00:00\",\"breadcrumb\":{\"@id\":\"https:\/\/www.sec.mk\/sq\/zgjedhjet-lokale-13-12-2020\/#breadcrumb\"},\"inLanguage\":\"sq\",\"potentialAction\":[{\"@type\":\"ReadAction\",\"target\":[\"https:\/\/www.sec.mk\/sq\/zgjedhjet-lokale-13-12-2020\/\"]}]},{\"@type\":\"BreadcrumbList\",\"@id\":\"https:\/\/www.sec.mk\/sq\/zgjedhjet-lokale-13-12-2020\/#breadcrumb\",\"itemListElement\":[{\"@type\":\"ListItem\",\"position\":1,\"name\":\"Home\",\"item\":\"https:\/\/www.sec.mk\/sq\/home-alb\/\"},{\"@type\":\"ListItem\",\"position\":2,\"name\":\"Zgjedhjet lokale 13.12.2020\"}]},{\"@type\":\"WebSite\",\"@id\":\"https:\/\/www.sec.mk\/#website\",\"url\":\"https:\/\/www.sec.mk\/\",\"name\":\"Komisioni Shtet\u00ebror i Zgjedhjeve\",\"description\":\"\",\"potentialAction\":[{\"@type\":\"SearchAction\",\"target\":{\"@type\":\"EntryPoint\",\"urlTemplate\":\"https:\/\/www.sec.mk\/?s={search_term_string}\"},\"query-input\":{\"@type\":\"PropertyValueSpecification\",\"valueRequired\":true,\"valueName\":\"search_term_string\"}}],\"inLanguage\":\"sq\"}]}<\/script>\n<!-- \/ Yoast SEO plugin. -->","yoast_head_json":{"title":"Zgjedhjet lokale 13.12.2020 - Komisioni Shtet\u00ebror i Zgjedhjeve","robots":{"index":"index","follow":"follow","max-snippet":"max-snippet:-1","max-image-preview":"max-image-preview:large","max-video-preview":"max-video-preview:-1"},"canonical":"https:\/\/www.sec.mk\/sq\/zgjedhjet-lokale-13-12-2020\/","og_locale":"sq_AL","og_type":"article","og_title":"Zgjedhjet lokale 13.12.2020 - Komisioni Shtet\u00ebror i Zgjedhjeve","og_url":"https:\/\/www.sec.mk\/sq\/zgjedhjet-lokale-13-12-2020\/","og_site_name":"Komisioni Shtet\u00ebror i Zgjedhjeve","article_modified_time":"2021-08-24T10:10:19+00:00","twitter_card":"summary_large_image","twitter_misc":{"Est. reading time":"8 minuta"},"schema":{"@context":"https:\/\/schema.org","@graph":[{"@type":"WebPage","@id":"https:\/\/www.sec.mk\/sq\/zgjedhjet-lokale-13-12-2020\/","url":"https:\/\/www.sec.mk\/sq\/zgjedhjet-lokale-13-12-2020\/","name":"Zgjedhjet lokale 13.12.2020 - Komisioni Shtet\u00ebror i Zgjedhjeve","isPartOf":{"@id":"https:\/\/www.sec.mk\/#website"},"datePublished":"2020-10-03T10:35:39+00:00","dateModified":"2021-08-24T10:10:19+00:00","breadcrumb":{"@id":"https:\/\/www.sec.mk\/sq\/zgjedhjet-lokale-13-12-2020\/#breadcrumb"},"inLanguage":"sq","potentialAction":[{"@type":"ReadAction","target":["https:\/\/www.sec.mk\/sq\/zgjedhjet-lokale-13-12-2020\/"]}]},{"@type":"BreadcrumbList","@id":"https:\/\/www.sec.mk\/sq\/zgjedhjet-lokale-13-12-2020\/#breadcrumb","itemListElement":[{"@type":"ListItem","position":1,"name":"Home","item":"https:\/\/www.sec.mk\/sq\/home-alb\/"},{"@type":"ListItem","position":2,"name":"Zgjedhjet lokale 13.12.2020"}]},{"@type":"WebSite","@id":"https:\/\/www.sec.mk\/#website","url":"https:\/\/www.sec.mk\/","name":"Komisioni Shtet\u00ebror i Zgjedhjeve","description":"","potentialAction":[{"@type":"SearchAction","target":{"@type":"EntryPoint","urlTemplate":"https:\/\/www.sec.mk\/?s={search_term_string}"},"query-input":{"@type":"PropertyValueSpecification","valueRequired":true,"valueName":"search_term_string"}}],"inLanguage":"sq"}]}},"_links":{"self":[{"href":"https:\/\/www.sec.mk\/sq\/wp-json\/wp\/v2\/pages\/23640","targetHints":{"allow":["GET"]}}],"collection":[{"href":"https:\/\/www.sec.mk\/sq\/wp-json\/wp\/v2\/pages"}],"about":[{"href":"https:\/\/www.sec.mk\/sq\/wp-json\/wp\/v2\/types\/page"}],"author":[{"embeddable":true,"href":"https:\/\/www.sec.mk\/sq\/wp-json\/wp\/v2\/users\/3"}],"replies":[{"embeddable":true,"href":"https:\/\/www.sec.mk\/sq\/wp-json\/wp\/v2\/comments?post=23640"}],"version-history":[{"count":25,"href":"https:\/\/www.sec.mk\/sq\/wp-json\/wp\/v2\/pages\/23640\/revisions"}],"predecessor-version":[{"id":31576,"href":"https:\/\/www.sec.mk\/sq\/wp-json\/wp\/v2\/pages\/23640\/revisions\/31576"}],"wp:attachment":[{"href":"https:\/\/www.sec.mk\/sq\/wp-json\/wp\/v2\/media?parent=23640"}],"curies":[{"name":"wp","href":"https:\/\/api.w.org\/{rel}","templated":true}]}}