{"id":26032,"date":"2021-04-29T09:30:18","date_gmt":"2021-04-29T07:30:18","guid":{"rendered":"http:\/\/www.sec.mk\/plani-strategjik-arkiva\/"},"modified":"2025-04-04T14:21:15","modified_gmt":"2025-04-04T12:21:15","slug":"plani-strategjik-arkiva","status":"publish","type":"page","link":"https:\/\/www.sec.mk\/sq\/plani-strategjik-arkiva\/","title":{"rendered":"Plani Strategjik &#8211; Arkiva"},"content":{"rendered":"<div id='av_section_1'  class='avia-section main_color avia-section-default avia-no-border-styling  avia-bg-style-scroll  avia-builder-el-0  avia-builder-el-no-sibling   container_wrap fullsize' style=' '  ><div class='container' ><main  role=\"main\" itemprop=\"mainContentOfPage\"  class='template-page content  av-content-full alpha units'><div class='post-entry post-entry-type-page post-entry-26032'><div class='entry-content-wrapper clearfix'>\n<div  style='padding-bottom:15px; ' class='av-special-heading av-special-heading-h1  blockquote elegant-quote elegant-centered  avia-builder-el-1  el_before_av_textblock  avia-builder-el-first  '><h1 class='av-special-heading-tag '  itemprop=\"headline\"  ><span class=\"heading-wrap\">Plani Strategjik<\/span><\/h1><div class='special-heading-border'><div class='special-heading-inner-border' ><\/div><\/div><\/div>\n<section class=\"av_textblock_section \"  itemscope=\"itemscope\" itemtype=\"https:\/\/schema.org\/CreativeWork\" ><div class='avia_textblock  '   itemprop=\"text\" ><ul>\n<li><span  class=\"av_font_icon avia_animate_when_visible avia-icon-animate  av-icon-style-  avia-icon-pos-left \" style=\"color:#a81010; border-color:#a81010;\"><span class='av-icon-char' style='font-size:25px;line-height:25px;' aria-hidden='true' data-av_icon='\ue800' data-av_iconfont='fontello' ><\/span><\/span><a href=\"https:\/\/drive.google.com\/file\/d\/1ktw_LlCmapDZkmf_U96wUNN1Czs6XVWt\/view?usp=sharing\" target=\"_blank\" rel=\"noopener noreferrer\">Plani Strategjik 2025 &#8211; 2028<\/a><\/li>\n<li><span  class=\"av_font_icon avia_animate_when_visible avia-icon-animate  av-icon-style-  avia-icon-pos-left \" style=\"color:#a81010; border-color:#a81010;\"><span class='av-icon-char' style='font-size:25px;line-height:25px;' aria-hidden='true' data-av_icon='\ue800' data-av_iconfont='fontello' ><\/span><\/span><a href=\"https:\/\/drive.google.com\/file\/d\/1ddKz5Q25oKYWDL1IUDzu_coZvIpu4HhY\/view?usp=sharing\" target=\"_blank\" rel=\"noopener noreferrer\">Strategic plan for the period 2025 \u2013 2028<\/a><\/li>\n<li><span  class=\"av_font_icon avia_animate_when_visible avia-icon-animate  av-icon-style-  avia-icon-pos-left \" style=\"color:#a81010; border-color:#a81010;\"><span class='av-icon-char' style='font-size:25px;line-height:25px;' aria-hidden='true' data-av_icon='\ue800' data-av_iconfont='fontello' ><\/span><\/span><a href=\"https:\/\/drive.google.com\/file\/d\/1haMJSHTZvrDtjuaEr0HydMNIaWg4VVZS\/view\" target=\"_blank\" rel=\"noopener noreferrer\">Plani Strategjik 2021 &#8211; 2024<\/a><\/li>\n<li><span  class=\"av_font_icon avia_animate_when_visible avia-icon-animate  av-icon-style-  avia-icon-pos-left \" style=\"color:#a81010; border-color:#a81010;\"><span class='av-icon-char' style='font-size:25px;line-height:25px;' aria-hidden='true' data-av_icon='\ue800' data-av_iconfont='fontello' ><\/span><\/span><a href=\"https:\/\/drive.google.com\/file\/d\/1R58ivokNPxAlxncYb0hJ9EwdKHMwuy7W\/view?usp=sharing\" target=\"_blank\" rel=\"noopener noreferrer\">Strategic plan for the period 2021 \u2013 2024<\/a><\/li>\n<li><span  class=\"av_font_icon avia_animate_when_visible avia-icon-animate  av-icon-style-  avia-icon-pos-left \" style=\"color:#a81010; border-color:#a81010;\"><span class='av-icon-char' style='font-size:25px;line-height:25px;' aria-hidden='true' data-av_icon='\ue800' data-av_iconfont='fontello' ><\/span><\/span><a href=\"https:\/\/drive.google.com\/file\/d\/14cUD1-VLB-PInpHgAehQDY8dX9BSlNJd\/view?usp=share_link\" target=\"_blank\" rel=\"noopener noreferrer\">Raport nga shqyrtimi afatmes\u00ebm i zbatimit t\u00eb Planit strategjik p\u00ebr vitet 2021-2024 i Komisionit shtet\u00ebror t\u00eb zgjedhjeve<\/a><\/li>\n<li><span  class=\"av_font_icon avia_animate_when_visible avia-icon-animate  av-icon-style-  avia-icon-pos-left \" style=\"color:#a81010; border-color:#a81010;\"><span class='av-icon-char' style='font-size:25px;line-height:25px;' aria-hidden='true' data-av_icon='\ue800' data-av_iconfont='fontello' ><\/span><\/span><a href=\"https:\/\/drive.google.com\/file\/d\/1xSxuB32mNrt-GpidNtbxUngBrHmjXznL\/view\" target=\"_blank\" rel=\"noopener noreferrer\">Plan aksionar p\u00ebr avancimin e sensitivitetit gjinor t\u00eb komisionit shtet\u00ebror t\u00eb zgjedhjeve 2021-2024<\/a><\/li>\n<li><span  class=\"av_font_icon avia_animate_when_visible avia-icon-animate  av-icon-style-  avia-icon-pos-left \" style=\"color:#a81010; border-color:#a81010;\"><span class='av-icon-char' style='font-size:25px;line-height:25px;' aria-hidden='true' data-av_icon='\ue800' data-av_iconfont='fontello' ><\/span><\/span><a href=\"https:\/\/drive.google.com\/file\/d\/1DkfXYggYuFAxDjZ-u9zC9QPK5r3dSSEO\/view\" target=\"_blank\" rel=\"noopener noreferrer\">Strategjia p\u00ebr TIK e Komisionit Shtet\u00ebror t\u00eb Zgjedhjeve<\/a><\/li>\n<li><span  class=\"av_font_icon avia_animate_when_visible avia-icon-animate  av-icon-style-  avia-icon-pos-left \" style=\"color:#a81010; border-color:#a81010;\"><span class='av-icon-char' style='font-size:25px;line-height:25px;' aria-hidden='true' data-av_icon='\ue800' data-av_iconfont='fontello' ><\/span><\/span><a href=\"https:\/\/drive.google.com\/file\/d\/1KpfldnVleu1BpouLtbygJgJenjcGQdpc\/view\" target=\"_blank\" rel=\"noopener noreferrer\">ICT Strategy of the State Election Commission<\/a><\/li>\n<\/ul>\n<\/div><\/section>\n\n","protected":false},"excerpt":{"rendered":"","protected":false},"author":9,"featured_media":0,"parent":0,"menu_order":0,"comment_status":"closed","ping_status":"closed","template":"","meta":{"footnotes":""},"class_list":["post-26032","page","type-page","status-publish","hentry"],"yoast_head":"<!-- This site is optimized with the Yoast SEO plugin v26.2 - https:\/\/yoast.com\/wordpress\/plugins\/seo\/ -->\n<title>Plani Strategjik - Arkiva - Komisioni Shtet\u00ebror i Zgjedhjeve<\/title>\n<meta name=\"robots\" content=\"index, follow, max-snippet:-1, max-image-preview:large, max-video-preview:-1\" \/>\n<link rel=\"canonical\" href=\"https:\/\/www.sec.mk\/sq\/plani-strategjik-arkiva\/\" \/>\n<meta property=\"og:locale\" content=\"sq_AL\" \/>\n<meta property=\"og:type\" content=\"article\" \/>\n<meta property=\"og:title\" content=\"Plani Strategjik - Arkiva - Komisioni Shtet\u00ebror i Zgjedhjeve\" \/>\n<meta property=\"og:url\" content=\"https:\/\/www.sec.mk\/sq\/plani-strategjik-arkiva\/\" \/>\n<meta property=\"og:site_name\" content=\"Komisioni Shtet\u00ebror i Zgjedhjeve\" \/>\n<meta property=\"article:modified_time\" content=\"2025-04-04T12:21:15+00:00\" \/>\n<meta name=\"twitter:card\" content=\"summary_large_image\" \/>\n<meta name=\"twitter:label1\" content=\"Est. reading time\" \/>\n\t<meta name=\"twitter:data1\" content=\"2 minuta\" \/>\n<script type=\"application\/ld+json\" class=\"yoast-schema-graph\">{\"@context\":\"https:\/\/schema.org\",\"@graph\":[{\"@type\":\"WebPage\",\"@id\":\"https:\/\/www.sec.mk\/sq\/plani-strategjik-arkiva\/\",\"url\":\"https:\/\/www.sec.mk\/sq\/plani-strategjik-arkiva\/\",\"name\":\"Plani Strategjik - Arkiva - Komisioni Shtet\u00ebror i Zgjedhjeve\",\"isPartOf\":{\"@id\":\"https:\/\/www.sec.mk\/#website\"},\"datePublished\":\"2021-04-29T07:30:18+00:00\",\"dateModified\":\"2025-04-04T12:21:15+00:00\",\"breadcrumb\":{\"@id\":\"https:\/\/www.sec.mk\/sq\/plani-strategjik-arkiva\/#breadcrumb\"},\"inLanguage\":\"sq\",\"potentialAction\":[{\"@type\":\"ReadAction\",\"target\":[\"https:\/\/www.sec.mk\/sq\/plani-strategjik-arkiva\/\"]}]},{\"@type\":\"BreadcrumbList\",\"@id\":\"https:\/\/www.sec.mk\/sq\/plani-strategjik-arkiva\/#breadcrumb\",\"itemListElement\":[{\"@type\":\"ListItem\",\"position\":1,\"name\":\"Home\",\"item\":\"https:\/\/www.sec.mk\/sq\/home-alb\/\"},{\"@type\":\"ListItem\",\"position\":2,\"name\":\"Plani Strategjik &#8211; Arkiva\"}]},{\"@type\":\"WebSite\",\"@id\":\"https:\/\/www.sec.mk\/#website\",\"url\":\"https:\/\/www.sec.mk\/\",\"name\":\"Komisioni Shtet\u00ebror i Zgjedhjeve\",\"description\":\"\",\"potentialAction\":[{\"@type\":\"SearchAction\",\"target\":{\"@type\":\"EntryPoint\",\"urlTemplate\":\"https:\/\/www.sec.mk\/?s={search_term_string}\"},\"query-input\":{\"@type\":\"PropertyValueSpecification\",\"valueRequired\":true,\"valueName\":\"search_term_string\"}}],\"inLanguage\":\"sq\"}]}<\/script>\n<!-- \/ Yoast SEO plugin. -->","yoast_head_json":{"title":"Plani Strategjik - Arkiva - Komisioni Shtet\u00ebror i Zgjedhjeve","robots":{"index":"index","follow":"follow","max-snippet":"max-snippet:-1","max-image-preview":"max-image-preview:large","max-video-preview":"max-video-preview:-1"},"canonical":"https:\/\/www.sec.mk\/sq\/plani-strategjik-arkiva\/","og_locale":"sq_AL","og_type":"article","og_title":"Plani Strategjik - Arkiva - Komisioni Shtet\u00ebror i Zgjedhjeve","og_url":"https:\/\/www.sec.mk\/sq\/plani-strategjik-arkiva\/","og_site_name":"Komisioni Shtet\u00ebror i Zgjedhjeve","article_modified_time":"2025-04-04T12:21:15+00:00","twitter_card":"summary_large_image","twitter_misc":{"Est. reading time":"2 minuta"},"schema":{"@context":"https:\/\/schema.org","@graph":[{"@type":"WebPage","@id":"https:\/\/www.sec.mk\/sq\/plani-strategjik-arkiva\/","url":"https:\/\/www.sec.mk\/sq\/plani-strategjik-arkiva\/","name":"Plani Strategjik - Arkiva - Komisioni Shtet\u00ebror i Zgjedhjeve","isPartOf":{"@id":"https:\/\/www.sec.mk\/#website"},"datePublished":"2021-04-29T07:30:18+00:00","dateModified":"2025-04-04T12:21:15+00:00","breadcrumb":{"@id":"https:\/\/www.sec.mk\/sq\/plani-strategjik-arkiva\/#breadcrumb"},"inLanguage":"sq","potentialAction":[{"@type":"ReadAction","target":["https:\/\/www.sec.mk\/sq\/plani-strategjik-arkiva\/"]}]},{"@type":"BreadcrumbList","@id":"https:\/\/www.sec.mk\/sq\/plani-strategjik-arkiva\/#breadcrumb","itemListElement":[{"@type":"ListItem","position":1,"name":"Home","item":"https:\/\/www.sec.mk\/sq\/home-alb\/"},{"@type":"ListItem","position":2,"name":"Plani Strategjik &#8211; Arkiva"}]},{"@type":"WebSite","@id":"https:\/\/www.sec.mk\/#website","url":"https:\/\/www.sec.mk\/","name":"Komisioni Shtet\u00ebror i Zgjedhjeve","description":"","potentialAction":[{"@type":"SearchAction","target":{"@type":"EntryPoint","urlTemplate":"https:\/\/www.sec.mk\/?s={search_term_string}"},"query-input":{"@type":"PropertyValueSpecification","valueRequired":true,"valueName":"search_term_string"}}],"inLanguage":"sq"}]}},"_links":{"self":[{"href":"https:\/\/www.sec.mk\/sq\/wp-json\/wp\/v2\/pages\/26032","targetHints":{"allow":["GET"]}}],"collection":[{"href":"https:\/\/www.sec.mk\/sq\/wp-json\/wp\/v2\/pages"}],"about":[{"href":"https:\/\/www.sec.mk\/sq\/wp-json\/wp\/v2\/types\/page"}],"author":[{"embeddable":true,"href":"https:\/\/www.sec.mk\/sq\/wp-json\/wp\/v2\/users\/9"}],"replies":[{"embeddable":true,"href":"https:\/\/www.sec.mk\/sq\/wp-json\/wp\/v2\/comments?post=26032"}],"version-history":[{"count":13,"href":"https:\/\/www.sec.mk\/sq\/wp-json\/wp\/v2\/pages\/26032\/revisions"}],"predecessor-version":[{"id":44315,"href":"https:\/\/www.sec.mk\/sq\/wp-json\/wp\/v2\/pages\/26032\/revisions\/44315"}],"wp:attachment":[{"href":"https:\/\/www.sec.mk\/sq\/wp-json\/wp\/v2\/media?parent=26032"}],"curies":[{"name":"wp","href":"https:\/\/api.w.org\/{rel}","templated":true}]}}