{"id":29874,"date":"2016-08-31T15:06:31","date_gmt":"2016-08-31T13:06:31","guid":{"rendered":"http:\/\/www.sec.mk\/lista-e-informatave-publike\/"},"modified":"2025-02-05T09:33:34","modified_gmt":"2025-02-05T08:33:34","slug":"lista-e-informatave-publike","status":"publish","type":"page","link":"https:\/\/www.sec.mk\/sq\/lista-e-informatave-publike\/","title":{"rendered":"Lista e informatave publike"},"content":{"rendered":"<div class=\"flex_column av_one_full  flex_column_div av-zero-column-padding first  avia-builder-el-0  avia-builder-el-no-sibling  \" style='border-radius:0px; '><p><div  style='padding-bottom:15px; ' class='av-special-heading av-special-heading-h1  blockquote elegant-quote elegant-centered  avia-builder-el-1  el_before_av_textblock  avia-builder-el-first  '><h1 class='av-special-heading-tag '  itemprop=\"headline\"  ><span class=\"heading-wrap\">Lista e informatave publike<\/span><\/h1><div class='special-heading-border'><div class='special-heading-inner-border' ><\/div><\/div><\/div><br \/>\n<section class=\"av_textblock_section \"  itemscope=\"itemscope\" itemtype=\"https:\/\/schema.org\/CreativeWork\" ><div class='avia_textblock  '   itemprop=\"text\" ><p style=\"text-align: justify;\">Me Dekret t\u00eb Kryetarit t\u00eb Republik\u00ebs s\u00eb Maqedonis\u00eb p\u00ebr shpalljen e Ligjit p\u00ebr ndryshimin dhe plot\u00ebsimin e Ligjit p\u00ebr zgjedhjen e deputet\u00ebve t\u00eb Kuvendit t\u00eb Republik\u00ebs s\u00eb Maqedonis\u00eb nr. 07-2948\/1 t\u00eb dat\u00ebs 02 korrik 2004 (Gazeta Zyrtare e RM nr. 46\/2004) formohet Komisioni Shtet\u00ebror i Zgjedhjeve si person juridik.<\/p>\n<p style=\"text-align: justify;\"><strong>Adresa:<br \/>\n<\/strong>Sh\u00ebn Kirili dhe Metodi num\u00ebr 54 (nd\u00ebrtesa Nova Makedonija &#8211; kati i 4 -\u00ebt) 1000 Shkup, Republika e Maqedonis\u00eb s\u00eb Veriut Telefon: + 389 2 3244 744 Faks: + 389 2 3244 745<\/p>\n<p style=\"text-align: justify;\"><strong>Faqja e internetit:<\/strong><br \/>\n<a href=\"https:\/\/sec2.grabit.mk\/sq\/\">www.sec.mk<\/a><\/p>\n<p style=\"text-align: justify;\"><strong>Posta elektronike:<\/strong><br \/>\nizbori@sec.mk<br \/>\nedukacija@sec.mk<br \/>\ninfo@sec.mk<\/p>\n<h5 style=\"text-align: left;\"><strong>Personat e autorizuar t\u00eb kontaktit p\u00ebr mbrojtjen e t\u00eb drejt\u00ebs p\u00ebr qasje t\u00eb lir\u00eb n\u00eb informacione me karakter publik:<\/strong><\/h5>\n<ul>\n<li>Neda Spasenoska<br \/>\nnumri i telefonit: 075 451 471<br \/>\nadresa e emailit: Neda.DZockova@sec.mk<\/li>\n<li>Marijana Trajanoska<br \/>\nnumri i telefonit: 076 341 019<br \/>\nadresa e emailit: Marijana.Trajanoska@sec.mk<\/li>\n<li>Snezhana Krasiq<br \/>\nnumri i telefonit: 076 426 576<br \/>\nadresa e emailit: Snezana.Krasikj@sec.mk<\/li>\n<\/ul>\n<h5 style=\"text-align: left;\"><strong>\u00a0Personat e autorizuar p\u00ebr zyrtar\u00ebt e mbrojtjes s\u00eb t\u00eb dh\u00ebnave personale:<\/strong><\/h5>\n<ul>\n<li>Neda Spasenoska<br \/>\nnumri i telefonit: 075 451 471<br \/>\nadresa e emailit: Neda.DZockova@sec.mk<\/li>\n<li><span data-olk-copy-source=\"MessageBody\">Angela Avramoska<\/span><br \/>\nnumri i telefonit: 076 381 701<br \/>\nadresa e emailit: Angela.Avramoska@sec.mk<\/li>\n<\/ul>\n<h5 style=\"text-align: left;\"><strong>\u00a0 Personi i autorizuar p\u00ebr bashk\u00ebpunim me Ministrin\u00eb e \u00c7\u00ebshtjeve Evropiane:<\/strong><\/h5>\n<ul>\n<li><span data-olk-copy-source=\"MessageBody\">Ivana Kostadinoska<\/span><br \/>\nnumri i telefonit: 078 250 760<br \/>\nadresa e emailit: Ivana.Kostadinoska@sec.mk<\/li>\n<\/ul>\n<h5 style=\"text-align: left;\"><strong>\u00a0 Personat e autorizuar p\u00ebr komunikim me qytetar\u00ebt q\u00eb kan\u00eb \u00e7do lloj dhe shkall\u00eb t\u00eb aft\u00ebsis\u00eb s\u00eb kufizuar:<\/strong><\/h5>\n<ul>\n<li><span data-olk-copy-source=\"MessageBody\">Gabriella Mihajllovska<\/span><br \/>\nnumri i telefonit: 076 381 729<br \/>\nadresa e emailit: gabriela.mihajlovska@sec.mk<\/li>\n<li><span data-olk-copy-source=\"MessageBody\">Ivana Kostadinoska<\/span><br \/>\nnumri i telefonit: 078 250 760<br \/>\nadresa e emailit: Ivana.Kostadinoska@sec.mk<\/li>\n<\/ul>\n<h5 style=\"text-align: left;\"><strong>\u00a0 Personat e autorizuar p\u00ebr zbatimin e sistemit t\u00eb integritetit n\u00eb Komisionin Shtet\u00ebror t\u00eb Zgjedhjeve:<\/strong><\/h5>\n<div><\/div>\n<ul>\n<li><span data-olk-copy-source=\"MessageBody\">Radica Todorovska Aleksovska<\/span><br \/>\nnumri i telefonit:070 304 398<br aria-hidden=\"true\" \/>adresa e emailit: Radica.Todorovska.Aleksovska@sec.mk<\/li>\n<li><span data-olk-copy-source=\"MessageBody\">Angela Avramoska<\/span><br \/>\nnumri i telefonit: 076 381 701<br \/>\nadresa e emailit: Angela.Avramoska@sec.mk<\/li>\n<\/ul>\n<h5 style=\"text-align: left;\"><strong>\u00a0 Personat e autorizuar p\u00ebr pranimin e denoncimeve nga denoncuesit:<\/strong><\/h5>\n<div><\/div>\n<ul>\n<li><span data-olk-copy-source=\"MessageBody\">Katerina Vasilevska<\/span><br aria-hidden=\"true\" \/>numri i telefonit: 075 451 474<br \/>\nadresa e emailit:\u00a0Katerina.Vasilevska@sec.mk<\/li>\n<li><span data-olk-copy-source=\"MessageBody\">Nermina Gjurgjeviq<\/span><br \/>\nnumri i telefonit: 078 451 847<br \/>\nadresa e emailit: Nermina@sec.mk<span data-olk-copy-source=\"MessageBody\"><br \/>\n<\/span><br \/>\n<span data-olk-copy-source=\"MessageBody\">adresa: Rr. Sh. Kirili dhe Metodi nr. 54<\/span><br \/>\nadresa e emailit: ukazuvanje@sec.mk<\/li>\n<\/ul>\n<h5><\/h5>\n<p style=\"text-align: justify;\"><strong>KOMPETENCAT E KOMISIONIT SHTET\u00cbROR T\u00cb ZGJEDHJEVE:<br \/>\n<\/strong><br \/>\nKomisioni Shtet\u00ebror i Zgjedhjeve kujdeset p\u00ebr ligjshm\u00ebrin\u00eb n\u00eb p\u00ebrgatitjen dhe realizimin e zgjedhjeve n\u00eb pajtim me k\u00ebt\u00eb kod dhe b\u00ebn mbik\u00ebqyrje t\u00eb pun\u00ebs s\u00eb organeve zgjedhore.<\/p>\n<ul>\n<li style=\"text-align: justify;\">Komisioni Shtet\u00ebror Zgjedhor k\u00ebrkon t\u00eb dh\u00ebna nga organet kompetente p\u00ebr t\u00eb pun\u00ebsuarit n\u00eb administrat\u00ebn shtet\u00ebrore, komunale dhe t\u00eb Qytetit t\u00eb Shkupit, si dhe p\u00ebr administrat\u00ebn publike dhe e em\u00ebron p\u00ebrb\u00ebrjen e komisioneve komunale t\u00eb zgjedhjeve dhe Komisionin Zgjedhor t\u00eb Qytetit t\u00eb Shkupit;<\/li>\n<li>jep udh\u00ebzime, sqarime dhe rekomandime p\u00ebr zbatimin e dispozitave t\u00eb k\u00ebtij Kodi dhe ligjeve t\u00eb tjera q\u00eb lidhen me \u00e7\u00ebshtjet e lidhura me zgjedhjet;<\/li>\n<li>shkarkon secilin an\u00ebtar t\u00eb nj\u00eb organi zgjedhor n\u00eb rast t\u00eb pun\u00ebs s\u00eb kund\u00ebrligjshme;<\/li>\n<li>e kontrollon ligjshm\u00ebrin\u00eb n\u00eb pun\u00ebn e organeve zgjedhore dhe nd\u00ebrmerr masa kur konstatohet cenimi i ligjshm\u00ebris\u00eb n\u00eb p\u00ebrgatitjen, procedur\u00ebn e kandidimit, zbatimin dhe konfirmimin e rezultateve nga zgjedhjet, si dhe n\u00eb zbatimin e udh\u00ebzimeve dhe rekomandimeve t\u00eb dh\u00ebna nga ai;<\/li>\n<li>i konfirmon dhe shpall listat e kandidat\u00ebve p\u00ebr zgjedhjen e kryetarit, dhe p\u00ebr zgjedhjen e deputet\u00ebve dhe me short e p\u00ebrcakton radhitjen e tyre;<\/li>\n<li>me short e p\u00ebrcakton radhitjen e list\u00ebs s\u00eb vetme t\u00eb kandidat\u00ebve p\u00ebr an\u00ebtar\u00eb t\u00eb k\u00ebshillit, p\u00ebrkat\u00ebsisht kryetar t\u00eb komun\u00ebs.<\/li>\n<li>miraton program dhe zbaton standarde p\u00ebr edukimin e detyruesh\u00ebm t\u00eb t\u00eb gjitha organeve zgjedhore dhe e koordinon t\u00eb nj\u00ebjtin;<\/li>\n<li>b\u00ebn edukimin e detyruesh\u00ebm t\u00eb an\u00ebtar\u00ebve t\u00eb komisioneve komunale zgjedhore, p\u00ebrkat\u00ebsisht Komisionit Zgjedhor t\u00eb Qytetit t\u00eb Shkupit para \u00e7do zgjedhje dhe u l\u00ebshon certifikata, n\u00eb m\u00ebnyr\u00eb dhe afate t\u00eb p\u00ebrcaktuara me program;<\/li>\n<li>e p\u00ebrpilon formularin e certifikat\u00ebs p\u00ebr p\u00ebrcjelljen e trajnimit t\u00eb an\u00ebtar\u00ebve t\u00eb organeve zgjedhore;<\/li>\n<li>p\u00ebrcakton standarde unike p\u00ebr materialin zgjedhor, kujdeset p\u00ebr sigurimin e tij dhe e p\u00ebrcakton llojin e mjetit me t\u00eb cilin sh\u00ebnohen dhe kontrollohen personat q\u00eb kan\u00eb votuar (llambat UV, sp\u00ebrk\u00ebs dhe jast\u00ebku prej grafiti);<\/li>\n<li>p\u00ebrpilon formular\u00eb p\u00ebr zbatimin e zgjedhjeve dhe formular\u00eb p\u00ebr grumbullimin e n\u00ebnshkrimeve nga zgjedh\u00ebsit dhe deputet\u00ebt p\u00ebr propozimin e kandidat\u00ebve, dhe i shpall n\u00eb &#8220;Gazet\u00ebn zyrtare t\u00eb Republik\u00ebs s\u00eb Maqedonis\u00eb&#8221;;<\/li>\n<li>\u0433e p\u00ebrcakton m\u00ebnyr\u00ebn e p\u00ebrdorimit dhe ruajtjes s\u00eb materialit zgjedhor;<\/li>\n<li>e p\u00ebrcakton cil\u00ebsin\u00eb, form\u00ebn, madh\u00ebsin\u00eb, ngjyr\u00ebn dhe numrat serik\u00eb t\u00eb flet\u00ebvotimeve;<\/li>\n<li>e organizon shtypjen e flet\u00ebvotimeve dhe t\u00eb listave t\u00eb kandidat\u00ebve dhe furnizimi i sistemit t\u00eb identifikimit t\u00eb zgjedh\u00ebsit ;<\/li>\n<li>\u0433e dor\u00ebzon, pranon dhe ruan materialin zgjedhor n\u00eb komisione dhe prej komisioneve komunale t\u00eb zgjedhjeve, p\u00ebrkat\u00ebsisht Komisioni Zgjedhor i Qytetit t\u00eb Shkupit;<\/li>\n<li>\u0413E ruan materialin zgjedhor nga zgjedhjet p\u00ebr kryetar t\u00eb Republik\u00ebs, p\u00ebr deputet\u00eb n\u00eb Kuvendin e Republik\u00ebs s\u00eb Maqedonis\u00eb dhe referendum n\u00eb nivel shtet\u00ebror<\/li>\n<li>e informon dhe edukon opinionin p\u00ebr m\u00ebnyr\u00ebn e votimit dhe p\u00ebr zbatimin e s\u00eb drejt\u00ebs zgjedhore;<\/li>\n<li>miraton kodeksin p\u00ebr rregullat e v\u00ebzhgimit n\u00eb zgjedhje t\u00eb v\u00ebzhguesve vendor\u00eb dhe t\u00eb huaj n\u00eb pajtim me standardet nd\u00ebrkomb\u00ebtare dhe u siguron dokumente p\u00ebr identifikim;<\/li>\n<li>b\u00ebn kontrollin e vendvotimeve n\u00eb dit\u00ebn e zbatimit t\u00eb zgjedhjeve ku jan\u00eb paraqitur parregullsi gjat\u00eb votimit;<\/li>\n<li>\u0433i konfirmon me aktvendim listat e pranuara t\u00eb kandidat\u00ebve ose i refuzon, n\u00ebse nuk jan\u00eb p\u00ebrpiluar n\u00eb pajtim me dispozitat e k\u00ebtij kodi;<\/li>\n<li>miraton rregullore me t\u00eb cil\u00ebn p\u00ebrcaktohen kriteret p\u00ebr m\u00ebnyr\u00ebn dhe procedur\u00ebn e zgjedhjes dhe shkarkimit t\u00eb kryetarit, z\u00ebvend\u00ebsit t\u00eb tij, an\u00ebtar\u00ebve dhe z\u00ebvend\u00ebsve t\u00eb tyre n\u00eb organet zgjedhore;<\/li>\n<li>i mbledh dhe konfirmon rezultatet nga votimi p\u00ebr listat e kandidat\u00ebve n\u00eb nivelin e nj\u00ebsis\u00eb zgjedhore;<\/li>\n<li>i shpall rezultatet e para nga zgjedhjet e zbatuara p\u00ebr kryetar t\u00eb Republik\u00ebs, p\u00ebr deputet\u00eb, p\u00ebr k\u00ebshilltar\u00eb dhe kryetar t\u00eb komun\u00ebs, n\u00eb baz\u00eb t\u00eb t\u00eb dh\u00ebnave nga procesverbalet e organeve zgjedhore;<\/li>\n<li>i shpall rezultatet p\u00ebrfundimtare nga zgjedhjet e zbatuara;<\/li>\n<li>u l\u00ebshon certifikata kandidatit t\u00eb zgjedhur p\u00ebr kryetar t\u00eb Republik\u00ebs dhe kandidat\u00ebve t\u00eb zgjedhur p\u00ebr deputet\u00eb;<\/li>\n<li>miraton rregullore dhe udh\u00ebzim p\u00ebr kompensimin e an\u00ebtar\u00ebve t\u00eb organeve zgjedhore dhe administrat\u00ebn zgjedhore, n\u00eb baz\u00eb t\u00eb numrit t\u00eb zgjedh\u00ebsve, llojit, nd\u00ebrlikueshm\u00ebria si dhe v\u00ebllimi i pun\u00ebve dhe koh\u00ebzgjatja e p\u00ebrfundimit t\u00eb tyre;<\/li>\n<li>n\u00eb Kuvend paraqet raport p\u00ebr zgjedhjet e zbatuara brenda 45 dit\u00ebve nga dita e publikimit t\u00eb rezultateve p\u00ebrfundimtare t\u00eb zgjedhjeve n\u00eb nivel t\u00eb komun\u00ebs, Qytetit t\u00eb Shkupit, gjegj\u00ebsisht nj\u00ebsis\u00eb zgjedhore ku b\u00ebhet zgjedhja dhe pasqyr\u00ebn finansiare dhe e shpall n\u00eb faqen e vet t\u00eb internetit ;<\/li>\n<li>b\u00ebn shp\u00ebrndarjen e kompensimit t\u00eb shpenzimeve kandidat\u00ebve t\u00eb zgjedhur pas raportit financiar t\u00eb paraqitur, dhe e shpall n\u00eb faqen e vet t\u00eb internetit;<\/li>\n<li>e miraton aktin p\u00ebr organizimin dhe sistematizimin e sh\u00ebrbimit profesional t\u00eb Komisionit Shtet\u00ebror t\u00eb Zgjedhjeve n\u00eb suaza t\u00eb s\u00eb cil\u00ebs organizohet dhe sistemohet sh\u00ebrbimi juridik dhe formohen trupat ndihm\u00ebse;<\/li>\n<li>i boton n\u00eb shtypin ditor p\u00ebrshkrimet e vendvotimeve;<\/li>\n<li>b\u00ebn evidenc\u00eb t\u00eb s\u00eb drejt\u00ebs p\u00ebr zgjedhje dhe kujdeset p\u00ebr t\u00eb dh\u00ebnat personale t\u00eb qytetar\u00ebve t\u00eb p\u00ebrmbajtura n\u00eb List\u00ebn zgjedhore;<\/li>\n<li>b\u00ebn kontrollin e integritetit t\u00eb baz\u00ebs s\u00eb t\u00eb dh\u00ebnave t\u00eb List\u00ebs zgjedhore;<\/li>\n<li>e n\u00ebnshkruan List\u00ebn zgjedhore, p\u00ebrkat\u00ebsisht ekstraktet e List\u00ebs zgjedhore n\u00eb t\u00eb cilat votohet, m\u00eb s\u00eb voni 15 dit\u00eb para dit\u00ebs s\u00eb mbajtjes s\u00eb zgjedhjeve;<\/li>\n<li>realizon kontakte me asociacionet dhe organizatat nd\u00ebrkomb\u00ebtare q\u00eb kan\u00eb autorizim t&#8217;i v\u00ebzhgojn\u00eb zgjedhjet, p\u00ebrkat\u00ebsisht referendumin n\u00eb nivel shtet\u00ebror, p\u00ebr \u00e7\u00ebshtje t\u00eb lidhura me List\u00ebn zgjedhore;<\/li>\n<li>paraqet t\u00eb dh\u00ebna n\u00eb mjetet e informimit publik p\u00ebr numrin e zgjedh\u00ebsve t\u00eb regjistruar n\u00eb List\u00ebn zgjedhore t\u00eb n\u00ebnshkruar, p\u00ebrkat\u00ebsisht certifikatat;<\/li>\n<li>miraton Rregullore me t\u00eb cil\u00ebn rregullohet m\u00ebnyra e pun\u00ebs dhe vendosja e an\u00ebtar\u00ebve n\u00eb Komisionin Shtet\u00ebror t\u00eb Zgjedhjeve;<\/li>\n<li>vendos p\u00ebr kund\u00ebrshtimet n\u00eb baz\u00eb t\u00eb inspektimit n\u00eb materialin zgjedhor dhe provave t\u00eb tjera;<\/li>\n<li>n\u00eb bashk\u00ebpunim me Ministrin\u00eb e Pun\u00ebve t\u00eb Brendshme, miraton rregullore p\u00ebr m\u00ebnyr\u00ebn e veprimit t\u00eb policis\u00eb gjat\u00eb koh\u00ebs s\u00eb mbajtjes s\u00eb zgjedhjeve;<\/li>\n<li>sjell udh\u00ebzim p\u00ebr zgjidhje t\u00eb kund\u00ebrshtimeve dhe ankesave;<\/li>\n<li>e v\u00ebzhgon fillimin dhe p\u00ebrfundimin e fushat\u00ebs zgjedhore dhe merr masa t\u00eb parapara me k\u00ebt\u00eb kod;<\/li>\n<li>e cakton formularin p\u00ebr paraqitje t\u00eb votimit n\u00eb PDK p\u00ebrkat\u00ebsisht zyra konsullore;<\/li>\n<li>i formon k\u00ebshillat e zgjedhjeve p\u00ebr votim t\u00eb PDK respektivisht zyrat konsullore k\u00ebshilli zgjedhor p\u00ebr votim t\u00eb an\u00ebtar\u00ebve t\u00eb k\u00ebshillave zgjedhore n\u00eb PDK, respektivisht zyrat konsullore<\/li>\n<li>miraton Udh\u00ebzim p\u00ebr organizimin e votimit p\u00ebr an\u00ebtar\u00ebt e k\u00ebshillave zgjedhore n\u00eb PDK, respektivisht n\u00eb zyrat konsullore<\/li>\n<li>e dor\u00ebzon dhe e pranon materialin zgjedhor t\u00eb dhe nga k\u00ebshilli zgjedhor p\u00ebr votim t\u00eb PDK respektivisht zyrat konsullore, n\u00ebp\u00ebrmjet Ministris\u00eb t\u00eb Pun\u00ebve t\u00eb Brendshme;<\/li>\n<li>i mbledh dhe i verifikon rezultatet nga votimi p\u00ebr list\u00ebn e kandidatit p\u00ebr zgjedhje t\u00eb tre deputet\u00ebve, nga nj\u00eb nga nj\u00ebsia zgjedhore p\u00ebr teorin\u00eb n\u00eb Evrop\u00eb dhe Afrik\u00eb, n\u00eb Amerik\u00ebn Veriore dhe Jugore dhe n\u00eb Australi dhe Azi;<\/li>\n<li>plot\u00ebson dhe dor\u00ebzon t\u00eb dh\u00ebna statistikore p\u00ebr nevojat e Entit Shtet\u00ebror t\u00eb Statistik\u00ebs t\u00eb Republik\u00ebs s\u00eb Maqedonis\u00eb;<\/li>\n<li>\u0458publikisht i shpall \u00e7mimet e mediave t\u00eb shtypura dhe t\u00eb radios n\u00eb faqen e tyre t\u00eb internetit;<\/li>\n<li>p\u00ebr seancat e veta ka procesverbale dhe procesverbalet e miratura i publikon n\u00eb faqen e tyre t\u00eb internetit n\u00eb afat prej 48 or\u00ebsh nga dita e miratimit&#8221;. dhe<\/li>\n<li>kryen edhe pun\u00eb t\u00eb tjera t\u00eb p\u00ebrcaktuara me k\u00ebt\u00eb kod.<\/li>\n<li>Komisioni Shtet\u00ebror i Zgjedhjeve ngrit iniciativ\u00eb p\u00ebr procedur\u00eb disiplinore, udh\u00ebheq procedur\u00eb t\u00eb shkeljes, ose parashtron akuz\u00eb penale deri te organi kompetent, gjat\u00eb ekzistimit t\u00eb bazave p\u00ebr dyshim se \u00ebsht\u00eb b\u00ebr\u00eb shkelje e dispozitave t\u00eb k\u00ebtij kodi.<\/li>\n<li>Komisioni Shtet\u00ebror i Zgjedhjeve n\u00eb afat prej tri dit\u00ebsh nga dita e shpalljes s\u00eb zgjedhjeve, paraqet k\u00ebrkes\u00eb n\u00eb organin e administrat\u00ebs shtet\u00ebrore kompetent p\u00ebr udh\u00ebheqje t\u00eb evidenc\u00ebs t\u00eb n\u00ebpun\u00ebsve shtet\u00ebror dhe publik dhe organet kompetente p\u00ebr paraqitjen e t\u00eb dh\u00ebnave p\u00ebr t\u00eb pun\u00ebsuarit n\u00eb administrat\u00ebn shtet\u00ebrore dhe komunale, n\u00eb administrat\u00ebn e Qytetit t\u00eb Shkupit, si dhe n\u00eb administrat\u00ebn publike, t\u00eb sistemuar n\u00ebp\u00ebr komuna sipas adres\u00ebs s\u00eb vendbanimit.<\/li>\n<\/ul>\n<p style=\"text-align: justify;\"><strong>RREGULL\u0410T:<\/strong><\/p>\n<ul>\n<li style=\"text-align: justify;\">Kodi zgjedhor<\/li>\n<li style=\"text-align: justify;\">Rregullorja p\u00ebr sistematizimin e vendeve t\u00eb pun\u00ebs n\u00eb sh\u00ebrbimin professional t\u00eb Komisionit Shtet\u00ebror t\u00eb Zgjedhjeve<\/li>\n<li style=\"text-align: justify;\">Rregullorja p\u00ebr organizim t\u00eb brendsh\u00ebm dhe fush\u00ebveprim t\u00eb pun\u00ebs s\u00eb sh\u00ebrbimit profesional t\u00eb Komisionit Shtet\u00ebror t\u00eb Zgjedhejve dhe organogrami<\/li>\n<li style=\"text-align: justify;\">Rregullorja e p\u00ebrkohshme p\u00ebr pun\u00ebn e Komisionit Shtet\u00ebror t\u00eb Zgjedhjeve<\/li>\n<li style=\"text-align: justify;\">Plani strategjik i Komisionit Shtet\u00ebror t\u00eb Zgjedhjeve<\/li>\n<\/ul>\n<p style=\"text-align: justify;\"><strong>RAPORTET VJETORE T\u00cb KOMISIONIT SHTET\u00cbROR T\u00cb ZGJEDHJEVE<\/strong><\/p>\n<p style=\"text-align: justify;\"><strong>FORMULAR\u00cbT:<\/strong><\/p>\n<ul>\n<li style=\"text-align: justify;\">Formular\u00eb p\u00ebr zgjedhjen e Kryetarit t\u00eb RM<\/li>\n<li style=\"text-align: justify;\">Formular\u00eb p\u00ebr zgjedhjen e deputet\u00ebve n\u00eb Kuvendin e RM<\/li>\n<li style=\"text-align: justify;\">Formular\u00eb p\u00ebr zgjedhjen e Kryetar\u00ebve t\u00eb Komunave dhe an\u00ebtar\u00ebve t\u00eb K\u00ebshillave t\u00eb Komunave dhe p\u00ebr zgjedhjen e Kryetarit t\u00eb komun\u00ebs she an\u00ebtar\u00ebve t\u00eb K\u00ebshillit t\u00eb Qytetit t\u00eb Shkupit<\/li>\n<\/ul>\n<p style=\"text-align: justify;\"><strong>SEANCAT E KOMISIONIT SHTET\u00cbROR T\u00cb ZGJEDHJEVE:<\/strong><\/p>\n<ul>\n<li style=\"text-align: justify;\">Njoftime dhe thirje p\u00ebr seanc\u00eb (rendi i dit\u00ebs)<\/li>\n<li style=\"text-align: justify;\">Procesverbalet e miratuara n\u00eb seancat e Komisionit Shtet\u00ebror t\u00eb Zgjedhjeve<\/li>\n<\/ul>\n<p style=\"text-align: justify;\">K\u00ebrkes\u00eb p\u00ebr qasje n\u00eb informata me karakter publik:<\/p>\n<ul>\n<li style=\"text-align: justify;\">Formular p\u00ebr k\u00ebrkes\u00eb p\u00ebr qasje n\u00eb informata me karakter publik<\/li>\n<\/ul>\n<\/div><\/section><\/p><\/div>\n","protected":false},"excerpt":{"rendered":"","protected":false},"author":3,"featured_media":0,"parent":0,"menu_order":0,"comment_status":"closed","ping_status":"closed","template":"","meta":{"footnotes":""},"class_list":["post-29874","page","type-page","status-publish","hentry"],"yoast_head":"<!-- This site is optimized with the Yoast SEO plugin v26.2 - https:\/\/yoast.com\/wordpress\/plugins\/seo\/ -->\n<title>Lista e informatave publike - Komisioni Shtet\u00ebror i Zgjedhjeve<\/title>\n<meta name=\"robots\" content=\"index, follow, max-snippet:-1, max-image-preview:large, max-video-preview:-1\" \/>\n<link rel=\"canonical\" href=\"https:\/\/www.sec.mk\/sq\/lista-e-informatave-publike\/\" \/>\n<meta property=\"og:locale\" content=\"sq_AL\" \/>\n<meta property=\"og:type\" content=\"article\" \/>\n<meta property=\"og:title\" content=\"Lista e informatave publike - Komisioni Shtet\u00ebror i Zgjedhjeve\" \/>\n<meta property=\"og:url\" content=\"https:\/\/www.sec.mk\/sq\/lista-e-informatave-publike\/\" \/>\n<meta property=\"og:site_name\" content=\"Komisioni Shtet\u00ebror i Zgjedhjeve\" \/>\n<meta property=\"article:modified_time\" content=\"2025-02-05T08:33:34+00:00\" \/>\n<meta name=\"twitter:card\" content=\"summary_large_image\" \/>\n<meta name=\"twitter:label1\" content=\"Est. reading time\" \/>\n\t<meta name=\"twitter:data1\" content=\"8 minuta\" \/>\n<script type=\"application\/ld+json\" class=\"yoast-schema-graph\">{\"@context\":\"https:\/\/schema.org\",\"@graph\":[{\"@type\":\"WebPage\",\"@id\":\"https:\/\/www.sec.mk\/sq\/lista-e-informatave-publike\/\",\"url\":\"https:\/\/www.sec.mk\/sq\/lista-e-informatave-publike\/\",\"name\":\"Lista e informatave publike - Komisioni Shtet\u00ebror i Zgjedhjeve\",\"isPartOf\":{\"@id\":\"https:\/\/www.sec.mk\/#website\"},\"datePublished\":\"2016-08-31T13:06:31+00:00\",\"dateModified\":\"2025-02-05T08:33:34+00:00\",\"breadcrumb\":{\"@id\":\"https:\/\/www.sec.mk\/sq\/lista-e-informatave-publike\/#breadcrumb\"},\"inLanguage\":\"sq\",\"potentialAction\":[{\"@type\":\"ReadAction\",\"target\":[\"https:\/\/www.sec.mk\/sq\/lista-e-informatave-publike\/\"]}]},{\"@type\":\"BreadcrumbList\",\"@id\":\"https:\/\/www.sec.mk\/sq\/lista-e-informatave-publike\/#breadcrumb\",\"itemListElement\":[{\"@type\":\"ListItem\",\"position\":1,\"name\":\"Home\",\"item\":\"https:\/\/www.sec.mk\/sq\/home-alb\/\"},{\"@type\":\"ListItem\",\"position\":2,\"name\":\"Lista e informatave publike\"}]},{\"@type\":\"WebSite\",\"@id\":\"https:\/\/www.sec.mk\/#website\",\"url\":\"https:\/\/www.sec.mk\/\",\"name\":\"Komisioni Shtet\u00ebror i Zgjedhjeve\",\"description\":\"\",\"potentialAction\":[{\"@type\":\"SearchAction\",\"target\":{\"@type\":\"EntryPoint\",\"urlTemplate\":\"https:\/\/www.sec.mk\/?s={search_term_string}\"},\"query-input\":{\"@type\":\"PropertyValueSpecification\",\"valueRequired\":true,\"valueName\":\"search_term_string\"}}],\"inLanguage\":\"sq\"}]}<\/script>\n<!-- \/ Yoast SEO plugin. -->","yoast_head_json":{"title":"Lista e informatave publike - Komisioni Shtet\u00ebror i Zgjedhjeve","robots":{"index":"index","follow":"follow","max-snippet":"max-snippet:-1","max-image-preview":"max-image-preview:large","max-video-preview":"max-video-preview:-1"},"canonical":"https:\/\/www.sec.mk\/sq\/lista-e-informatave-publike\/","og_locale":"sq_AL","og_type":"article","og_title":"Lista e informatave publike - Komisioni Shtet\u00ebror i Zgjedhjeve","og_url":"https:\/\/www.sec.mk\/sq\/lista-e-informatave-publike\/","og_site_name":"Komisioni Shtet\u00ebror i Zgjedhjeve","article_modified_time":"2025-02-05T08:33:34+00:00","twitter_card":"summary_large_image","twitter_misc":{"Est. reading time":"8 minuta"},"schema":{"@context":"https:\/\/schema.org","@graph":[{"@type":"WebPage","@id":"https:\/\/www.sec.mk\/sq\/lista-e-informatave-publike\/","url":"https:\/\/www.sec.mk\/sq\/lista-e-informatave-publike\/","name":"Lista e informatave publike - Komisioni Shtet\u00ebror i Zgjedhjeve","isPartOf":{"@id":"https:\/\/www.sec.mk\/#website"},"datePublished":"2016-08-31T13:06:31+00:00","dateModified":"2025-02-05T08:33:34+00:00","breadcrumb":{"@id":"https:\/\/www.sec.mk\/sq\/lista-e-informatave-publike\/#breadcrumb"},"inLanguage":"sq","potentialAction":[{"@type":"ReadAction","target":["https:\/\/www.sec.mk\/sq\/lista-e-informatave-publike\/"]}]},{"@type":"BreadcrumbList","@id":"https:\/\/www.sec.mk\/sq\/lista-e-informatave-publike\/#breadcrumb","itemListElement":[{"@type":"ListItem","position":1,"name":"Home","item":"https:\/\/www.sec.mk\/sq\/home-alb\/"},{"@type":"ListItem","position":2,"name":"Lista e informatave publike"}]},{"@type":"WebSite","@id":"https:\/\/www.sec.mk\/#website","url":"https:\/\/www.sec.mk\/","name":"Komisioni Shtet\u00ebror i Zgjedhjeve","description":"","potentialAction":[{"@type":"SearchAction","target":{"@type":"EntryPoint","urlTemplate":"https:\/\/www.sec.mk\/?s={search_term_string}"},"query-input":{"@type":"PropertyValueSpecification","valueRequired":true,"valueName":"search_term_string"}}],"inLanguage":"sq"}]}},"_links":{"self":[{"href":"https:\/\/www.sec.mk\/sq\/wp-json\/wp\/v2\/pages\/29874","targetHints":{"allow":["GET"]}}],"collection":[{"href":"https:\/\/www.sec.mk\/sq\/wp-json\/wp\/v2\/pages"}],"about":[{"href":"https:\/\/www.sec.mk\/sq\/wp-json\/wp\/v2\/types\/page"}],"author":[{"embeddable":true,"href":"https:\/\/www.sec.mk\/sq\/wp-json\/wp\/v2\/users\/3"}],"replies":[{"embeddable":true,"href":"https:\/\/www.sec.mk\/sq\/wp-json\/wp\/v2\/comments?post=29874"}],"version-history":[{"count":12,"href":"https:\/\/www.sec.mk\/sq\/wp-json\/wp\/v2\/pages\/29874\/revisions"}],"predecessor-version":[{"id":44130,"href":"https:\/\/www.sec.mk\/sq\/wp-json\/wp\/v2\/pages\/29874\/revisions\/44130"}],"wp:attachment":[{"href":"https:\/\/www.sec.mk\/sq\/wp-json\/wp\/v2\/media?parent=29874"}],"curies":[{"name":"wp","href":"https:\/\/api.w.org\/{rel}","templated":true}]}}