{"id":30336,"date":"2016-02-13T00:05:34","date_gmt":"2016-02-12T23:05:34","guid":{"rendered":"http:\/\/www.sec.mk\/rregullore-e-kshz-se\/"},"modified":"2023-01-31T09:15:11","modified_gmt":"2023-01-31T08:15:11","slug":"rregullore-e-kshz-se","status":"publish","type":"page","link":"https:\/\/www.sec.mk\/sq\/rregullore-e-kshz-se\/","title":{"rendered":"Rregullore e KSHZ-s\u00eb"},"content":{"rendered":"<div  style='padding-bottom:15px; ' class='av-special-heading av-special-heading-h1  blockquote elegant-quote elegant-centered  avia-builder-el-0  el_before_av_hr  avia-builder-el-first  '><h1 class='av-special-heading-tag '  itemprop=\"headline\"  ><span class=\"heading-wrap\">Rregullore e KSHZ-s\u00eb<\/span><\/h1><div class='special-heading-border'><div class='special-heading-inner-border' ><\/div><\/div><\/div>\n<div  style=' margin-top:30px; margin-bottom:30px;'  class='hr hr-custom hr-center hr-icon-no   avia-builder-el-1  el_after_av_heading  el_before_av_textblock '><span class='hr-inner  inner-border-av-border-thin' style=' width:100%;' ><span class='hr-inner-style'><\/span><\/span><\/div>\n<section class=\"av_textblock_section \"  itemscope=\"itemscope\" itemtype=\"https:\/\/schema.org\/CreativeWork\" ><div class='avia_textblock  '   itemprop=\"text\" ><ul>\n<li style=\"text-align: justify;\"><span  class=\"av_font_icon avia_animate_when_visible avia-icon-animate  av-icon-style-  avia-icon-pos-left \" style=\"color:#a81010; border-color:#a81010;\"><a href='https:\/\/drive.google.com\/file\/d\/1V2O3hmYZypSAx_hvF2ZTZCdrrILUm7vo\/view' target=\"_blank\" rel=\"noopener noreferrer\" class='av-icon-char' style='font-size:25px;line-height:25px;' aria-hidden='true' data-av_icon='\ue800' data-av_iconfont='fontello'><\/a><\/span> <a href=\"https:\/\/drive.google.com\/file\/d\/1V2O3hmYZypSAx_hvF2ZTZCdrrILUm7vo\/view\" target=\"_blank\" rel=\"noopener\">Rregullorja e Pun\u00ebs e Komisionit Shtet\u00ebror t\u00eb Zgjedhjeve, 2022<\/a> \u00a0 (\u00a0<a><span  class=\"av_font_icon avia_animate_when_visible avia-icon-animate  av-icon-style-  avia-icon-pos-left \" style=\"color:#a81010; border-color:#a81010;\"><a href='https:\/\/drive.google.com\/file\/d\/1E0ZAmDtvUtyxVWY5Hn1LTcxh2YF3V0NL\/view?usp=share_link' target=\"_blank\" rel=\"noopener noreferrer\" class='av-icon-char' style='font-size:25px;line-height:25px;' aria-hidden='true' data-av_icon='\ue800' data-av_iconfont='fontello'><\/a><\/span> ALB <\/a> \u00a0 <a> <span  class=\"av_font_icon avia_animate_when_visible avia-icon-animate  av-icon-style-  avia-icon-pos-left \" style=\"color:#a81010; border-color:#a81010;\"><a href='https:\/\/drive.google.com\/file\/d\/1y_girZ-83oAybTB3dgLBkFHod8_w_gT8\/view?usp=share_link' target=\"_blank\" rel=\"noopener noreferrer\" class='av-icon-char' style='font-size:25px;line-height:25px;' aria-hidden='true' data-av_icon='\ue800' data-av_iconfont='fontello'><\/a><\/span> MKD-ALB ) <\/a><\/li>\n<li style=\"text-align: justify;\"><span  class=\"av_font_icon avia_animate_when_visible avia-icon-animate  av-icon-style-  avia-icon-pos-left \" style=\"color:#a81010; border-color:#a81010;\"><a href='https:\/\/drive.google.com\/open?id=1kW5kxVIaPS3INfQOAH_hNyd5FBXuc08R' target=\"_blank\" rel=\"noopener noreferrer\" class='av-icon-char' style='font-size:25px;line-height:25px;' aria-hidden='true' data-av_icon='\ue800' data-av_iconfont='fontello'><\/a><\/span><a href=\"https:\/\/drive.google.com\/file\/d\/1kW5kxVIaPS3INfQOAH_hNyd5FBXuc08R\/view\" target=\"_blank\" rel=\"noopener\">Vendim p\u00ebr ndryshimin dhe plot\u00ebsimin e Rregullores s\u00eb Pun\u00ebs, nr. 01-1322\/1 e dat\u00ebs 06.07.2017, t\u00eb Komisionit Shtet\u00ebror t\u00eb Zgjedhjeve<\/a><\/li>\n<li style=\"text-align: justify;\"><span  class=\"av_font_icon avia_animate_when_visible avia-icon-animate  av-icon-style-  avia-icon-pos-left \" style=\"color:#a81010; border-color:#a81010;\"><a href='https:\/\/drive.google.com\/file\/d\/0B8ZpCwro9h-zMzZpRi1EREZ3aTg\/view?resourcekey=0-tNk9HfGAH8iOF-VAwiZR0Q' target=\"_blank\" rel=\"noopener noreferrer\" class='av-icon-char' style='font-size:25px;line-height:25px;' aria-hidden='true' data-av_icon='\ue800' data-av_iconfont='fontello'><\/a><\/span><a href=\"https:\/\/drive.google.com\/file\/d\/0B8ZpCwro9h-zMzZpRi1EREZ3aTg\/view?resourcekey=0-tNk9HfGAH8iOF-VAwiZR0Q\" target=\"_blank\" rel=\"noopener\">Rregullorja e Pun\u00ebs e Komisionit Shtet\u00ebror t\u00eb Zgjedhjeve, 2017<\/a><\/li>\n<\/ul>\n<\/div><\/section>\n","protected":false},"excerpt":{"rendered":"","protected":false},"author":3,"featured_media":0,"parent":0,"menu_order":0,"comment_status":"closed","ping_status":"closed","template":"","meta":{"footnotes":""},"class_list":["post-30336","page","type-page","status-publish","hentry"],"yoast_head":"<!-- This site is optimized with the Yoast SEO plugin v26.2 - https:\/\/yoast.com\/wordpress\/plugins\/seo\/ -->\n<title>Rregullore e KSHZ-s\u00eb - Komisioni Shtet\u00ebror i Zgjedhjeve<\/title>\n<meta name=\"robots\" content=\"index, follow, max-snippet:-1, max-image-preview:large, max-video-preview:-1\" \/>\n<link rel=\"canonical\" href=\"https:\/\/www.sec.mk\/sq\/rregullore-e-kshz-se\/\" \/>\n<meta property=\"og:locale\" content=\"sq_AL\" \/>\n<meta property=\"og:type\" content=\"article\" \/>\n<meta property=\"og:title\" content=\"Rregullore e KSHZ-s\u00eb - Komisioni Shtet\u00ebror i Zgjedhjeve\" \/>\n<meta property=\"og:url\" content=\"https:\/\/www.sec.mk\/sq\/rregullore-e-kshz-se\/\" \/>\n<meta property=\"og:site_name\" content=\"Komisioni Shtet\u00ebror i Zgjedhjeve\" \/>\n<meta property=\"article:modified_time\" content=\"2023-01-31T08:15:11+00:00\" \/>\n<meta name=\"twitter:card\" content=\"summary_large_image\" \/>\n<meta name=\"twitter:label1\" content=\"Est. reading time\" \/>\n\t<meta name=\"twitter:data1\" content=\"1 minut\u00eb\" \/>\n<script type=\"application\/ld+json\" class=\"yoast-schema-graph\">{\"@context\":\"https:\/\/schema.org\",\"@graph\":[{\"@type\":\"WebPage\",\"@id\":\"https:\/\/www.sec.mk\/sq\/rregullore-e-kshz-se\/\",\"url\":\"https:\/\/www.sec.mk\/sq\/rregullore-e-kshz-se\/\",\"name\":\"Rregullore e KSHZ-s\u00eb - Komisioni Shtet\u00ebror i Zgjedhjeve\",\"isPartOf\":{\"@id\":\"https:\/\/www.sec.mk\/#website\"},\"datePublished\":\"2016-02-12T23:05:34+00:00\",\"dateModified\":\"2023-01-31T08:15:11+00:00\",\"breadcrumb\":{\"@id\":\"https:\/\/www.sec.mk\/sq\/rregullore-e-kshz-se\/#breadcrumb\"},\"inLanguage\":\"sq\",\"potentialAction\":[{\"@type\":\"ReadAction\",\"target\":[\"https:\/\/www.sec.mk\/sq\/rregullore-e-kshz-se\/\"]}]},{\"@type\":\"BreadcrumbList\",\"@id\":\"https:\/\/www.sec.mk\/sq\/rregullore-e-kshz-se\/#breadcrumb\",\"itemListElement\":[{\"@type\":\"ListItem\",\"position\":1,\"name\":\"Home\",\"item\":\"https:\/\/www.sec.mk\/sq\/home-alb\/\"},{\"@type\":\"ListItem\",\"position\":2,\"name\":\"Rregullore e KSHZ-s\u00eb\"}]},{\"@type\":\"WebSite\",\"@id\":\"https:\/\/www.sec.mk\/#website\",\"url\":\"https:\/\/www.sec.mk\/\",\"name\":\"Komisioni Shtet\u00ebror i Zgjedhjeve\",\"description\":\"\",\"potentialAction\":[{\"@type\":\"SearchAction\",\"target\":{\"@type\":\"EntryPoint\",\"urlTemplate\":\"https:\/\/www.sec.mk\/?s={search_term_string}\"},\"query-input\":{\"@type\":\"PropertyValueSpecification\",\"valueRequired\":true,\"valueName\":\"search_term_string\"}}],\"inLanguage\":\"sq\"}]}<\/script>\n<!-- \/ Yoast SEO plugin. -->","yoast_head_json":{"title":"Rregullore e KSHZ-s\u00eb - Komisioni Shtet\u00ebror i Zgjedhjeve","robots":{"index":"index","follow":"follow","max-snippet":"max-snippet:-1","max-image-preview":"max-image-preview:large","max-video-preview":"max-video-preview:-1"},"canonical":"https:\/\/www.sec.mk\/sq\/rregullore-e-kshz-se\/","og_locale":"sq_AL","og_type":"article","og_title":"Rregullore e KSHZ-s\u00eb - Komisioni Shtet\u00ebror i Zgjedhjeve","og_url":"https:\/\/www.sec.mk\/sq\/rregullore-e-kshz-se\/","og_site_name":"Komisioni Shtet\u00ebror i Zgjedhjeve","article_modified_time":"2023-01-31T08:15:11+00:00","twitter_card":"summary_large_image","twitter_misc":{"Est. reading time":"1 minut\u00eb"},"schema":{"@context":"https:\/\/schema.org","@graph":[{"@type":"WebPage","@id":"https:\/\/www.sec.mk\/sq\/rregullore-e-kshz-se\/","url":"https:\/\/www.sec.mk\/sq\/rregullore-e-kshz-se\/","name":"Rregullore e KSHZ-s\u00eb - Komisioni Shtet\u00ebror i Zgjedhjeve","isPartOf":{"@id":"https:\/\/www.sec.mk\/#website"},"datePublished":"2016-02-12T23:05:34+00:00","dateModified":"2023-01-31T08:15:11+00:00","breadcrumb":{"@id":"https:\/\/www.sec.mk\/sq\/rregullore-e-kshz-se\/#breadcrumb"},"inLanguage":"sq","potentialAction":[{"@type":"ReadAction","target":["https:\/\/www.sec.mk\/sq\/rregullore-e-kshz-se\/"]}]},{"@type":"BreadcrumbList","@id":"https:\/\/www.sec.mk\/sq\/rregullore-e-kshz-se\/#breadcrumb","itemListElement":[{"@type":"ListItem","position":1,"name":"Home","item":"https:\/\/www.sec.mk\/sq\/home-alb\/"},{"@type":"ListItem","position":2,"name":"Rregullore e KSHZ-s\u00eb"}]},{"@type":"WebSite","@id":"https:\/\/www.sec.mk\/#website","url":"https:\/\/www.sec.mk\/","name":"Komisioni Shtet\u00ebror i Zgjedhjeve","description":"","potentialAction":[{"@type":"SearchAction","target":{"@type":"EntryPoint","urlTemplate":"https:\/\/www.sec.mk\/?s={search_term_string}"},"query-input":{"@type":"PropertyValueSpecification","valueRequired":true,"valueName":"search_term_string"}}],"inLanguage":"sq"}]}},"_links":{"self":[{"href":"https:\/\/www.sec.mk\/sq\/wp-json\/wp\/v2\/pages\/30336","targetHints":{"allow":["GET"]}}],"collection":[{"href":"https:\/\/www.sec.mk\/sq\/wp-json\/wp\/v2\/pages"}],"about":[{"href":"https:\/\/www.sec.mk\/sq\/wp-json\/wp\/v2\/types\/page"}],"author":[{"embeddable":true,"href":"https:\/\/www.sec.mk\/sq\/wp-json\/wp\/v2\/users\/3"}],"replies":[{"embeddable":true,"href":"https:\/\/www.sec.mk\/sq\/wp-json\/wp\/v2\/comments?post=30336"}],"version-history":[{"count":16,"href":"https:\/\/www.sec.mk\/sq\/wp-json\/wp\/v2\/pages\/30336\/revisions"}],"predecessor-version":[{"id":38720,"href":"https:\/\/www.sec.mk\/sq\/wp-json\/wp\/v2\/pages\/30336\/revisions\/38720"}],"wp:attachment":[{"href":"https:\/\/www.sec.mk\/sq\/wp-json\/wp\/v2\/media?parent=30336"}],"curies":[{"name":"wp","href":"https:\/\/api.w.org\/{rel}","templated":true}]}}