{"id":30384,"date":"2017-11-17T11:12:20","date_gmt":"2017-11-17T10:12:20","guid":{"rendered":"http:\/\/www.sec.mk\/sistematizacija-na-struchna-sluzhba-na-dik\/"},"modified":"2025-05-28T16:30:54","modified_gmt":"2025-05-28T14:30:54","slug":"sistematizacija-na-struchna-sluzhba-na-dik","status":"publish","type":"page","link":"https:\/\/www.sec.mk\/sq\/sistematizacija-na-struchna-sluzhba-na-dik\/","title":{"rendered":"\u0421\u0438\u0441\u0442\u0435\u043c\u0430\u0442\u0438\u0437\u0430\u0446\u0438\u0458\u0430 \u043d\u0430 \u0421\u0442\u0440\u0443\u0447\u043d\u0430 \u0441\u043b\u0443\u0436\u0431\u0430 \u043d\u0430 \u0414\u0418\u041a"},"content":{"rendered":"<div id='av_section_1'  class='avia-section main_color avia-section-default avia-no-border-styling  avia-bg-style-scroll  avia-builder-el-0  avia-builder-el-no-sibling   container_wrap fullsize' style=' '  ><div class='container' ><main  role=\"main\" itemprop=\"mainContentOfPage\"  class='template-page content  av-content-full alpha units'><div class='post-entry post-entry-type-page post-entry-30384'><div class='entry-content-wrapper clearfix'>\n<div class=\"flex_column av_one_full  flex_column_div av-zero-column-padding first  avia-builder-el-1  avia-builder-el-no-sibling  \" style='border-radius:0px; '><p><div  style='padding-bottom:30px; ' class='av-special-heading av-special-heading-h1  blockquote elegant-quote elegant-centered  avia-builder-el-2  el_before_av_tab_container  avia-builder-el-first  '><h1 class='av-special-heading-tag '  itemprop=\"headline\"  ><span class=\"heading-wrap\">SISETMATIZIMI I SH\u00cbRBIMIT PROFESIONAL T\u00cb KSHZ-S\u00cb<\/span><\/h1><div class='special-heading-border'><div class='special-heading-inner-border' ><\/div><\/div><\/div><br \/>\n<div  class=\"tabcontainer   sidebar_tab sidebar_tab_left border_tabs  avia-builder-el-3  el_after_av_heading  avia-builder-el-last \" role=\"tablist\">\n\n<section class=\"av_tab_section\"  itemscope=\"itemscope\" itemtype=\"https:\/\/schema.org\/CreativeWork\" ><div aria-controls=\"tab-id-1-content\" role=\"tab\" tabindex=\"0\" data-fake-id=\"#tab-id-1\" class=\"tab active_tab\"  itemprop=\"headline\" >SISETMATIZIMI I SHP T\u00cb KSHZ-S\u00cb<\/div>\n<div id=\"tab-id-1-content\" class=\"tab_content active_tab_content\" aria-hidden=\"false\">\n<div class=\"tab_inner_content invers-color\"  itemprop=\"text\" >\n<ul>\n<li><a href=\"https:\/\/drive.google.com\/file\/d\/17lSZ0dUYiZeWJRKxxQLd7uKjxseya86N\/view?usp=sharing\" target=\"_blank\" rel=\"noopener\">Rregullore p\u00ebr sistematizimin e vendeve t\u00eb pun\u00ebs n\u00eb Sh\u00ebrbimin Profesional t\u00eb KSHZ-s\u00eb<\/a><\/li>\n<li><a href=\"https:\/\/drive.google.com\/file\/d\/1H7ZjC6Ep4ILDi2DHg19xj01ZFG3O-XKJ\/view?usp=sharing\" target=\"_blank\" rel=\"noopener\">Rregullore p\u00ebr organizimin e brendsh\u00ebm dhe fush\u00ebveprimin e pun\u00ebs s\u00eb Sh\u00ebrbimit Profesional t\u00eb KSHZ-s\u00eb<\/a><\/li>\n<\/ul>\n\n<\/div>\n<\/div>\n<\/section>\n\n<section class=\"av_tab_section\"  itemscope=\"itemscope\" itemtype=\"https:\/\/schema.org\/CreativeWork\" ><div aria-controls=\"tab-id-2-content\" role=\"tab\" tabindex=\"0\" data-fake-id=\"#tab-id-2\" class=\"tab \"  itemprop=\"headline\" >ARKIVI - SISETMATIZIMI I SHP T\u00cb KSHZ-S\u00cb<\/div>\n<div id=\"tab-id-2-content\" class=\"tab_content \" aria-hidden=\"true\">\n<div class=\"tab_inner_content invers-color\"  itemprop=\"text\" >\n<ul>\n<li><span  class=\"av_font_icon avia_animate_when_visible avia-icon-animate  av-icon-style-  avia-icon-pos-left \" style=\"color:#a81010; border-color:#a81010;\"><span class='av-icon-char' style='font-size:25px;line-height:25px;' aria-hidden='true' data-av_icon='\ue800' data-av_iconfont='fontello' ><\/span><\/span> <a href=\"https:\/\/drive.google.com\/open?id=1SKlVxnaOPtqNIFFggNB1WQzKUJg8Qvgc\" target=\"_blank\" rel=\"noopener\">Rregullore p\u00ebr sistematizimin e vendeve t\u00eb pun\u00ebs n\u00eb Sh\u00ebrbimin Profesional t\u00eb KSHZ-s\u00eb &#8211; 04.08.2017<\/a><\/li>\n<\/ul>\n<ul>\n<li><span  class=\"av_font_icon avia_animate_when_visible avia-icon-animate  av-icon-style-  avia-icon-pos-left \" style=\"color:#a81010; border-color:#a81010;\"><span class='av-icon-char' style='font-size:25px;line-height:25px;' aria-hidden='true' data-av_icon='\ue800' data-av_iconfont='fontello' ><\/span><\/span> <a href=\"https:\/\/drive.google.com\/open?id=1fjSJB-H5TvFyePqyUssg9cdxCmEbB3Lz\" target=\"_blank\" rel=\"noopener\">Rregullore p\u00ebr organizimin e brendsh\u00ebm dhe fush\u00ebveprimin e pun\u00ebs s\u00eb Sh\u00ebrbimit Profesional t\u00eb KSHZ-s &#8211; 04.08.2017<\/a><\/li>\n<\/ul>\n<ul>\n<li><span  class=\"av_font_icon avia_animate_when_visible avia-icon-animate  av-icon-style-  avia-icon-pos-left \" style=\"color:#a81010; border-color:#a81010;\"><span class='av-icon-char' style='font-size:25px;line-height:25px;' aria-hidden='true' data-av_icon='\ue800' data-av_iconfont='fontello' ><\/span><\/span> <a href=\"https:\/\/www.sec.mk\/files\/Sistematizacija_DIK_PT.pdf\" target=\"_blank\" rel=\"noopener\">Rregullore p\u00ebr sistematizimin e SHP t\u00eb KSHZ-s\u00eb &#8211; 09.04.2010<\/a><\/li>\n<\/ul>\n<ul>\n<li><span  class=\"av_font_icon avia_animate_when_visible avia-icon-animate  av-icon-style-  avia-icon-pos-left \" style=\"color:#a81010; border-color:#a81010;\"><span class='av-icon-char' style='font-size:25px;line-height:25px;' aria-hidden='true' data-av_icon='\ue800' data-av_iconfont='fontello' ><\/span><\/span> <a href=\"https:\/\/www.sec.mk\/files\/Vnatresna_organizacija_DIK_PT.pdf\" target=\"_blank\" rel=\"noopener\">Rregullore p\u00ebr organizimin e brendsh\u00ebm t\u00eb SHP t\u00eb KSHZ-s\u00eb &#8211; shtator 2009<\/a><\/li>\n<\/ul>\n<ul>\n<li><span  class=\"av_font_icon avia_animate_when_visible avia-icon-animate  av-icon-style-  avia-icon-pos-left \" style=\"color:#a81010; border-color:#a81010;\"><span class='av-icon-char' style='font-size:25px;line-height:25px;' aria-hidden='true' data-av_icon='\ue800' data-av_iconfont='fontello' ><\/span><\/span> <a href=\"https:\/\/www.sec.mk\/files\/Sistamatizacija_DIK_tabelarno_PT.pdf\" target=\"_blank\" rel=\"noopener\">Paraqitje tabelare e sistematizimit<\/a><\/li>\n<\/ul>\n\n<\/div>\n<\/div>\n<\/section>\n\n<\/div>\n<\/p><\/div>\n","protected":false},"excerpt":{"rendered":"","protected":false},"author":3,"featured_media":0,"parent":0,"menu_order":0,"comment_status":"closed","ping_status":"closed","template":"","meta":{"footnotes":""},"class_list":["post-30384","page","type-page","status-publish","hentry"],"yoast_head":"<!-- This site is optimized with the Yoast SEO plugin v26.2 - https:\/\/yoast.com\/wordpress\/plugins\/seo\/ -->\n<title>\u0421\u0438\u0441\u0442\u0435\u043c\u0430\u0442\u0438\u0437\u0430\u0446\u0438\u0458\u0430 \u043d\u0430 \u0421\u0442\u0440\u0443\u0447\u043d\u0430 \u0441\u043b\u0443\u0436\u0431\u0430 \u043d\u0430 \u0414\u0418\u041a - Komisioni Shtet\u00ebror i Zgjedhjeve<\/title>\n<meta name=\"robots\" content=\"index, follow, max-snippet:-1, max-image-preview:large, max-video-preview:-1\" \/>\n<link rel=\"canonical\" href=\"https:\/\/www.sec.mk\/sq\/sistematizacija-na-struchna-sluzhba-na-dik\/\" \/>\n<meta property=\"og:locale\" content=\"sq_AL\" \/>\n<meta property=\"og:type\" content=\"article\" \/>\n<meta property=\"og:title\" content=\"\u0421\u0438\u0441\u0442\u0435\u043c\u0430\u0442\u0438\u0437\u0430\u0446\u0438\u0458\u0430 \u043d\u0430 \u0421\u0442\u0440\u0443\u0447\u043d\u0430 \u0441\u043b\u0443\u0436\u0431\u0430 \u043d\u0430 \u0414\u0418\u041a - Komisioni Shtet\u00ebror i Zgjedhjeve\" \/>\n<meta property=\"og:url\" content=\"https:\/\/www.sec.mk\/sq\/sistematizacija-na-struchna-sluzhba-na-dik\/\" \/>\n<meta property=\"og:site_name\" content=\"Komisioni Shtet\u00ebror i Zgjedhjeve\" \/>\n<meta property=\"article:modified_time\" content=\"2025-05-28T14:30:54+00:00\" \/>\n<meta name=\"twitter:card\" content=\"summary_large_image\" \/>\n<meta name=\"twitter:label1\" content=\"Est. reading time\" \/>\n\t<meta name=\"twitter:data1\" content=\"2 minuta\" \/>\n<script type=\"application\/ld+json\" class=\"yoast-schema-graph\">{\"@context\":\"https:\/\/schema.org\",\"@graph\":[{\"@type\":\"WebPage\",\"@id\":\"https:\/\/www.sec.mk\/sq\/sistematizacija-na-struchna-sluzhba-na-dik\/\",\"url\":\"https:\/\/www.sec.mk\/sq\/sistematizacija-na-struchna-sluzhba-na-dik\/\",\"name\":\"\u0421\u0438\u0441\u0442\u0435\u043c\u0430\u0442\u0438\u0437\u0430\u0446\u0438\u0458\u0430 \u043d\u0430 \u0421\u0442\u0440\u0443\u0447\u043d\u0430 \u0441\u043b\u0443\u0436\u0431\u0430 \u043d\u0430 \u0414\u0418\u041a - Komisioni Shtet\u00ebror i Zgjedhjeve\",\"isPartOf\":{\"@id\":\"https:\/\/www.sec.mk\/#website\"},\"datePublished\":\"2017-11-17T10:12:20+00:00\",\"dateModified\":\"2025-05-28T14:30:54+00:00\",\"breadcrumb\":{\"@id\":\"https:\/\/www.sec.mk\/sq\/sistematizacija-na-struchna-sluzhba-na-dik\/#breadcrumb\"},\"inLanguage\":\"sq\",\"potentialAction\":[{\"@type\":\"ReadAction\",\"target\":[\"https:\/\/www.sec.mk\/sq\/sistematizacija-na-struchna-sluzhba-na-dik\/\"]}]},{\"@type\":\"BreadcrumbList\",\"@id\":\"https:\/\/www.sec.mk\/sq\/sistematizacija-na-struchna-sluzhba-na-dik\/#breadcrumb\",\"itemListElement\":[{\"@type\":\"ListItem\",\"position\":1,\"name\":\"Home\",\"item\":\"https:\/\/www.sec.mk\/sq\/home-alb\/\"},{\"@type\":\"ListItem\",\"position\":2,\"name\":\"\u0421\u0438\u0441\u0442\u0435\u043c\u0430\u0442\u0438\u0437\u0430\u0446\u0438\u0458\u0430 \u043d\u0430 \u0421\u0442\u0440\u0443\u0447\u043d\u0430 \u0441\u043b\u0443\u0436\u0431\u0430 \u043d\u0430 \u0414\u0418\u041a\"}]},{\"@type\":\"WebSite\",\"@id\":\"https:\/\/www.sec.mk\/#website\",\"url\":\"https:\/\/www.sec.mk\/\",\"name\":\"Komisioni Shtet\u00ebror i Zgjedhjeve\",\"description\":\"\",\"potentialAction\":[{\"@type\":\"SearchAction\",\"target\":{\"@type\":\"EntryPoint\",\"urlTemplate\":\"https:\/\/www.sec.mk\/?s={search_term_string}\"},\"query-input\":{\"@type\":\"PropertyValueSpecification\",\"valueRequired\":true,\"valueName\":\"search_term_string\"}}],\"inLanguage\":\"sq\"}]}<\/script>\n<!-- \/ Yoast SEO plugin. -->","yoast_head_json":{"title":"\u0421\u0438\u0441\u0442\u0435\u043c\u0430\u0442\u0438\u0437\u0430\u0446\u0438\u0458\u0430 \u043d\u0430 \u0421\u0442\u0440\u0443\u0447\u043d\u0430 \u0441\u043b\u0443\u0436\u0431\u0430 \u043d\u0430 \u0414\u0418\u041a - Komisioni Shtet\u00ebror i Zgjedhjeve","robots":{"index":"index","follow":"follow","max-snippet":"max-snippet:-1","max-image-preview":"max-image-preview:large","max-video-preview":"max-video-preview:-1"},"canonical":"https:\/\/www.sec.mk\/sq\/sistematizacija-na-struchna-sluzhba-na-dik\/","og_locale":"sq_AL","og_type":"article","og_title":"\u0421\u0438\u0441\u0442\u0435\u043c\u0430\u0442\u0438\u0437\u0430\u0446\u0438\u0458\u0430 \u043d\u0430 \u0421\u0442\u0440\u0443\u0447\u043d\u0430 \u0441\u043b\u0443\u0436\u0431\u0430 \u043d\u0430 \u0414\u0418\u041a - Komisioni Shtet\u00ebror i Zgjedhjeve","og_url":"https:\/\/www.sec.mk\/sq\/sistematizacija-na-struchna-sluzhba-na-dik\/","og_site_name":"Komisioni Shtet\u00ebror i Zgjedhjeve","article_modified_time":"2025-05-28T14:30:54+00:00","twitter_card":"summary_large_image","twitter_misc":{"Est. reading time":"2 minuta"},"schema":{"@context":"https:\/\/schema.org","@graph":[{"@type":"WebPage","@id":"https:\/\/www.sec.mk\/sq\/sistematizacija-na-struchna-sluzhba-na-dik\/","url":"https:\/\/www.sec.mk\/sq\/sistematizacija-na-struchna-sluzhba-na-dik\/","name":"\u0421\u0438\u0441\u0442\u0435\u043c\u0430\u0442\u0438\u0437\u0430\u0446\u0438\u0458\u0430 \u043d\u0430 \u0421\u0442\u0440\u0443\u0447\u043d\u0430 \u0441\u043b\u0443\u0436\u0431\u0430 \u043d\u0430 \u0414\u0418\u041a - Komisioni Shtet\u00ebror i Zgjedhjeve","isPartOf":{"@id":"https:\/\/www.sec.mk\/#website"},"datePublished":"2017-11-17T10:12:20+00:00","dateModified":"2025-05-28T14:30:54+00:00","breadcrumb":{"@id":"https:\/\/www.sec.mk\/sq\/sistematizacija-na-struchna-sluzhba-na-dik\/#breadcrumb"},"inLanguage":"sq","potentialAction":[{"@type":"ReadAction","target":["https:\/\/www.sec.mk\/sq\/sistematizacija-na-struchna-sluzhba-na-dik\/"]}]},{"@type":"BreadcrumbList","@id":"https:\/\/www.sec.mk\/sq\/sistematizacija-na-struchna-sluzhba-na-dik\/#breadcrumb","itemListElement":[{"@type":"ListItem","position":1,"name":"Home","item":"https:\/\/www.sec.mk\/sq\/home-alb\/"},{"@type":"ListItem","position":2,"name":"\u0421\u0438\u0441\u0442\u0435\u043c\u0430\u0442\u0438\u0437\u0430\u0446\u0438\u0458\u0430 \u043d\u0430 \u0421\u0442\u0440\u0443\u0447\u043d\u0430 \u0441\u043b\u0443\u0436\u0431\u0430 \u043d\u0430 \u0414\u0418\u041a"}]},{"@type":"WebSite","@id":"https:\/\/www.sec.mk\/#website","url":"https:\/\/www.sec.mk\/","name":"Komisioni Shtet\u00ebror i Zgjedhjeve","description":"","potentialAction":[{"@type":"SearchAction","target":{"@type":"EntryPoint","urlTemplate":"https:\/\/www.sec.mk\/?s={search_term_string}"},"query-input":{"@type":"PropertyValueSpecification","valueRequired":true,"valueName":"search_term_string"}}],"inLanguage":"sq"}]}},"_links":{"self":[{"href":"https:\/\/www.sec.mk\/sq\/wp-json\/wp\/v2\/pages\/30384","targetHints":{"allow":["GET"]}}],"collection":[{"href":"https:\/\/www.sec.mk\/sq\/wp-json\/wp\/v2\/pages"}],"about":[{"href":"https:\/\/www.sec.mk\/sq\/wp-json\/wp\/v2\/types\/page"}],"author":[{"embeddable":true,"href":"https:\/\/www.sec.mk\/sq\/wp-json\/wp\/v2\/users\/3"}],"replies":[{"embeddable":true,"href":"https:\/\/www.sec.mk\/sq\/wp-json\/wp\/v2\/comments?post=30384"}],"version-history":[{"count":17,"href":"https:\/\/www.sec.mk\/sq\/wp-json\/wp\/v2\/pages\/30384\/revisions"}],"predecessor-version":[{"id":44354,"href":"https:\/\/www.sec.mk\/sq\/wp-json\/wp\/v2\/pages\/30384\/revisions\/44354"}],"wp:attachment":[{"href":"https:\/\/www.sec.mk\/sq\/wp-json\/wp\/v2\/media?parent=30384"}],"curies":[{"name":"wp","href":"https:\/\/api.w.org\/{rel}","templated":true}]}}