{"id":30468,"date":"2021-08-11T13:35:36","date_gmt":"2021-08-11T11:35:36","guid":{"rendered":"http:\/\/www.sec.mk\/edukacija-lokalni-izbori-2020\/"},"modified":"2021-08-24T10:49:24","modified_gmt":"2021-08-24T08:49:24","slug":"edukacija-lokalni-izbori-2020","status":"publish","type":"page","link":"https:\/\/www.sec.mk\/sq\/edukacija-lokalni-izbori-2020\/","title":{"rendered":"EDUKIM ZGJEDHJET LOKALE 2020"},"content":{"rendered":"<div class=\"flex_column av_one_full  flex_column_div av-zero-column-padding first  avia-builder-el-0  el_before_av_tab_section  avia-builder-el-no-sibling  \" style='border-radius:0px; '><div  style='padding-bottom:10px; ' class='av-special-heading av-special-heading-h1  blockquote elegant-quote elegant-centered  avia-builder-el-1  avia-builder-el-no-sibling  '><h1 class='av-special-heading-tag '  itemprop=\"headline\"  ><span class=\"heading-wrap\">EDUKIM &#8211;   ZGJEDHJET LOKALE 2020<\/span><\/h1><div class='special-heading-border'><div class='special-heading-inner-border' ><\/div><\/div><\/div><\/div>\n<\/div><\/div><\/div><!-- close content main div --><\/div><\/div><div id='av-tab-section-1'  class='av-tab-section-container entry-content-wrapper main_color av-tab-slide-transition av-tab-content-auto  av-tab-above-content  avia-builder-el-2  el_after_av_one_full  avia-builder-el-last  submenu-not-first container_wrap fullsize' style=' '  ><div class='av-tab-section-outer-container'><div class='av-tab-section-tab-title-container avia-tab-title-padding-default ' style='background-color:#f2f2f2; ' role='tablist'><a href='#votues' data-av-tab-section-title='1' class='av-section-tab-title av-active-tab-title no-scroll av-tab-with-icon av-tab-no-image  ' role='tab' tabindex='0' aria-controls='av-tab-section-1-1'><span class='av-tab-section-icon' aria-hidden='true' data-av_icon='\ue80a' data-av_iconfont='entypo-fontello'><\/span><span class='av-outer-tab-title'><span class='av-inner-tab-title'>VOTUES<\/span><\/span><span class='av-tab-arrow-container'><span><\/span><\/span><\/a><a href='#organet-zgjedhore' data-av-tab-section-title='2' class='av-section-tab-title  av-tab-with-icon av-tab-no-image  ' role='tab' tabindex='0' aria-controls='av-tab-section-1-2'><span class='av-tab-section-icon' aria-hidden='true' data-av_icon='\uf114' data-av_iconfont='flaticon'><\/span><span class='av-outer-tab-title'><span class='av-inner-tab-title'>ORGANET ZGJEDHORE<\/span><\/span><span class='av-tab-arrow-container'><span><\/span><\/span><\/a><a href='#kandidatt' data-av-tab-section-title='3' class='av-section-tab-title  av-tab-with-icon av-tab-no-image  ' role='tab' tabindex='0' aria-controls='av-tab-section-1-3'><span class='av-tab-section-icon' aria-hidden='true' data-av_icon='\ue80b' data-av_iconfont='entypo-fontello'><\/span><span class='av-outer-tab-title'><span class='av-inner-tab-title'>KANDIDAT\u00cbT<\/span><\/span><span class='av-tab-arrow-container'><span><\/span><\/span><\/a><a href='#vzhguesit' data-av-tab-section-title='4' class='av-section-tab-title  av-tab-with-icon av-tab-no-image  ' role='tab' tabindex='0' aria-controls='av-tab-section-1-4'><span class='av-tab-section-icon' aria-hidden='true' data-av_icon='\uf129' data-av_iconfont='flaticon'><\/span><span class='av-outer-tab-title'><span class='av-inner-tab-title'>V\u00cbZHGUESIT<\/span><\/span><span class='av-tab-arrow-container'><span><\/span><\/span><\/a><a href='#kurse-online' data-av-tab-section-title='5' class='av-section-tab-title  av-tab-with-icon av-tab-no-image  ' role='tab' tabindex='0' aria-controls='av-tab-section-1-5'><span class='av-tab-section-icon' aria-hidden='true' data-av_icon='\ue8ab' data-av_iconfont='entypo-fontello'><\/span><span class='av-outer-tab-title'><span class='av-inner-tab-title'>KURSE ONLINE<\/span><\/span><span class='av-tab-arrow-container'><span><\/span><\/span><\/a><\/div><div class='avia-slideshow-arrows av-tabsection-arrow' ><a href='#prev' class='prev-slide av_prev_tab_section av-tab-section-slide' aria-hidden='true' data-av_icon='\ue87c' data-av_iconfont='entypo-fontello' aria-hidden='true' tabindex='-1'>Previous<\/a><a href='#next' class='next-slide av_next_tab_section av-tab-section-slide' aria-hidden='true' data-av_icon='\ue87d' data-av_iconfont='entypo-fontello' aria-hidden='true' tabindex='-1'>Next<\/a><\/div><div class='av-tab-section-inner-container avia-section-default' style='width:500vw; left:0%;'><span class='av_prev_tab_section av_tab_navigation'><\/span><span class='av_next_tab_section av_tab_navigation'><\/span>\n<div id=\"av-tab-section-1-1\" data-av-tab-section-content=\"1\" class=\"av-layout-tab av-animation-delay-container av-active-tab-content __av_init_open  avia-builder-el-3  el_before_av_tab_sub_section  avia-builder-el-first   \" style='vertical-align:top; '  data-tab-section-id=\"votues\"><div class='av-layout-tab-inner'><div class='container'><p><div class=\"flex_column av_one_half  av-animated-generic pop-up  flex_column_div first  avia-builder-el-4  el_before_av_one_half  avia-builder-el-first  \" style='box-shadow: 0 0 10px 0 #e1e1e1; padding:20px; border-radius:0px; '><div  id=\"education-btn-full-width\"  class='avia-button-wrap avia-button-center  avia-builder-el-5  avia-builder-el-no-sibling  btn-box-full-width' ><a href='https:\/\/drive.google.com\/file\/d\/1VRGfkntvbHk6Ic0FKJDs2tAs9qvZdPPV\/view?usp=sharing' class='avia-button avia-button-fullwidth   avia-icon_select-yes-left-icon avia-color-custom ' target=\"_blank\" rel=\"noopener noreferrer\" style='color:#222222; background-color:#f8f8f8; '><span class='avia_button_icon avia_button_icon_left' aria-hidden='true' data-av_icon='\ue84e' data-av_iconfont='entypo-fontello'><\/span><span class='avia_iconbox_title' >Doracak p\u00ebr votuesit e rinj<\/span><span class='avia_button_background avia-button avia-button-fullwidth avia-color-custom' style='background-color:#e1e1e1;'><\/span><\/a><\/div><\/div><div class=\"flex_column av_one_half  av-animated-generic pop-up  flex_column_div   avia-builder-el-6  el_after_av_one_half  el_before_av_one_third  \" style='box-shadow: 0 0 10px 0 #e1e1e1; padding:20px; border-radius:0px; '><p><div  style='padding-bottom:10px; ' class='av-special-heading av-special-heading-h4  blockquote modern-quote  avia-builder-el-7  el_before_av_player  avia-builder-el-first  '><h4 class='av-special-heading-tag '  itemprop=\"headline\"  >Audio doracak p\u00ebr personat e verb\u00ebr dhe personat me shiqim t\u00eb d\u00ebmtuar, me masat mbrojt\u00ebse t\u00eb Kovid-19<\/h4><div class='special-heading-border'><div class='special-heading-inner-border' ><\/div><\/div><\/div><br \/>\n<div id=\"av_player-0\" class=\"av-player av-player-container   avia-builder-el-8  el_after_av_heading  avia-builder-el-last  av-player-hide-playlist first avia-playerstyle-minimal avia-playlist-hide-cover\" ><div class=\"av-player-player-container\"><!--[if lt IE 9]><script>document.createElement('audio');<\/script><![endif]-->\n\t<div class=\"wp-playlist wp-audio-playlist wp-playlist-light\">\n\t\t\t<div class=\"wp-playlist-current-item\"><\/div>\n\t\t<audio controls=\"controls\" preload=\"none\" width=\"1478\"\n\t\t\t><\/audio>\n\t<div class=\"wp-playlist-next\"><\/div>\n\t<div class=\"wp-playlist-prev\"><\/div>\n\t<noscript>\n\t<ol>\n\t\t<li><a href='https:\/\/www.sec.mk\/wp-content\/uploads\/2021\/08\/Upatstvo-za-izbiraci-so-vizuelna-poprecenost-ALB.mp3'>Upatstvo-za-izbiraci-so-vizuelna-poprecenost-ALB<\/a><\/li>\t<\/ol>\n\t<\/noscript>\n\t<script type=\"application\/json\" class=\"wp-playlist-script\">{\"type\":\"audio\",\"tracklist\":true,\"tracknumbers\":true,\"images\":false,\"artists\":true,\"tracks\":[{\"src\":\"https:\\\/\\\/www.sec.mk\\\/wp-content\\\/uploads\\\/2021\\\/08\\\/Upatstvo-za-izbiraci-so-vizuelna-poprecenost-ALB.mp3\",\"type\":\"audio\\\/mpeg\",\"title\":\"Upatstvo-za-izbiraci-so-vizuelna-poprecenost-ALB\",\"caption\":\"\",\"description\":\"\\\"Upatstvo-za-izbiraci-so-vizuelna-poprecenost-ALB\\\". Released: 2020.\",\"meta\":{\"year\":\"2020\",\"length_formatted\":\"9:33\"}}]}<\/script>\n<\/div>\n\t<\/div><\/div><\/p><\/div><div class=\"flex_column av_one_third  av-animated-generic pop-up  flex_column_div first  avia-builder-el-9  el_after_av_one_half  el_before_av_one_third  column-top-margin\" style='box-shadow: 0 0 10px 0 #e1e1e1; padding:20px; border-radius:0px; '><p><div  style='padding-bottom:10px; ' class='av-special-heading av-special-heading-h4  blockquote modern-quote  avia-builder-el-10  el_before_av_video  avia-builder-el-first  '><h4 class='av-special-heading-tag '  itemprop=\"headline\"  >Protokolli i Votimit n\u00eb dit\u00ebn e zgjedhjeve \u2013 15 Korrik 2020<\/h4><div class='special-heading-border'><div class='special-heading-inner-border' ><\/div><\/div><\/div><br \/>\n<div  class='avia-video avia-video-16-9   av-lazyload-immediate  av-lazyload-video-embed  '   itemprop=\"video\" itemtype=\"https:\/\/schema.org\/VideoObject\"  data-original_url='https:\/\/www.youtube.com\/watch?v=ByfJmMLKxDI&feature=emb_title' ><script type='text\/html' class='av-video-tmpl'><div class='avia-iframe-wrap'><iframe title=\"Protokolli i Votimit n\u00eb dit\u00ebn e zgjedhjeve - 15 Korrik 2020\" width=\"1500\" height=\"844\" src=\"https:\/\/www.youtube.com\/embed\/ByfJmMLKxDI?feature=oembed&autoplay=0&loop=0&controls=1&mute=0\" frameborder=\"0\" allow=\"accelerometer; autoplay; clipboard-write; encrypted-media; gyroscope; picture-in-picture\" allowfullscreen><\/iframe><\/div><\/script><div class='av-click-to-play-overlay'><div class=\"avia_playpause_icon\"><\/div><\/div><\/div><\/p><\/div><div class=\"flex_column av_one_third  av-animated-generic pop-up  flex_column_div   avia-builder-el-12  el_after_av_one_third  el_before_av_one_third  column-top-margin\" style='box-shadow: 0 0 10px 0 #e1e1e1; padding:20px; border-radius:0px; '><p><div  style='padding-bottom:10px; ' class='av-special-heading av-special-heading-h4  blockquote modern-quote  avia-builder-el-13  el_before_av_video  avia-builder-el-first  '><h4 class='av-special-heading-tag '  itemprop=\"headline\"  >Protokolli i votimit t\u00eb izolimit<\/h4><div class='special-heading-border'><div class='special-heading-inner-border' ><\/div><\/div><\/div><br \/>\n<div  class='avia-video avia-video-16-9   av-lazyload-immediate  av-lazyload-video-embed  '   itemprop=\"video\" itemtype=\"https:\/\/schema.org\/VideoObject\"  data-original_url='https:\/\/www.youtube.com\/watch?v=ksvc14uRxRo' ><script type='text\/html' class='av-video-tmpl'><div class='avia-iframe-wrap'><iframe title=\"Protokolli i votimit t\u00eb izolimit  -  \u00cbsht\u00eb radha jote!\" width=\"1500\" height=\"844\" src=\"https:\/\/www.youtube.com\/embed\/ksvc14uRxRo?feature=oembed&autoplay=0&loop=0&controls=1&mute=0\" frameborder=\"0\" allow=\"accelerometer; autoplay; clipboard-write; encrypted-media; gyroscope; picture-in-picture\" allowfullscreen><\/iframe><\/div><\/script><div class='av-click-to-play-overlay'><div class=\"avia_playpause_icon\"><\/div><\/div><\/div><\/p><\/div><div class=\"flex_column av_one_third  av-animated-generic pop-up  flex_column_div   avia-builder-el-15  el_after_av_one_third  el_before_av_hr  column-top-margin\" style='box-shadow: 0 0 10px 0 #e1e1e1; padding:20px; border-radius:0px; '><p><div  style='padding-bottom:10px; ' class='av-special-heading av-special-heading-h4  blockquote modern-quote  avia-builder-el-16  el_before_av_video  avia-builder-el-first  '><h4 class='av-special-heading-tag '  itemprop=\"headline\"  >T\u00eb drejtat e personave me nevoja t\u00eb posa\u00e7me<\/h4><div class='special-heading-border'><div class='special-heading-inner-border' ><\/div><\/div><\/div><br \/>\n<div  class='avia-video avia-video-16-9   av-lazyload-immediate  av-lazyload-video-embed  '   itemprop=\"video\" itemtype=\"https:\/\/schema.org\/VideoObject\"  data-original_url='https:\/\/www.youtube.com\/watch?v=Ze7iOm3ut5M' ><script type='text\/html' class='av-video-tmpl'><div class='avia-iframe-wrap'><iframe title=\"\u0422\u0432\u043e\u0458\u043e\u0442 \u0433\u043b\u0430\u0441 \u043e\u0434\u043b\u0443\u0447\u0443\u0432\u0430 - \u0422\u0438 \u0441\u0438 \u043d\u0430 \u0440\u0435\u0434\" width=\"1500\" height=\"844\" src=\"https:\/\/www.youtube.com\/embed\/Ze7iOm3ut5M?feature=oembed&autoplay=0&loop=0&controls=1&mute=0\" frameborder=\"0\" allow=\"accelerometer; autoplay; clipboard-write; encrypted-media; gyroscope; picture-in-picture\" allowfullscreen><\/iframe><\/div><\/script><div class='av-click-to-play-overlay'><div class=\"avia_playpause_icon\"><\/div><\/div><\/div><\/p><\/div><div  style='height:100px' class='hr hr-invisible   avia-builder-el-18  el_after_av_one_third  avia-builder-el-last '><span class='hr-inner ' ><span class='hr-inner-style'><\/span><\/span><\/div><\/p>\n<\/div><\/div><\/div><div id=\"av-tab-section-1-2\" data-av-tab-section-content=\"2\" class=\"av-layout-tab av-animation-delay-container   avia-builder-el-19  el_after_av_tab_sub_section  el_before_av_tab_sub_section   \" style='vertical-align:top; '  data-tab-section-id=\"organet-zgjedhore\"><div class='av-layout-tab-inner'><div class='container'><p><div class=\"flex_column av_one_half  av-animated-generic pop-up  flex_column_div first  avia-builder-el-20  el_before_av_one_half  avia-builder-el-first  \" style='box-shadow: 0 0 10px 0 #e1e1e1; padding:20px; border-radius:0px; '><p><div  style='padding-bottom:10px; ' class='av-special-heading av-special-heading-h4  blockquote modern-quote  avia-builder-el-21  el_before_av_video  avia-builder-el-first  '><h4 class='av-special-heading-tag '  itemprop=\"headline\"  >Procedurat p\u00ebr mbrojtje n\u00eb Vendvotimet<\/h4><div class='special-heading-border'><div class='special-heading-inner-border' ><\/div><\/div><\/div><br \/>\n<div  class='avia-video avia-video-16-9   av-lazyload-immediate  av-lazyload-video-embed  '   itemprop=\"video\" itemtype=\"https:\/\/schema.org\/VideoObject\"  data-original_url='https:\/\/www.youtube.com\/watch?v=LqS1dnLgYQA&feature=emb_title' ><script type='text\/html' class='av-video-tmpl'><div class='avia-iframe-wrap'><iframe title=\"\u041f\u0440\u043e\u0446\u0435\u0434\u0443\u0440\u0438 \u0437\u0430 \u0437\u0430\u0448\u0442\u0438\u0442\u0430 \u043d\u0430 \u0438\u0437\u0431\u0438\u0440\u0430\u0447\u043a\u043e \u043c\u0435\u0441\u0442\u043e - ALB\" width=\"1500\" height=\"844\" src=\"https:\/\/www.youtube.com\/embed\/LqS1dnLgYQA?feature=oembed&autoplay=0&loop=0&controls=1&mute=0\" frameborder=\"0\" allow=\"accelerometer; autoplay; clipboard-write; encrypted-media; gyroscope; picture-in-picture\" allowfullscreen><\/iframe><\/div><\/script><div class='av-click-to-play-overlay'><div class=\"avia_playpause_icon\"><\/div><\/div><\/div><\/p><\/div><div class=\"flex_column av_one_half  av-animated-generic pop-up  flex_column_div   avia-builder-el-23  el_after_av_one_half  el_before_av_hr  \" style='box-shadow: 0 0 10px 0 #e1e1e1; padding:20px; border-radius:0px; '><p><div  style='padding-bottom:10px; ' class='av-special-heading av-special-heading-h4  blockquote modern-quote  avia-builder-el-24  el_before_av_video  avia-builder-el-first  '><h4 class='av-special-heading-tag '  itemprop=\"headline\"  >K\u00ebshilli i ve\u00e7ant p\u00ebr vendvotim \u2013 Protokoll p\u00ebr votim p\u00ebr personat q\u00eb jan\u00eb n\u00eb karantin\u00eb sht\u00ebpiake p\u00ebr shkak t\u00eb testit pozitiv me Kovid 19 dhe personave q\u00eb u \u00ebsht\u00eb p\u00ebrcaktuar masa p\u00ebr vetizolim<\/h4><div class='special-heading-border'><div class='special-heading-inner-border' ><\/div><\/div><\/div><br \/>\n<div  class='avia-video avia-video-16-9   av-lazyload-immediate  av-lazyload-video-embed  '   itemprop=\"video\" itemtype=\"https:\/\/schema.org\/VideoObject\"  data-original_url='https:\/\/www.youtube.com\/watch?v=tN_9f6IGXBs&feature=emb_title' ><script type='text\/html' class='av-video-tmpl'><div class='avia-iframe-wrap'><iframe title=\"\u041f\u043e\u0441\u0435\u0431\u043d\u0438 \u0438\u0437\u0431\u0438\u0440\u0430\u0447\u043a\u0438 \u043e\u0434\u0431\u043e\u0440\u0438 - ALB\" width=\"1500\" height=\"844\" src=\"https:\/\/www.youtube.com\/embed\/tN_9f6IGXBs?feature=oembed&autoplay=0&loop=0&controls=1&mute=0\" frameborder=\"0\" allow=\"accelerometer; autoplay; clipboard-write; encrypted-media; gyroscope; picture-in-picture\" allowfullscreen><\/iframe><\/div><\/script><div class='av-click-to-play-overlay'><div class=\"avia_playpause_icon\"><\/div><\/div><\/div><\/p><\/div><div  style='height:50px' class='hr hr-invisible   avia-builder-el-26  el_after_av_one_half  avia-builder-el-last '><span class='hr-inner ' ><span class='hr-inner-style'><\/span><\/span><\/div><\/p>\n<\/div><\/div><\/div><div id=\"av-tab-section-1-3\" data-av-tab-section-content=\"3\" class=\"av-layout-tab av-animation-delay-container   avia-builder-el-27  el_after_av_tab_sub_section  el_before_av_tab_sub_section   \" style='vertical-align:top; '  data-tab-section-id=\"kandidatt\"><div class='av-layout-tab-inner'><div class='container'><div  style='height:500px' class='hr hr-invisible   avia-builder-el-28  avia-builder-el-no-sibling '><span class='hr-inner ' ><span class='hr-inner-style'><\/span><\/span><\/div>\n<\/div><\/div><\/div><div id=\"av-tab-section-1-4\" data-av-tab-section-content=\"4\" class=\"av-layout-tab av-animation-delay-container   avia-builder-el-29  el_after_av_tab_sub_section  el_before_av_tab_sub_section   \" style='vertical-align:top; '  data-tab-section-id=\"vzhguesit\"><div class='av-layout-tab-inner'><div class='container'><p><div class=\"flex_column av_one_fourth  flex_column_div av-zero-column-padding first  avia-builder-el-30  el_before_av_one_half  avia-builder-el-first  \" style='border-radius:0px; '><\/div><div class=\"flex_column av_one_half  av-animated-generic pop-up  flex_column_div   avia-builder-el-31  el_after_av_one_fourth  el_before_av_one_fourth  \" style='box-shadow: 0 0 10px 0 #e1e1e1; padding:20px; border-radius:0px; '><p><div  class='avia-button-wrap avia-button-center  avia-builder-el-32  el_before_av_hr  avia-builder-el-first  btn-box-full-width' ><a href='https:\/\/drive.google.com\/file\/d\/1jPOOFWWyS_gG_-O6u8UptWxk8Plz1sOz\/view?usp=sharing' class='avia-button avia-button-fullwidth   avia-icon_select-yes-left-icon avia-color-custom ' target=\"_blank\" rel=\"noopener noreferrer\" style='color:#222222; background-color:#f8f8f8; '><span class='avia_button_icon avia_button_icon_left' aria-hidden='true' data-av_icon='\ue84e' data-av_iconfont='entypo-fontello'><\/span><span class='avia_iconbox_title' >Udh\u00ebzues p\u00ebr v\u00ebzhgim \u2013 Zgjedhjet Parlamentare 2020<\/span><span class='avia_button_background avia-button avia-button-fullwidth avia-color-custom' style='background-color:#e1e1e1;'><\/span><\/a><\/div><br \/>\n<div  style=' margin-top:0px; margin-bottom:10px;'  class='hr hr-custom hr-center hr-icon-no   avia-builder-el-33  el_after_av_button_big  el_before_av_video  avia-builder-el-first '><span class='hr-inner  inner-border-av-border-thin' style=' width:95%;' ><span class='hr-inner-style'><\/span><\/span><\/div><br \/>\n<div  class='avia-video avia-video-16-9   av-lazyload-immediate  av-lazyload-video-embed  '   itemprop=\"video\" itemtype=\"https:\/\/schema.org\/VideoObject\"  data-original_url='https:\/\/www.youtube.com\/watch?v=EsZTwy-FJ4Y' ><script type='text\/html' class='av-video-tmpl'><div class='avia-iframe-wrap'><iframe title=\"Election Guidelines - ALB\" width=\"1500\" height=\"844\" src=\"https:\/\/www.youtube.com\/embed\/EsZTwy-FJ4Y?feature=oembed&autoplay=0&loop=0&controls=1&mute=0\" frameborder=\"0\" allow=\"accelerometer; autoplay; clipboard-write; encrypted-media; gyroscope; picture-in-picture\" allowfullscreen><\/iframe><\/div><\/script><div class='av-click-to-play-overlay'><div class=\"avia_playpause_icon\"><\/div><\/div><\/div><\/p><\/div><div class=\"flex_column av_one_fourth  flex_column_div av-zero-column-padding   avia-builder-el-35  el_after_av_one_half  el_before_av_hr  \" style='border-radius:0px; '><\/div><div  style='height:50px' class='hr hr-invisible   avia-builder-el-36  el_after_av_one_fourth  avia-builder-el-last '><span class='hr-inner ' ><span class='hr-inner-style'><\/span><\/span><\/div><\/p>\n<\/div><\/div><\/div><div id=\"av-tab-section-1-5\" data-av-tab-section-content=\"5\" class=\"av-layout-tab av-animation-delay-container   avia-builder-el-37  el_after_av_tab_sub_section  avia-builder-el-last   \" style='vertical-align:top; '  data-tab-section-id=\"kurse-online\"><div class='av-layout-tab-inner'><div class='container'><div  style='height:500px' class='hr hr-invisible   avia-builder-el-38  avia-builder-el-no-sibling '><span class='hr-inner ' ><span class='hr-inner-style'><\/span><\/span><\/div>\n<\/div><\/div><\/div><\/div><\/div><\/div>\n","protected":false},"excerpt":{"rendered":"","protected":false},"author":3,"featured_media":0,"parent":0,"menu_order":0,"comment_status":"closed","ping_status":"closed","template":"","meta":{"footnotes":""},"class_list":["post-30468","page","type-page","status-publish","hentry"],"yoast_head":"<!-- This site is optimized with the Yoast SEO plugin v26.2 - https:\/\/yoast.com\/wordpress\/plugins\/seo\/ -->\n<title>EDUKIM ZGJEDHJET LOKALE 2020 - Komisioni Shtet\u00ebror i Zgjedhjeve<\/title>\n<meta name=\"robots\" content=\"index, follow, max-snippet:-1, max-image-preview:large, max-video-preview:-1\" \/>\n<link rel=\"canonical\" href=\"https:\/\/www.sec.mk\/sq\/edukacija-lokalni-izbori-2020\/\" \/>\n<meta property=\"og:locale\" content=\"sq_AL\" \/>\n<meta property=\"og:type\" content=\"article\" \/>\n<meta property=\"og:title\" content=\"EDUKIM ZGJEDHJET LOKALE 2020 - Komisioni Shtet\u00ebror i Zgjedhjeve\" \/>\n<meta property=\"og:url\" content=\"https:\/\/www.sec.mk\/sq\/edukacija-lokalni-izbori-2020\/\" \/>\n<meta property=\"og:site_name\" content=\"Komisioni Shtet\u00ebror i Zgjedhjeve\" \/>\n<meta property=\"article:modified_time\" content=\"2021-08-24T08:49:24+00:00\" \/>\n<meta name=\"twitter:card\" content=\"summary_large_image\" \/>\n<meta name=\"twitter:label1\" content=\"Est. reading time\" \/>\n\t<meta name=\"twitter:data1\" content=\"18 minuta\" \/>\n<script type=\"application\/ld+json\" class=\"yoast-schema-graph\">{\"@context\":\"https:\/\/schema.org\",\"@graph\":[{\"@type\":\"WebPage\",\"@id\":\"https:\/\/www.sec.mk\/sq\/edukacija-lokalni-izbori-2020\/\",\"url\":\"https:\/\/www.sec.mk\/sq\/edukacija-lokalni-izbori-2020\/\",\"name\":\"EDUKIM ZGJEDHJET LOKALE 2020 - Komisioni Shtet\u00ebror i Zgjedhjeve\",\"isPartOf\":{\"@id\":\"https:\/\/www.sec.mk\/#website\"},\"datePublished\":\"2021-08-11T11:35:36+00:00\",\"dateModified\":\"2021-08-24T08:49:24+00:00\",\"breadcrumb\":{\"@id\":\"https:\/\/www.sec.mk\/sq\/edukacija-lokalni-izbori-2020\/#breadcrumb\"},\"inLanguage\":\"sq\",\"potentialAction\":[{\"@type\":\"ReadAction\",\"target\":[\"https:\/\/www.sec.mk\/sq\/edukacija-lokalni-izbori-2020\/\"]}]},{\"@type\":\"BreadcrumbList\",\"@id\":\"https:\/\/www.sec.mk\/sq\/edukacija-lokalni-izbori-2020\/#breadcrumb\",\"itemListElement\":[{\"@type\":\"ListItem\",\"position\":1,\"name\":\"Home\",\"item\":\"https:\/\/www.sec.mk\/sq\/home-alb\/\"},{\"@type\":\"ListItem\",\"position\":2,\"name\":\"EDUKIM ZGJEDHJET LOKALE 2020\"}]},{\"@type\":\"WebSite\",\"@id\":\"https:\/\/www.sec.mk\/#website\",\"url\":\"https:\/\/www.sec.mk\/\",\"name\":\"Komisioni Shtet\u00ebror i Zgjedhjeve\",\"description\":\"\",\"potentialAction\":[{\"@type\":\"SearchAction\",\"target\":{\"@type\":\"EntryPoint\",\"urlTemplate\":\"https:\/\/www.sec.mk\/?s={search_term_string}\"},\"query-input\":{\"@type\":\"PropertyValueSpecification\",\"valueRequired\":true,\"valueName\":\"search_term_string\"}}],\"inLanguage\":\"sq\"}]}<\/script>\n<!-- \/ Yoast SEO plugin. -->","yoast_head_json":{"title":"EDUKIM ZGJEDHJET LOKALE 2020 - Komisioni Shtet\u00ebror i Zgjedhjeve","robots":{"index":"index","follow":"follow","max-snippet":"max-snippet:-1","max-image-preview":"max-image-preview:large","max-video-preview":"max-video-preview:-1"},"canonical":"https:\/\/www.sec.mk\/sq\/edukacija-lokalni-izbori-2020\/","og_locale":"sq_AL","og_type":"article","og_title":"EDUKIM ZGJEDHJET LOKALE 2020 - Komisioni Shtet\u00ebror i Zgjedhjeve","og_url":"https:\/\/www.sec.mk\/sq\/edukacija-lokalni-izbori-2020\/","og_site_name":"Komisioni Shtet\u00ebror i Zgjedhjeve","article_modified_time":"2021-08-24T08:49:24+00:00","twitter_card":"summary_large_image","twitter_misc":{"Est. reading time":"18 minuta"},"schema":{"@context":"https:\/\/schema.org","@graph":[{"@type":"WebPage","@id":"https:\/\/www.sec.mk\/sq\/edukacija-lokalni-izbori-2020\/","url":"https:\/\/www.sec.mk\/sq\/edukacija-lokalni-izbori-2020\/","name":"EDUKIM ZGJEDHJET LOKALE 2020 - Komisioni Shtet\u00ebror i Zgjedhjeve","isPartOf":{"@id":"https:\/\/www.sec.mk\/#website"},"datePublished":"2021-08-11T11:35:36+00:00","dateModified":"2021-08-24T08:49:24+00:00","breadcrumb":{"@id":"https:\/\/www.sec.mk\/sq\/edukacija-lokalni-izbori-2020\/#breadcrumb"},"inLanguage":"sq","potentialAction":[{"@type":"ReadAction","target":["https:\/\/www.sec.mk\/sq\/edukacija-lokalni-izbori-2020\/"]}]},{"@type":"BreadcrumbList","@id":"https:\/\/www.sec.mk\/sq\/edukacija-lokalni-izbori-2020\/#breadcrumb","itemListElement":[{"@type":"ListItem","position":1,"name":"Home","item":"https:\/\/www.sec.mk\/sq\/home-alb\/"},{"@type":"ListItem","position":2,"name":"EDUKIM ZGJEDHJET LOKALE 2020"}]},{"@type":"WebSite","@id":"https:\/\/www.sec.mk\/#website","url":"https:\/\/www.sec.mk\/","name":"Komisioni Shtet\u00ebror i Zgjedhjeve","description":"","potentialAction":[{"@type":"SearchAction","target":{"@type":"EntryPoint","urlTemplate":"https:\/\/www.sec.mk\/?s={search_term_string}"},"query-input":{"@type":"PropertyValueSpecification","valueRequired":true,"valueName":"search_term_string"}}],"inLanguage":"sq"}]}},"_links":{"self":[{"href":"https:\/\/www.sec.mk\/sq\/wp-json\/wp\/v2\/pages\/30468","targetHints":{"allow":["GET"]}}],"collection":[{"href":"https:\/\/www.sec.mk\/sq\/wp-json\/wp\/v2\/pages"}],"about":[{"href":"https:\/\/www.sec.mk\/sq\/wp-json\/wp\/v2\/types\/page"}],"author":[{"embeddable":true,"href":"https:\/\/www.sec.mk\/sq\/wp-json\/wp\/v2\/users\/3"}],"replies":[{"embeddable":true,"href":"https:\/\/www.sec.mk\/sq\/wp-json\/wp\/v2\/comments?post=30468"}],"version-history":[{"count":11,"href":"https:\/\/www.sec.mk\/sq\/wp-json\/wp\/v2\/pages\/30468\/revisions"}],"predecessor-version":[{"id":31525,"href":"https:\/\/www.sec.mk\/sq\/wp-json\/wp\/v2\/pages\/30468\/revisions\/31525"}],"wp:attachment":[{"href":"https:\/\/www.sec.mk\/sq\/wp-json\/wp\/v2\/media?parent=30468"}],"curies":[{"name":"wp","href":"https:\/\/api.w.org\/{rel}","templated":true}]}}