{"id":30486,"date":"2021-08-11T13:35:39","date_gmt":"2021-08-11T11:35:39","guid":{"rendered":"http:\/\/www.sec.mk\/edukacija-lokalni-izbori-2017\/"},"modified":"2021-08-24T10:49:30","modified_gmt":"2021-08-24T08:49:30","slug":"edukacija-lokalni-izbori-2017","status":"publish","type":"page","link":"https:\/\/www.sec.mk\/sq\/edukacija-lokalni-izbori-2017\/","title":{"rendered":"EDUKIM ZGJEDHJET LOKALE 2017"},"content":{"rendered":"<div class=\"flex_column av_one_full  flex_column_div av-zero-column-padding first  avia-builder-el-0  el_before_av_tab_section  avia-builder-el-no-sibling  \" style='border-radius:0px; '><div  style='padding-bottom:10px; ' class='av-special-heading av-special-heading-h1  blockquote elegant-quote elegant-centered  avia-builder-el-1  avia-builder-el-no-sibling  '><h1 class='av-special-heading-tag '  itemprop=\"headline\"  ><span class=\"heading-wrap\">EDUKIM &#8211; ZGJEDHJET LOKALE 2017<\/span><\/h1><div class='special-heading-border'><div class='special-heading-inner-border' ><\/div><\/div><\/div><\/div>\n<\/div><\/div><\/div><!-- close content main div --><\/div><\/div><div id='av-tab-section-1'  class='av-tab-section-container entry-content-wrapper main_color av-tab-slide-transition av-tab-content-auto  av-tab-above-content  avia-builder-el-2  el_after_av_one_full  avia-builder-el-last  submenu-not-first container_wrap fullsize' style=' '  ><div class='av-tab-section-outer-container'><div class='av-tab-section-tab-title-container avia-tab-title-padding-default '  role='tablist'><a href='#votues' data-av-tab-section-title='1' class='av-section-tab-title  av-tab-with-icon av-tab-no-image  ' role='tab' tabindex='0' aria-controls='av-tab-section-1-1'><span class='av-tab-section-icon' aria-hidden='true' data-av_icon='\ue80a' data-av_iconfont='entypo-fontello'><\/span><span class='av-outer-tab-title'><span class='av-inner-tab-title'>VOTUES<\/span><\/span><span class='av-tab-arrow-container'><span><\/span><\/span><\/a><a href='#organet-zgjedhore' data-av-tab-section-title='2' class='av-section-tab-title av-active-tab-title no-scroll av-tab-with-icon av-tab-no-image  ' role='tab' tabindex='0' aria-controls='av-tab-section-1-2'><span class='av-tab-section-icon' aria-hidden='true' data-av_icon='\uf114' data-av_iconfont='flaticon'><\/span><span class='av-outer-tab-title'><span class='av-inner-tab-title'>ORGANET ZGJEDHORE<\/span><\/span><span class='av-tab-arrow-container'><span><\/span><\/span><\/a><a href='#kandidatt' data-av-tab-section-title='3' class='av-section-tab-title  av-tab-with-icon av-tab-no-image  ' role='tab' tabindex='0' aria-controls='av-tab-section-1-3'><span class='av-tab-section-icon' aria-hidden='true' data-av_icon='\ue80b' data-av_iconfont='entypo-fontello'><\/span><span class='av-outer-tab-title'><span class='av-inner-tab-title'>KANDIDAT\u00cbT<\/span><\/span><span class='av-tab-arrow-container'><span><\/span><\/span><\/a><a href='#vzhguesit' data-av-tab-section-title='4' class='av-section-tab-title  av-tab-with-icon av-tab-no-image  ' role='tab' tabindex='0' aria-controls='av-tab-section-1-4'><span class='av-tab-section-icon' aria-hidden='true' data-av_icon='\uf129' data-av_iconfont='flaticon'><\/span><span class='av-outer-tab-title'><span class='av-inner-tab-title'>V\u00cbZHGUESIT<\/span><\/span><span class='av-tab-arrow-container'><span><\/span><\/span><\/a><a href='#kurse-online' data-av-tab-section-title='5' class='av-section-tab-title  av-tab-with-icon av-tab-no-image  ' role='tab' tabindex='0' aria-controls='av-tab-section-1-5'><span class='av-tab-section-icon' aria-hidden='true' data-av_icon='\ue8ab' data-av_iconfont='entypo-fontello'><\/span><span class='av-outer-tab-title'><span class='av-inner-tab-title'>KURSE ONLINE<\/span><\/span><span class='av-tab-arrow-container'><span><\/span><\/span><\/a><\/div><div class='avia-slideshow-arrows av-tabsection-arrow' ><a href='#prev' class='prev-slide av_prev_tab_section av-tab-section-slide' aria-hidden='true' data-av_icon='\ue87c' data-av_iconfont='entypo-fontello' aria-hidden='true' tabindex='-1'>Previous<\/a><a href='#next' class='next-slide av_next_tab_section av-tab-section-slide' aria-hidden='true' data-av_icon='\ue87d' data-av_iconfont='entypo-fontello' aria-hidden='true' tabindex='-1'>Next<\/a><\/div><div class='av-tab-section-inner-container avia-section-default' style='width:500vw; left:-100%;'><span class='av_prev_tab_section av_tab_navigation'><\/span><span class='av_next_tab_section av_tab_navigation'><\/span>\n<div id=\"av-tab-section-1-1\" data-av-tab-section-content=\"1\" class=\"av-layout-tab av-animation-delay-container av-active-tab-content __av_init_open  avia-builder-el-3  el_before_av_tab_sub_section  avia-builder-el-first   \" style='vertical-align:top; '  data-tab-section-id=\"votues\"><div class='av-layout-tab-inner'><div class='container'><\/div><\/div><\/div><div id=\"av-tab-section-1-2\" data-av-tab-section-content=\"2\" class=\"av-layout-tab av-animation-delay-container   avia-builder-el-4  el_after_av_tab_sub_section  el_before_av_tab_sub_section   \" style='vertical-align:top; '  data-tab-section-id=\"organet-zgjedhore\"><div class='av-layout-tab-inner'><div class='container'><p><div class=\"flex_column av_one_half  av-animated-generic pop-up  flex_column_div first  avia-builder-el-5  el_before_av_one_half  avia-builder-el-first  \" style='margin-top:5px; margin-bottom:5px; box-shadow: 0 0 10px 0 #e1e1e1; padding:20px; border-radius:0px; '><p><div  style='padding-bottom:10px; ' class='av-special-heading av-special-heading-h4  blockquote modern-quote  avia-builder-el-6  el_before_av_video  avia-builder-el-first  '><h4 class='av-special-heading-tag '  itemprop=\"headline\"  >Video doracaku edukativ \u2013 Procedura p\u00ebr pun\u00ebn e k\u00ebshillave zgjedhor\u00eb \u2013 Zgjedhjet lokale 2017<\/h4><div class='special-heading-border'><div class='special-heading-inner-border' ><\/div><\/div><\/div><br \/>\n<div  class='avia-video avia-video-16-9   av-lazyload-immediate  av-lazyload-video-embed  '   itemprop=\"video\" itemtype=\"https:\/\/schema.org\/VideoObject\"  data-original_url='https:\/\/www.youtube.com\/watch?v=W65x8jxnVrE&feature=emb_title' ><script type='text\/html' class='av-video-tmpl'><div class='avia-iframe-wrap'><iframe title=\"Video doracaku edukativ \u2013 Zgjedhjet lokale 2017\" width=\"1500\" height=\"844\" src=\"https:\/\/www.youtube.com\/embed\/W65x8jxnVrE?feature=oembed&autoplay=0&loop=0&controls=1&mute=0\" frameborder=\"0\" allow=\"accelerometer; autoplay; clipboard-write; encrypted-media; gyroscope; picture-in-picture\" allowfullscreen><\/iframe><\/div><\/script><div class='av-click-to-play-overlay'><div class=\"avia_playpause_icon\"><\/div><\/div><\/div><\/p><\/div><div class=\"flex_column av_one_half  av-animated-generic pop-up  flex_column_div   avia-builder-el-8  el_after_av_one_half  el_before_av_one_half  \" style='margin-top:5px; margin-bottom:5px; box-shadow: 0 0 10px 0 #e1e1e1; padding:20px; border-radius:0px; '><p><div  style='padding-bottom:10px; ' class='av-special-heading av-special-heading-h4  blockquote modern-quote  avia-builder-el-9  el_before_av_video  avia-builder-el-first  '><h4 class='av-special-heading-tag '  itemprop=\"headline\"  >Video doracaku edukativ \u2013 Plot\u00ebsimi i procesverbalit num\u00ebr 16 \u2013 Zgjedhjet lokale 2017<\/h4><div class='special-heading-border'><div class='special-heading-inner-border' ><\/div><\/div><\/div><br \/>\n<div  class='avia-video avia-video-16-9   av-lazyload-immediate  av-lazyload-video-embed  '   itemprop=\"video\" itemtype=\"https:\/\/schema.org\/VideoObject\"  data-original_url='https:\/\/www.youtube.com\/watch?v=3zjNjes0N24&feature=emb_title' ><script type='text\/html' class='av-video-tmpl'><div class='avia-iframe-wrap'><iframe title=\"\u041f\u043e\u043f\u043e\u043b\u043d\u0443\u0432\u0430\u045a\u0435 \u0437\u0430\u043f\u0438\u0441\u043d\u0438\u043a \u0431\u0440\u043e\u0458 16 - \u041b\u043e\u043a\u0430\u043b\u043d\u0438 \u0438\u0437\u0431\u043e\u0440\u0438 2017\" width=\"1500\" height=\"844\" src=\"https:\/\/www.youtube.com\/embed\/3zjNjes0N24?feature=oembed&autoplay=0&loop=0&controls=1&mute=0\" frameborder=\"0\" allow=\"accelerometer; autoplay; clipboard-write; encrypted-media; gyroscope; picture-in-picture\" allowfullscreen><\/iframe><\/div><\/script><div class='av-click-to-play-overlay'><div class=\"avia_playpause_icon\"><\/div><\/div><\/div><\/p><\/div><div class=\"flex_column av_one_half  av-animated-generic pop-up  flex_column_div first  avia-builder-el-11  el_after_av_one_half  el_before_av_one_half  column-top-margin\" style='box-shadow: 0 0 10px 0 #e1e1e1; padding:20px; border-radius:0px; '><div  id=\"education-btn-full-width\"  class='avia-button-wrap avia-button-center  avia-builder-el-12  avia-builder-el-no-sibling  btn-box-full-width' ><a href='https:\/\/drive.google.com\/open?id=0B8ZpCwro9h-zT3J0UXRtX1NEYUE' class='avia-button avia-button-fullwidth   avia-icon_select-yes-left-icon avia-color-custom ' target=\"_blank\" rel=\"noopener noreferrer\" style='color:#222222; background-color:#f8f8f8; '><span class='avia_button_icon avia_button_icon_left' aria-hidden='true' data-av_icon='\ue84e' data-av_iconfont='entypo-fontello'><\/span><span class='avia_iconbox_title' >Doracak p\u00ebr edukimin e k\u00ebshillave zgjedhor\u00eb \u2013 Zgjedhet lokale 2017<\/span><span class='avia_button_background avia-button avia-button-fullwidth avia-color-custom' style='background-color:#e1e1e1;'><\/span><\/a><\/div><\/div><div class=\"flex_column av_one_half  av-animated-generic pop-up  flex_column_div   avia-builder-el-13  el_after_av_one_half  el_before_av_one_half  column-top-margin\" style='box-shadow: 0 0 10px 0 #e1e1e1; padding:20px; border-radius:0px; '><div  id=\"education-btn-full-width\"  class='avia-button-wrap avia-button-center  avia-builder-el-14  avia-builder-el-no-sibling  btn-box-full-width' ><a href='https:\/\/drive.google.com\/open?id=0B8ZpCwro9h-zcDBUVFhkNnFfSEk' class='avia-button avia-button-fullwidth   avia-icon_select-yes-left-icon avia-color-custom ' target=\"_blank\" rel=\"noopener noreferrer\" style='color:#222222; background-color:#f8f8f8; '><span class='avia_button_icon avia_button_icon_left' aria-hidden='true' data-av_icon='\ue84e' data-av_iconfont='entypo-fontello'><\/span><span class='avia_iconbox_title' >Doracak p\u00ebr edukimin e an\u00ebtar\u00ebve t\u00eb komisioneve komunale zgjedhore dhe komisionit zgjedhor t\u00eb qytetit t\u00eb Shkupit \u2013 Zgjedhet lokale 2017<\/span><span class='avia_button_background avia-button avia-button-fullwidth avia-color-custom' style='background-color:#e1e1e1;'><\/span><\/a><\/div><\/div><div class=\"flex_column av_one_half  av-animated-generic pop-up  flex_column_div first  avia-builder-el-15  el_after_av_one_half  el_before_av_hr  column-top-margin\" style='box-shadow: 0 0 10px 0 #e1e1e1; padding:20px; border-radius:0px; '><div  id=\"education-btn-full-width\"  class='avia-button-wrap avia-button-center  avia-builder-el-16  avia-builder-el-no-sibling  btn-box-full-width' ><a href='https:\/\/drive.google.com\/open?id=0B8ZpCwro9h-zYldFcXM0Tkswazg' class='avia-button avia-button-fullwidth   avia-icon_select-yes-left-icon avia-color-custom ' target=\"_blank\" rel=\"noopener noreferrer\" style='color:#222222; background-color:#f8f8f8; '><span class='avia_button_icon avia_button_icon_left' aria-hidden='true' data-av_icon='\ue84e' data-av_iconfont='entypo-fontello'><\/span><span class='avia_iconbox_title' >Program p\u00ebr edukim  t\u00eb detyruesh\u00ebm t\u00eb komisionit komunal t\u00eb zgjedhjeve dhe k\u00ebshillave zgjedhore,n\u00eb Republik\u00ebn e Maqedonis\u00eb dhe t\u00eb k\u00ebshillave zgjedhore jasht\u00eb vendit p\u00ebr zbatimin e zgjedhjeve p\u00ebr deputet\u00eb n\u00eb kuvendin e Republik\u00ebs s\u00eb Maqedonis\u00eb m\u00eb 5 qershor 2011<\/span><span class='avia_button_background avia-button avia-button-fullwidth avia-color-custom' style='background-color:#e1e1e1;'><\/span><\/a><\/div><\/div><div  style='height:50px' class='hr hr-invisible   avia-builder-el-17  el_after_av_one_half  avia-builder-el-last '><span class='hr-inner ' ><span class='hr-inner-style'><\/span><\/span><\/div><\/p>\n<\/div><\/div><\/div><div id=\"av-tab-section-1-3\" data-av-tab-section-content=\"3\" class=\"av-layout-tab av-animation-delay-container   avia-builder-el-18  el_after_av_tab_sub_section  el_before_av_tab_sub_section   \" style='vertical-align:top; '  data-tab-section-id=\"kandidatt\"><div class='av-layout-tab-inner'><div class='container'><\/div><\/div><\/div><div id=\"av-tab-section-1-4\" data-av-tab-section-content=\"4\" class=\"av-layout-tab av-animation-delay-container   avia-builder-el-19  el_after_av_tab_sub_section  el_before_av_tab_sub_section   \" style='vertical-align:top; '  data-tab-section-id=\"vzhguesit\"><div class='av-layout-tab-inner'><div class='container'><\/div><\/div><\/div><div id=\"av-tab-section-1-5\" data-av-tab-section-content=\"5\" class=\"av-layout-tab av-animation-delay-container   avia-builder-el-20  el_after_av_tab_sub_section  avia-builder-el-last   \" style='vertical-align:top; '  data-tab-section-id=\"kurse-online\"><div class='av-layout-tab-inner'><div class='container'><\/div><\/div><\/div><\/div><\/div><\/div>\n","protected":false},"excerpt":{"rendered":"","protected":false},"author":3,"featured_media":0,"parent":0,"menu_order":0,"comment_status":"closed","ping_status":"closed","template":"","meta":{"footnotes":""},"class_list":["post-30486","page","type-page","status-publish","hentry"],"yoast_head":"<!-- This site is optimized with the Yoast SEO plugin v26.2 - https:\/\/yoast.com\/wordpress\/plugins\/seo\/ -->\n<title>EDUKIM ZGJEDHJET LOKALE 2017 - Komisioni Shtet\u00ebror i Zgjedhjeve<\/title>\n<meta name=\"robots\" content=\"index, follow, max-snippet:-1, max-image-preview:large, max-video-preview:-1\" \/>\n<link rel=\"canonical\" href=\"https:\/\/www.sec.mk\/sq\/edukacija-lokalni-izbori-2017\/\" \/>\n<meta property=\"og:locale\" content=\"sq_AL\" \/>\n<meta property=\"og:type\" content=\"article\" \/>\n<meta property=\"og:title\" content=\"EDUKIM ZGJEDHJET LOKALE 2017 - Komisioni Shtet\u00ebror i Zgjedhjeve\" \/>\n<meta property=\"og:url\" content=\"https:\/\/www.sec.mk\/sq\/edukacija-lokalni-izbori-2017\/\" \/>\n<meta property=\"og:site_name\" content=\"Komisioni Shtet\u00ebror i Zgjedhjeve\" \/>\n<meta property=\"article:modified_time\" content=\"2021-08-24T08:49:30+00:00\" \/>\n<meta name=\"twitter:card\" content=\"summary_large_image\" \/>\n<meta name=\"twitter:label1\" content=\"Est. reading time\" \/>\n\t<meta name=\"twitter:data1\" content=\"10 minuta\" \/>\n<script type=\"application\/ld+json\" class=\"yoast-schema-graph\">{\"@context\":\"https:\/\/schema.org\",\"@graph\":[{\"@type\":\"WebPage\",\"@id\":\"https:\/\/www.sec.mk\/sq\/edukacija-lokalni-izbori-2017\/\",\"url\":\"https:\/\/www.sec.mk\/sq\/edukacija-lokalni-izbori-2017\/\",\"name\":\"EDUKIM ZGJEDHJET LOKALE 2017 - Komisioni Shtet\u00ebror i Zgjedhjeve\",\"isPartOf\":{\"@id\":\"https:\/\/www.sec.mk\/#website\"},\"datePublished\":\"2021-08-11T11:35:39+00:00\",\"dateModified\":\"2021-08-24T08:49:30+00:00\",\"breadcrumb\":{\"@id\":\"https:\/\/www.sec.mk\/sq\/edukacija-lokalni-izbori-2017\/#breadcrumb\"},\"inLanguage\":\"sq\",\"potentialAction\":[{\"@type\":\"ReadAction\",\"target\":[\"https:\/\/www.sec.mk\/sq\/edukacija-lokalni-izbori-2017\/\"]}]},{\"@type\":\"BreadcrumbList\",\"@id\":\"https:\/\/www.sec.mk\/sq\/edukacija-lokalni-izbori-2017\/#breadcrumb\",\"itemListElement\":[{\"@type\":\"ListItem\",\"position\":1,\"name\":\"Home\",\"item\":\"https:\/\/www.sec.mk\/sq\/home-alb\/\"},{\"@type\":\"ListItem\",\"position\":2,\"name\":\"EDUKIM ZGJEDHJET LOKALE 2017\"}]},{\"@type\":\"WebSite\",\"@id\":\"https:\/\/www.sec.mk\/#website\",\"url\":\"https:\/\/www.sec.mk\/\",\"name\":\"Komisioni Shtet\u00ebror i Zgjedhjeve\",\"description\":\"\",\"potentialAction\":[{\"@type\":\"SearchAction\",\"target\":{\"@type\":\"EntryPoint\",\"urlTemplate\":\"https:\/\/www.sec.mk\/?s={search_term_string}\"},\"query-input\":{\"@type\":\"PropertyValueSpecification\",\"valueRequired\":true,\"valueName\":\"search_term_string\"}}],\"inLanguage\":\"sq\"}]}<\/script>\n<!-- \/ Yoast SEO plugin. -->","yoast_head_json":{"title":"EDUKIM ZGJEDHJET LOKALE 2017 - Komisioni Shtet\u00ebror i Zgjedhjeve","robots":{"index":"index","follow":"follow","max-snippet":"max-snippet:-1","max-image-preview":"max-image-preview:large","max-video-preview":"max-video-preview:-1"},"canonical":"https:\/\/www.sec.mk\/sq\/edukacija-lokalni-izbori-2017\/","og_locale":"sq_AL","og_type":"article","og_title":"EDUKIM ZGJEDHJET LOKALE 2017 - Komisioni Shtet\u00ebror i Zgjedhjeve","og_url":"https:\/\/www.sec.mk\/sq\/edukacija-lokalni-izbori-2017\/","og_site_name":"Komisioni Shtet\u00ebror i Zgjedhjeve","article_modified_time":"2021-08-24T08:49:30+00:00","twitter_card":"summary_large_image","twitter_misc":{"Est. reading time":"10 minuta"},"schema":{"@context":"https:\/\/schema.org","@graph":[{"@type":"WebPage","@id":"https:\/\/www.sec.mk\/sq\/edukacija-lokalni-izbori-2017\/","url":"https:\/\/www.sec.mk\/sq\/edukacija-lokalni-izbori-2017\/","name":"EDUKIM ZGJEDHJET LOKALE 2017 - Komisioni Shtet\u00ebror i Zgjedhjeve","isPartOf":{"@id":"https:\/\/www.sec.mk\/#website"},"datePublished":"2021-08-11T11:35:39+00:00","dateModified":"2021-08-24T08:49:30+00:00","breadcrumb":{"@id":"https:\/\/www.sec.mk\/sq\/edukacija-lokalni-izbori-2017\/#breadcrumb"},"inLanguage":"sq","potentialAction":[{"@type":"ReadAction","target":["https:\/\/www.sec.mk\/sq\/edukacija-lokalni-izbori-2017\/"]}]},{"@type":"BreadcrumbList","@id":"https:\/\/www.sec.mk\/sq\/edukacija-lokalni-izbori-2017\/#breadcrumb","itemListElement":[{"@type":"ListItem","position":1,"name":"Home","item":"https:\/\/www.sec.mk\/sq\/home-alb\/"},{"@type":"ListItem","position":2,"name":"EDUKIM ZGJEDHJET LOKALE 2017"}]},{"@type":"WebSite","@id":"https:\/\/www.sec.mk\/#website","url":"https:\/\/www.sec.mk\/","name":"Komisioni Shtet\u00ebror i Zgjedhjeve","description":"","potentialAction":[{"@type":"SearchAction","target":{"@type":"EntryPoint","urlTemplate":"https:\/\/www.sec.mk\/?s={search_term_string}"},"query-input":{"@type":"PropertyValueSpecification","valueRequired":true,"valueName":"search_term_string"}}],"inLanguage":"sq"}]}},"_links":{"self":[{"href":"https:\/\/www.sec.mk\/sq\/wp-json\/wp\/v2\/pages\/30486","targetHints":{"allow":["GET"]}}],"collection":[{"href":"https:\/\/www.sec.mk\/sq\/wp-json\/wp\/v2\/pages"}],"about":[{"href":"https:\/\/www.sec.mk\/sq\/wp-json\/wp\/v2\/types\/page"}],"author":[{"embeddable":true,"href":"https:\/\/www.sec.mk\/sq\/wp-json\/wp\/v2\/users\/3"}],"replies":[{"embeddable":true,"href":"https:\/\/www.sec.mk\/sq\/wp-json\/wp\/v2\/comments?post=30486"}],"version-history":[{"count":9,"href":"https:\/\/www.sec.mk\/sq\/wp-json\/wp\/v2\/pages\/30486\/revisions"}],"predecessor-version":[{"id":31527,"href":"https:\/\/www.sec.mk\/sq\/wp-json\/wp\/v2\/pages\/30486\/revisions\/31527"}],"wp:attachment":[{"href":"https:\/\/www.sec.mk\/sq\/wp-json\/wp\/v2\/media?parent=30486"}],"curies":[{"name":"wp","href":"https:\/\/api.w.org\/{rel}","templated":true}]}}