{"id":37616,"date":"2022-08-18T10:49:46","date_gmt":"2022-08-18T08:49:46","guid":{"rendered":"https:\/\/www.sec.mk\/dalja\/"},"modified":"2022-08-19T15:29:50","modified_gmt":"2022-08-19T13:29:50","slug":"dalja","status":"publish","type":"page","link":"https:\/\/www.sec.mk\/sq\/dalja\/","title":{"rendered":"Dalja"},"content":{"rendered":"<div class=\"wpdt-c\">\n    <div class=\"alert alert-danger m-10\" role=\"alert\">\n        <span class=\"wdt-alert-title f-600\">Error<br><\/span>\n        <span class=\"wdt-alert-subtitle\">File &quot;\/home\/secmk\/wordpress\/wp-content\/uploads\/2022\/08\/Total_izleznost_sq.xlsx&quot; does not exist.<\/span>\n    <\/div>\n<\/div>\n<p><strong>Detaje n\u00ebp\u00ebr VV:<\/strong><\/p>\n<p><a href=\"https:\/\/www.sec.mk\/sq\/izleznost-mavrovo-rostusha\">Mavrov\u00eb dhe Rostush\u00eb<\/a><\/p>\n<p><a href=\"https:\/\/www.sec.mk\/sq\/izleznost-tetovo-2\">Tetov\u00eb<\/a><\/p>\n<p><a href=\"https:\/\/www.sec.mk\/sq\/izleznost-centar-zhupa\">Qend\u00ebr Zhup\u00eb<\/a><\/p>\n<p>\u00a0<\/p>\n","protected":false},"excerpt":{"rendered":"<p>Detaje n\u00ebp\u00ebr VV: Mavrov\u00eb dhe Rostush\u00eb Tetov\u00eb Qend\u00ebr Zhup\u00eb \u00a0<\/p>\n","protected":false},"author":11,"featured_media":0,"parent":0,"menu_order":0,"comment_status":"closed","ping_status":"closed","template":"","meta":{"footnotes":""},"class_list":["post-37616","page","type-page","status-publish","hentry"],"yoast_head":"<!-- This site is optimized with the Yoast SEO plugin v26.2 - https:\/\/yoast.com\/wordpress\/plugins\/seo\/ -->\n<title>Dalja - Komisioni Shtet\u00ebror i Zgjedhjeve<\/title>\n<meta name=\"description\" content=\"Detaje n\u00ebp\u00ebr VV: Mavrov\u00eb dhe Rostush\u00eb Tetov\u00eb Qend\u00ebr Zhup\u00eb \u00a0\" \/>\n<meta name=\"robots\" content=\"index, follow, max-snippet:-1, max-image-preview:large, max-video-preview:-1\" \/>\n<link rel=\"canonical\" href=\"https:\/\/www.sec.mk\/sq\/dalja\/\" \/>\n<meta property=\"og:locale\" content=\"sq_AL\" \/>\n<meta property=\"og:type\" content=\"article\" \/>\n<meta property=\"og:title\" content=\"Dalja - Komisioni Shtet\u00ebror i Zgjedhjeve\" \/>\n<meta property=\"og:description\" content=\"Detaje n\u00ebp\u00ebr VV: Mavrov\u00eb dhe Rostush\u00eb Tetov\u00eb Qend\u00ebr Zhup\u00eb \u00a0\" \/>\n<meta property=\"og:url\" content=\"https:\/\/www.sec.mk\/sq\/dalja\/\" \/>\n<meta property=\"og:site_name\" content=\"Komisioni Shtet\u00ebror i Zgjedhjeve\" \/>\n<meta property=\"article:modified_time\" content=\"2022-08-19T13:29:50+00:00\" \/>\n<meta name=\"twitter:card\" content=\"summary_large_image\" \/>\n<script type=\"application\/ld+json\" class=\"yoast-schema-graph\">{\"@context\":\"https:\/\/schema.org\",\"@graph\":[{\"@type\":\"WebPage\",\"@id\":\"https:\/\/www.sec.mk\/sq\/dalja\/\",\"url\":\"https:\/\/www.sec.mk\/sq\/dalja\/\",\"name\":\"Dalja - Komisioni Shtet\u00ebror i Zgjedhjeve\",\"isPartOf\":{\"@id\":\"https:\/\/www.sec.mk\/#website\"},\"datePublished\":\"2022-08-18T08:49:46+00:00\",\"dateModified\":\"2022-08-19T13:29:50+00:00\",\"description\":\"Detaje n\u00ebp\u00ebr VV: Mavrov\u00eb dhe Rostush\u00eb Tetov\u00eb Qend\u00ebr Zhup\u00eb \u00a0\",\"breadcrumb\":{\"@id\":\"https:\/\/www.sec.mk\/sq\/dalja\/#breadcrumb\"},\"inLanguage\":\"sq\",\"potentialAction\":[{\"@type\":\"ReadAction\",\"target\":[\"https:\/\/www.sec.mk\/sq\/dalja\/\"]}]},{\"@type\":\"BreadcrumbList\",\"@id\":\"https:\/\/www.sec.mk\/sq\/dalja\/#breadcrumb\",\"itemListElement\":[{\"@type\":\"ListItem\",\"position\":1,\"name\":\"Home\",\"item\":\"https:\/\/www.sec.mk\/sq\/home-alb\/\"},{\"@type\":\"ListItem\",\"position\":2,\"name\":\"Dalja\"}]},{\"@type\":\"WebSite\",\"@id\":\"https:\/\/www.sec.mk\/#website\",\"url\":\"https:\/\/www.sec.mk\/\",\"name\":\"Komisioni Shtet\u00ebror i Zgjedhjeve\",\"description\":\"\",\"potentialAction\":[{\"@type\":\"SearchAction\",\"target\":{\"@type\":\"EntryPoint\",\"urlTemplate\":\"https:\/\/www.sec.mk\/?s={search_term_string}\"},\"query-input\":{\"@type\":\"PropertyValueSpecification\",\"valueRequired\":true,\"valueName\":\"search_term_string\"}}],\"inLanguage\":\"sq\"}]}<\/script>\n<!-- \/ Yoast SEO plugin. -->","yoast_head_json":{"title":"Dalja - Komisioni Shtet\u00ebror i Zgjedhjeve","description":"Detaje n\u00ebp\u00ebr VV: Mavrov\u00eb dhe Rostush\u00eb Tetov\u00eb Qend\u00ebr Zhup\u00eb \u00a0","robots":{"index":"index","follow":"follow","max-snippet":"max-snippet:-1","max-image-preview":"max-image-preview:large","max-video-preview":"max-video-preview:-1"},"canonical":"https:\/\/www.sec.mk\/sq\/dalja\/","og_locale":"sq_AL","og_type":"article","og_title":"Dalja - Komisioni Shtet\u00ebror i Zgjedhjeve","og_description":"Detaje n\u00ebp\u00ebr VV: Mavrov\u00eb dhe Rostush\u00eb Tetov\u00eb Qend\u00ebr Zhup\u00eb \u00a0","og_url":"https:\/\/www.sec.mk\/sq\/dalja\/","og_site_name":"Komisioni Shtet\u00ebror i Zgjedhjeve","article_modified_time":"2022-08-19T13:29:50+00:00","twitter_card":"summary_large_image","schema":{"@context":"https:\/\/schema.org","@graph":[{"@type":"WebPage","@id":"https:\/\/www.sec.mk\/sq\/dalja\/","url":"https:\/\/www.sec.mk\/sq\/dalja\/","name":"Dalja - Komisioni Shtet\u00ebror i Zgjedhjeve","isPartOf":{"@id":"https:\/\/www.sec.mk\/#website"},"datePublished":"2022-08-18T08:49:46+00:00","dateModified":"2022-08-19T13:29:50+00:00","description":"Detaje n\u00ebp\u00ebr VV: Mavrov\u00eb dhe Rostush\u00eb Tetov\u00eb Qend\u00ebr Zhup\u00eb \u00a0","breadcrumb":{"@id":"https:\/\/www.sec.mk\/sq\/dalja\/#breadcrumb"},"inLanguage":"sq","potentialAction":[{"@type":"ReadAction","target":["https:\/\/www.sec.mk\/sq\/dalja\/"]}]},{"@type":"BreadcrumbList","@id":"https:\/\/www.sec.mk\/sq\/dalja\/#breadcrumb","itemListElement":[{"@type":"ListItem","position":1,"name":"Home","item":"https:\/\/www.sec.mk\/sq\/home-alb\/"},{"@type":"ListItem","position":2,"name":"Dalja"}]},{"@type":"WebSite","@id":"https:\/\/www.sec.mk\/#website","url":"https:\/\/www.sec.mk\/","name":"Komisioni Shtet\u00ebror i Zgjedhjeve","description":"","potentialAction":[{"@type":"SearchAction","target":{"@type":"EntryPoint","urlTemplate":"https:\/\/www.sec.mk\/?s={search_term_string}"},"query-input":{"@type":"PropertyValueSpecification","valueRequired":true,"valueName":"search_term_string"}}],"inLanguage":"sq"}]}},"_links":{"self":[{"href":"https:\/\/www.sec.mk\/sq\/wp-json\/wp\/v2\/pages\/37616","targetHints":{"allow":["GET"]}}],"collection":[{"href":"https:\/\/www.sec.mk\/sq\/wp-json\/wp\/v2\/pages"}],"about":[{"href":"https:\/\/www.sec.mk\/sq\/wp-json\/wp\/v2\/types\/page"}],"author":[{"embeddable":true,"href":"https:\/\/www.sec.mk\/sq\/wp-json\/wp\/v2\/users\/11"}],"replies":[{"embeddable":true,"href":"https:\/\/www.sec.mk\/sq\/wp-json\/wp\/v2\/comments?post=37616"}],"version-history":[{"count":3,"href":"https:\/\/www.sec.mk\/sq\/wp-json\/wp\/v2\/pages\/37616\/revisions"}],"predecessor-version":[{"id":37619,"href":"https:\/\/www.sec.mk\/sq\/wp-json\/wp\/v2\/pages\/37616\/revisions\/37619"}],"wp:attachment":[{"href":"https:\/\/www.sec.mk\/sq\/wp-json\/wp\/v2\/media?parent=37616"}],"curies":[{"name":"wp","href":"https:\/\/api.w.org\/{rel}","templated":true}]}}