{"id":37627,"date":"2022-08-19T16:57:57","date_gmt":"2022-08-19T14:57:57","guid":{"rendered":"https:\/\/www.sec.mk\/?page_id=37627"},"modified":"2022-08-19T17:06:54","modified_gmt":"2022-08-19T15:06:54","slug":"politika-per-kualitet","status":"publish","type":"page","link":"https:\/\/www.sec.mk\/sq\/politika-per-kualitet\/","title":{"rendered":"Politika p\u00ebr kualitet"},"content":{"rendered":"<div id='av_section_1'  class='avia-section main_color avia-section-default avia-no-border-styling  avia-bg-style-scroll  avia-builder-el-0  avia-builder-el-no-sibling   container_wrap fullsize' style=' '  ><div class='container' ><main  role=\"main\" itemprop=\"mainContentOfPage\"  class='template-page content  av-content-full alpha units'><div class='post-entry post-entry-type-page post-entry-37627'><div class='entry-content-wrapper clearfix'>\n<div  style='padding-bottom:10px; ' class='av-special-heading av-special-heading-h1  blockquote elegant-quote elegant-centered  avia-builder-el-1  el_before_av_one_full  avia-builder-el-first  '><h1 class='av-special-heading-tag '  itemprop=\"headline\"  ><span class=\"heading-wrap\">POLITIKA P\u00cbR KUALITET<\/span><\/h1><div class='special-heading-border'><div class='special-heading-inner-border' ><\/div><\/div><\/div>\n<div class=\"flex_column av_one_full  flex_column_div av-zero-column-padding first  avia-builder-el-2  el_after_av_heading  avia-builder-el-last  \" style='border-radius:0px; '><p><div  style=' margin-top:30px; margin-bottom:30px;'  class='hr hr-custom hr-center hr-icon-no   avia-builder-el-3  el_before_av_textblock  avia-builder-el-first '><span class='hr-inner  inner-border-av-border-thin' style=' width:100%;' ><span class='hr-inner-style'><\/span><\/span><\/div><br \/>\n<section class=\"av_textblock_section \"  itemscope=\"itemscope\" itemtype=\"https:\/\/schema.org\/CreativeWork\" ><div class='avia_textblock  av_inherit_color '  style='color:#000000; '  itemprop=\"text\" ><\/div><\/section><br \/>\n<div  style='padding-bottom:10px; ' class='av-special-heading av-special-heading-h2    avia-builder-el-5  el_after_av_textblock  el_before_av_textblock  '><h2 class='av-special-heading-tag '  itemprop=\"headline\"  >Misioni<\/h2><div class='special-heading-border'><div class='special-heading-inner-border' ><\/div><\/div><\/div><br \/>\n<section class=\"av_textblock_section \"  itemscope=\"itemscope\" itemtype=\"https:\/\/schema.org\/CreativeWork\" ><div class='avia_textblock  '   itemprop=\"text\" ><p>Komisioni Shtet\u00ebror i Zgjedhjeve garanton votim t\u00eb barabart\u00eb, t\u00eb p\u00ebrgjithsh\u00ebm dhe t\u00eb drejt\u00ebp\u00ebrdrejt\u00eb, i cili ushtrohet n\u00eb zgjedhje t\u00eb lira me votim t\u00eb fsheht\u00eb dhe siguron kushte t\u00eb barabarta p\u00ebr t\u00eb gjith\u00eb pjes\u00ebmarr\u00ebsit n\u00eb procesin zgjedhor. P\u00ebrmes realizimit t\u00eb suksessh\u00ebm t\u00eb zgjedhjeve, Komisioni Shtet\u00ebror i Zgjedhjeve vendos themelet e demokracis\u00eb dhe kontribuon n\u00eb rritjen e besimit n\u00eb procesin zgjedhor dhe demokratizimin e institucioneve t\u00eb Republik\u00ebs s\u00eb Maqedonis\u00eb s\u00eb Veriut.<\/p>\n<\/div><\/section><br \/>\n<div  style='padding-bottom:10px; ' class='av-special-heading av-special-heading-h2    avia-builder-el-7  el_after_av_textblock  el_before_av_textblock  '><h2 class='av-special-heading-tag '  itemprop=\"headline\"  >Vizioni<\/h2><div class='special-heading-border'><div class='special-heading-inner-border' ><\/div><\/div><\/div><br \/>\n<section class=\"av_textblock_section \"  itemscope=\"itemscope\" itemtype=\"https:\/\/schema.org\/CreativeWork\" ><div class='avia_textblock  '   itemprop=\"text\" ><p>Komisioni Shtet\u00ebror i Zgjedhjeve, si institucion profesional dhe i pavarur, n\u00eb pun\u00ebn e tij udh\u00ebhiqet n\u00eb p\u00ebrputhje me Kushtetut\u00ebn, ligjet dhe standardet p\u00ebrgjith\u00ebsisht t\u00eb pranuar n\u00ebrkomb\u00ebtare, konventat dhe praktikat e mira n\u00eb zgjedhje. N\u00eb hap me trendet bot\u00ebrore, KSHZ-ja vendos teknologji t\u00eb reja p\u00ebr t\u00eb p\u00ebrmir\u00ebsuar procesin zgjedhor. P\u00ebrmes zbatimit efikas dhe efektiv t\u00eb procesit zgjedhor, KSHZ-ja siguron q\u00eb t\u00eb gjitha pal\u00ebt e interesuara n\u00eb procesin zgjedhor t\u00eb ken\u00eb qasje t\u00eb barabart\u00eb n\u00eb ushtrimin e t\u00eb drejtave t\u00eb tyre zgjedhore.<\/p>\n<\/div><\/section><br \/>\n<div  style=' margin-top:30px; margin-bottom:30px;'  class='hr hr-custom hr-center hr-icon-no   avia-builder-el-9  el_after_av_textblock  el_before_av_textblock '><span class='hr-inner  inner-border-av-border-thin' style=' width:100%;' ><span class='hr-inner-style'><\/span><\/span><\/div><br \/>\n<section class=\"av_textblock_section \"  itemscope=\"itemscope\" itemtype=\"https:\/\/schema.org\/CreativeWork\" ><div class='avia_textblock  '   itemprop=\"text\" ><p>Komisioni Shtet\u00ebror i Zgjedhjeve p\u00ebrcakton dhe vepron n\u00eb realizimin e q\u00ebllimeve cil\u00ebsore, sipas postulateve themelore t\u00eb m\u00ebposhtme:<\/p>\n<ul>\n<li>zhvillimi dhe p\u00ebrmir\u00ebsimi i kapaciteteve administrative p\u00ebr t\u00eb funksionuar me sukses<\/li>\n<li>trajnimi i vazhduesh\u00ebm i stafit dhe rritja e kompetencave t\u00eb tyre<\/li>\n<li>P\u00ebrmir\u00ebsimi i vazhduesh\u00ebm i sistemit t\u00eb menaxhimit t\u00eb cil\u00ebsis\u00eb, n\u00ebp\u00ebrmjet p\u00ebrmbushjes s\u00eb plot\u00eb t\u00eb k\u00ebrkesave t\u00eb standardit nd\u00ebrkomb\u00ebtar ISO 9001:2015<\/li>\n<li>respektim i rregulloreve ligjore n\u00eb fuqi<\/li>\n<li>rritja e k\u00ebnaq\u00ebsis\u00eb s\u00eb qytetar\u00ebve<\/li>\n<li>p\u00ebrmir\u00ebsimi i vazhduesh\u00ebm i proceseve t\u00eb pun\u00ebs, sipas informacionit t\u00eb dokumentuar t\u00eb p\u00ebrcaktuar<\/li>\n<li>zbatimi i proceseve zgjedhore efikase, ligjore dhe profesionale<\/li>\n<li>p\u00ebrgjegj\u00ebsi individuale dhe kolektive gjat\u00eb pun\u00ebs.<\/li>\n<\/ul>\n<div  style='height:20px' class='hr hr-invisible   avia-builder-el-11  avia-builder-el-no-sibling '><span class='hr-inner ' ><span class='hr-inner-style'><\/span><\/span><\/div>\n<\/div><\/section><br \/>\n<section class=\"av_textblock_section \"  itemscope=\"itemscope\" itemtype=\"https:\/\/schema.org\/CreativeWork\" ><div class='avia_textblock  av_inherit_color '  style='color:#000000; '  itemprop=\"text\" ><p><span  class=\"av_font_icon avia_animate_when_visible avia-icon-animate  av-icon-style-  avia-icon-pos-left \" style=\"color:#a5a5a5; border-color:#a5a5a5;\"><span class='av-icon-char' style='font-size:20px;line-height:20px;' aria-hidden='true' data-av_icon='\ue89d' data-av_iconfont='entypo-fontello' ><\/span><\/span><strong>Politika e cil\u00ebsis\u00eb \u00ebsht\u00eb n\u00eb dispozicion t\u00eb opinionit dhe \u00ebsht\u00eb detyrim p\u00ebr t\u00eb gjith\u00eb t\u00eb pun\u00ebsuarit.<\/strong><\/p>\n<\/div><\/section><\/p><\/div>\n","protected":false},"excerpt":{"rendered":"","protected":false},"author":3,"featured_media":0,"parent":0,"menu_order":0,"comment_status":"closed","ping_status":"closed","template":"","meta":{"footnotes":""},"class_list":["post-37627","page","type-page","status-publish","hentry"],"yoast_head":"<!-- This site is optimized with the Yoast SEO plugin v26.2 - https:\/\/yoast.com\/wordpress\/plugins\/seo\/ -->\n<title>Politika p\u00ebr kualitet - Komisioni Shtet\u00ebror i Zgjedhjeve<\/title>\n<meta name=\"robots\" content=\"index, follow, max-snippet:-1, max-image-preview:large, max-video-preview:-1\" \/>\n<link rel=\"canonical\" href=\"https:\/\/www.sec.mk\/sq\/politika-per-kualitet\/\" \/>\n<meta property=\"og:locale\" content=\"sq_AL\" \/>\n<meta property=\"og:type\" content=\"article\" \/>\n<meta property=\"og:title\" content=\"Politika p\u00ebr kualitet - Komisioni Shtet\u00ebror i Zgjedhjeve\" \/>\n<meta property=\"og:url\" content=\"https:\/\/www.sec.mk\/sq\/politika-per-kualitet\/\" \/>\n<meta property=\"og:site_name\" content=\"Komisioni Shtet\u00ebror i Zgjedhjeve\" \/>\n<meta property=\"article:modified_time\" content=\"2022-08-19T15:06:54+00:00\" \/>\n<meta name=\"twitter:card\" content=\"summary_large_image\" \/>\n<meta name=\"twitter:label1\" content=\"Est. reading time\" \/>\n\t<meta name=\"twitter:data1\" content=\"3 minuta\" \/>\n<script type=\"application\/ld+json\" class=\"yoast-schema-graph\">{\"@context\":\"https:\/\/schema.org\",\"@graph\":[{\"@type\":\"WebPage\",\"@id\":\"https:\/\/www.sec.mk\/sq\/politika-per-kualitet\/\",\"url\":\"https:\/\/www.sec.mk\/sq\/politika-per-kualitet\/\",\"name\":\"Politika p\u00ebr kualitet - Komisioni Shtet\u00ebror i Zgjedhjeve\",\"isPartOf\":{\"@id\":\"https:\/\/www.sec.mk\/#website\"},\"datePublished\":\"2022-08-19T14:57:57+00:00\",\"dateModified\":\"2022-08-19T15:06:54+00:00\",\"breadcrumb\":{\"@id\":\"https:\/\/www.sec.mk\/sq\/politika-per-kualitet\/#breadcrumb\"},\"inLanguage\":\"sq\",\"potentialAction\":[{\"@type\":\"ReadAction\",\"target\":[\"https:\/\/www.sec.mk\/sq\/politika-per-kualitet\/\"]}]},{\"@type\":\"BreadcrumbList\",\"@id\":\"https:\/\/www.sec.mk\/sq\/politika-per-kualitet\/#breadcrumb\",\"itemListElement\":[{\"@type\":\"ListItem\",\"position\":1,\"name\":\"Home\",\"item\":\"https:\/\/www.sec.mk\/sq\/home-alb\/\"},{\"@type\":\"ListItem\",\"position\":2,\"name\":\"Politika p\u00ebr kualitet\"}]},{\"@type\":\"WebSite\",\"@id\":\"https:\/\/www.sec.mk\/#website\",\"url\":\"https:\/\/www.sec.mk\/\",\"name\":\"Komisioni Shtet\u00ebror i Zgjedhjeve\",\"description\":\"\",\"potentialAction\":[{\"@type\":\"SearchAction\",\"target\":{\"@type\":\"EntryPoint\",\"urlTemplate\":\"https:\/\/www.sec.mk\/?s={search_term_string}\"},\"query-input\":{\"@type\":\"PropertyValueSpecification\",\"valueRequired\":true,\"valueName\":\"search_term_string\"}}],\"inLanguage\":\"sq\"}]}<\/script>\n<!-- \/ Yoast SEO plugin. -->","yoast_head_json":{"title":"Politika p\u00ebr kualitet - Komisioni Shtet\u00ebror i Zgjedhjeve","robots":{"index":"index","follow":"follow","max-snippet":"max-snippet:-1","max-image-preview":"max-image-preview:large","max-video-preview":"max-video-preview:-1"},"canonical":"https:\/\/www.sec.mk\/sq\/politika-per-kualitet\/","og_locale":"sq_AL","og_type":"article","og_title":"Politika p\u00ebr kualitet - Komisioni Shtet\u00ebror i Zgjedhjeve","og_url":"https:\/\/www.sec.mk\/sq\/politika-per-kualitet\/","og_site_name":"Komisioni Shtet\u00ebror i Zgjedhjeve","article_modified_time":"2022-08-19T15:06:54+00:00","twitter_card":"summary_large_image","twitter_misc":{"Est. reading time":"3 minuta"},"schema":{"@context":"https:\/\/schema.org","@graph":[{"@type":"WebPage","@id":"https:\/\/www.sec.mk\/sq\/politika-per-kualitet\/","url":"https:\/\/www.sec.mk\/sq\/politika-per-kualitet\/","name":"Politika p\u00ebr kualitet - Komisioni Shtet\u00ebror i Zgjedhjeve","isPartOf":{"@id":"https:\/\/www.sec.mk\/#website"},"datePublished":"2022-08-19T14:57:57+00:00","dateModified":"2022-08-19T15:06:54+00:00","breadcrumb":{"@id":"https:\/\/www.sec.mk\/sq\/politika-per-kualitet\/#breadcrumb"},"inLanguage":"sq","potentialAction":[{"@type":"ReadAction","target":["https:\/\/www.sec.mk\/sq\/politika-per-kualitet\/"]}]},{"@type":"BreadcrumbList","@id":"https:\/\/www.sec.mk\/sq\/politika-per-kualitet\/#breadcrumb","itemListElement":[{"@type":"ListItem","position":1,"name":"Home","item":"https:\/\/www.sec.mk\/sq\/home-alb\/"},{"@type":"ListItem","position":2,"name":"Politika p\u00ebr kualitet"}]},{"@type":"WebSite","@id":"https:\/\/www.sec.mk\/#website","url":"https:\/\/www.sec.mk\/","name":"Komisioni Shtet\u00ebror i Zgjedhjeve","description":"","potentialAction":[{"@type":"SearchAction","target":{"@type":"EntryPoint","urlTemplate":"https:\/\/www.sec.mk\/?s={search_term_string}"},"query-input":{"@type":"PropertyValueSpecification","valueRequired":true,"valueName":"search_term_string"}}],"inLanguage":"sq"}]}},"_links":{"self":[{"href":"https:\/\/www.sec.mk\/sq\/wp-json\/wp\/v2\/pages\/37627","targetHints":{"allow":["GET"]}}],"collection":[{"href":"https:\/\/www.sec.mk\/sq\/wp-json\/wp\/v2\/pages"}],"about":[{"href":"https:\/\/www.sec.mk\/sq\/wp-json\/wp\/v2\/types\/page"}],"author":[{"embeddable":true,"href":"https:\/\/www.sec.mk\/sq\/wp-json\/wp\/v2\/users\/3"}],"replies":[{"embeddable":true,"href":"https:\/\/www.sec.mk\/sq\/wp-json\/wp\/v2\/comments?post=37627"}],"version-history":[{"count":8,"href":"https:\/\/www.sec.mk\/sq\/wp-json\/wp\/v2\/pages\/37627\/revisions"}],"predecessor-version":[{"id":37778,"href":"https:\/\/www.sec.mk\/sq\/wp-json\/wp\/v2\/pages\/37627\/revisions\/37778"}],"wp:attachment":[{"href":"https:\/\/www.sec.mk\/sq\/wp-json\/wp\/v2\/media?parent=37627"}],"curies":[{"name":"wp","href":"https:\/\/api.w.org\/{rel}","templated":true}]}}