{"id":38703,"date":"2023-01-31T09:06:14","date_gmt":"2023-01-31T08:06:14","guid":{"rendered":"https:\/\/www.sec.mk\/?page_id=38703"},"modified":"2025-02-05T09:36:25","modified_gmt":"2025-02-05T08:36:25","slug":"godishen-plan-za-procenka-na-rizici-od-korupcija","status":"publish","type":"page","link":"https:\/\/www.sec.mk\/sq\/godishen-plan-za-procenka-na-rizici-od-korupcija\/","title":{"rendered":"Plani vjetor p\u00ebr vler\u00ebsimin e rreziqeve nga korrupsioni"},"content":{"rendered":"<div  style='padding-bottom:15px; ' class='av-special-heading av-special-heading-h1  blockquote elegant-quote elegant-centered  avia-builder-el-0  el_before_av_hr  avia-builder-el-first  '><h1 class='av-special-heading-tag '  itemprop=\"headline\"  ><span class=\"heading-wrap\">Plani vjetor p\u00ebr vler\u00ebsimin e rreziqeve nga korrupsioni<\/span><\/h1><div class='special-heading-border'><div class='special-heading-inner-border' ><\/div><\/div><\/div>\n<div  style=' margin-top:30px; margin-bottom:30px;'  class='hr hr-custom hr-center hr-icon-no   avia-builder-el-1  el_after_av_heading  el_before_av_textblock '><span class='hr-inner  inner-border-av-border-thin' style=' width:100%;' ><span class='hr-inner-style'><\/span><\/span><\/div>\n<section class=\"av_textblock_section \"  itemscope=\"itemscope\" itemtype=\"https:\/\/schema.org\/CreativeWork\" ><div class='avia_textblock  '   itemprop=\"text\" ><ul>\n<li><span lang=\"MK\"><a class=\"scan-pdf-link\" href=\"https:\/\/drive.google.com\/file\/d\/1gEQgjx7JIXtmH-BOcSUsEjM5tpS8__9V\/view?usp=share_link\" target=\"_blank\" rel=\"noopener\"><img decoding=\"async\" class=\"alignnone wp-image-30381\" src=\"http:\/\/www.sec.mk\/wp-content\/uploads\/2021\/08\/scan-pdf-3-150x150-1-80x80.jpg\" alt=\"\u0441\u043a\u0435\u043d\u0438\u0440\u0430\u043d\u0430 \u0432\u0435\u0440\u0437\u0438\u0458\u0430 \u043e\u0434 \u0434\u043e\u043a\u0443\u043c\u0435\u043d\u0442\u043e\u0442\" width=\"25\" height=\"25\" srcset=\"https:\/\/www.sec.mk\/wp-content\/uploads\/2021\/08\/scan-pdf-3-150x150-1-80x80.jpg 80w, https:\/\/www.sec.mk\/wp-content\/uploads\/2021\/08\/scan-pdf-3-150x150-1-36x36.jpg 36w, https:\/\/www.sec.mk\/wp-content\/uploads\/2021\/08\/scan-pdf-3-150x150-1.jpg 150w\" sizes=\"(max-width: 25px) 100vw, 25px\" \/><\/a>\u00a0 <span  class=\"av_font_icon avia_animate_when_visible avia-icon-animate  av-icon-style-  avia-icon-pos-left \" style=\"color:#a81010; border-color:#a81010;\"><a href='https:\/\/drive.google.com\/file\/d\/1HRfyNDHssHg5pWx6WZkXZ2zsJ_FDFlTI\/view?usp=share_link' target=\"_blank\" rel=\"noopener noreferrer\" class='av-icon-char' style='font-size:25px;line-height:25px;' aria-hidden='true' data-av_icon='\ue800' data-av_iconfont='fontello'><\/a><\/span><\/span> Plani vjetor p\u00ebr vler\u00ebsimin e rreziqeve nga korrupsioni n\u00eb Komisionin Shtet\u00ebror t\u00eb Zgjedhjeve p\u00ebr vitin 2023<\/li>\n<li><span lang=\"MK\">\u00a0 <span  class=\"av_font_icon avia_animate_when_visible avia-icon-animate  av-icon-style-  avia-icon-pos-left \" style=\"color:#a81010; border-color:#a81010;\"><a href='https:\/\/drive.google.com\/file\/d\/1yYMHHND1MiJtVm3m3Nx_XbDRrFakaWQ1\/view?usp=sharing' target=\"_blank\" rel=\"noopener noreferrer\" class='av-icon-char' style='font-size:25px;line-height:25px;' aria-hidden='true' data-av_icon='\ue800' data-av_iconfont='fontello'><\/a><\/span><\/span> <a href=\"https:\/\/drive.google.com\/file\/d\/1yYMHHND1MiJtVm3m3Nx_XbDRrFakaWQ1\/view?usp=sharing\" target=\"_blank\" rel=\"noopener\">Udhezim per pranimin e denoncimeve nga denoncuesit, ndarja dhe perpunim! i te dhenave nga denoncuesit dhe sigurimi I mbrojtjes se te dhenave personale dhe te te dhenave te tjera te denoncuesve<\/a><\/li>\n<\/ul>\n<h5><strong>\u00a0Personat e autorizuar p\u00ebr pranimin e denoncimeve nga denoncuesit:<\/strong><\/h5>\n<ul>\n<li><span data-olk-copy-source=\"MessageBody\">Katerina Vasilevska<\/span><br aria-hidden=\"true\" \/>numri i telefonit: 075 451 474<br \/>\nadresa e emailit:\u00a0Katerina.Vasilevska@sec.mk<\/li>\n<li><span data-olk-copy-source=\"MessageBody\">Nermina Gjurgjeviq<\/span><br \/>\nnumri i telefonit: 078 451 847<br \/>\nadresa e emailit: Nermina@sec.mk<span data-olk-copy-source=\"MessageBody\"><\/p>\n<p>adresa: Rr. Sh. Kirili dhe Metodi nr. 54<br \/>\nadresa e emailit:\u00a0ukazuvanje@sec.mk<br \/>\n<\/span><\/li>\n<\/ul>\n<\/div><\/section>\n","protected":false},"excerpt":{"rendered":"","protected":false},"author":3,"featured_media":0,"parent":0,"menu_order":0,"comment_status":"closed","ping_status":"closed","template":"","meta":{"footnotes":""},"class_list":["post-38703","page","type-page","status-publish","hentry"],"yoast_head":"<!-- This site is optimized with the Yoast SEO plugin v26.2 - https:\/\/yoast.com\/wordpress\/plugins\/seo\/ -->\n<title>Plani vjetor p\u00ebr vler\u00ebsimin e rreziqeve nga korrupsioni - Komisioni Shtet\u00ebror i Zgjedhjeve<\/title>\n<meta name=\"robots\" content=\"index, follow, max-snippet:-1, max-image-preview:large, max-video-preview:-1\" \/>\n<link rel=\"canonical\" href=\"https:\/\/www.sec.mk\/sq\/godishen-plan-za-procenka-na-rizici-od-korupcija\/\" \/>\n<meta property=\"og:locale\" content=\"sq_AL\" \/>\n<meta property=\"og:type\" content=\"article\" \/>\n<meta property=\"og:title\" content=\"Plani vjetor p\u00ebr vler\u00ebsimin e rreziqeve nga korrupsioni - Komisioni Shtet\u00ebror i Zgjedhjeve\" \/>\n<meta property=\"og:url\" content=\"https:\/\/www.sec.mk\/sq\/godishen-plan-za-procenka-na-rizici-od-korupcija\/\" \/>\n<meta property=\"og:site_name\" content=\"Komisioni Shtet\u00ebror i Zgjedhjeve\" \/>\n<meta property=\"article:modified_time\" content=\"2025-02-05T08:36:25+00:00\" \/>\n<meta property=\"og:image\" content=\"http:\/\/www.sec.mk\/wp-content\/uploads\/2021\/08\/scan-pdf-3-150x150-1-80x80.jpg\" \/>\n<meta name=\"twitter:card\" content=\"summary_large_image\" \/>\n<meta name=\"twitter:label1\" content=\"Est. reading time\" \/>\n\t<meta name=\"twitter:data1\" content=\"2 minuta\" \/>\n<script type=\"application\/ld+json\" class=\"yoast-schema-graph\">{\"@context\":\"https:\/\/schema.org\",\"@graph\":[{\"@type\":\"WebPage\",\"@id\":\"https:\/\/www.sec.mk\/sq\/godishen-plan-za-procenka-na-rizici-od-korupcija\/\",\"url\":\"https:\/\/www.sec.mk\/sq\/godishen-plan-za-procenka-na-rizici-od-korupcija\/\",\"name\":\"Plani vjetor p\u00ebr vler\u00ebsimin e rreziqeve nga korrupsioni - Komisioni Shtet\u00ebror i Zgjedhjeve\",\"isPartOf\":{\"@id\":\"https:\/\/www.sec.mk\/#website\"},\"primaryImageOfPage\":{\"@id\":\"https:\/\/www.sec.mk\/sq\/godishen-plan-za-procenka-na-rizici-od-korupcija\/#primaryimage\"},\"image\":{\"@id\":\"https:\/\/www.sec.mk\/sq\/godishen-plan-za-procenka-na-rizici-od-korupcija\/#primaryimage\"},\"thumbnailUrl\":\"http:\/\/www.sec.mk\/wp-content\/uploads\/2021\/08\/scan-pdf-3-150x150-1-80x80.jpg\",\"datePublished\":\"2023-01-31T08:06:14+00:00\",\"dateModified\":\"2025-02-05T08:36:25+00:00\",\"breadcrumb\":{\"@id\":\"https:\/\/www.sec.mk\/sq\/godishen-plan-za-procenka-na-rizici-od-korupcija\/#breadcrumb\"},\"inLanguage\":\"sq\",\"potentialAction\":[{\"@type\":\"ReadAction\",\"target\":[\"https:\/\/www.sec.mk\/sq\/godishen-plan-za-procenka-na-rizici-od-korupcija\/\"]}]},{\"@type\":\"ImageObject\",\"inLanguage\":\"sq\",\"@id\":\"https:\/\/www.sec.mk\/sq\/godishen-plan-za-procenka-na-rizici-od-korupcija\/#primaryimage\",\"url\":\"http:\/\/www.sec.mk\/wp-content\/uploads\/2021\/08\/scan-pdf-3-150x150-1-80x80.jpg\",\"contentUrl\":\"http:\/\/www.sec.mk\/wp-content\/uploads\/2021\/08\/scan-pdf-3-150x150-1-80x80.jpg\"},{\"@type\":\"BreadcrumbList\",\"@id\":\"https:\/\/www.sec.mk\/sq\/godishen-plan-za-procenka-na-rizici-od-korupcija\/#breadcrumb\",\"itemListElement\":[{\"@type\":\"ListItem\",\"position\":1,\"name\":\"Home\",\"item\":\"https:\/\/www.sec.mk\/sq\/home-alb\/\"},{\"@type\":\"ListItem\",\"position\":2,\"name\":\"Plani vjetor p\u00ebr vler\u00ebsimin e rreziqeve nga korrupsioni\"}]},{\"@type\":\"WebSite\",\"@id\":\"https:\/\/www.sec.mk\/#website\",\"url\":\"https:\/\/www.sec.mk\/\",\"name\":\"Komisioni Shtet\u00ebror i Zgjedhjeve\",\"description\":\"\",\"potentialAction\":[{\"@type\":\"SearchAction\",\"target\":{\"@type\":\"EntryPoint\",\"urlTemplate\":\"https:\/\/www.sec.mk\/?s={search_term_string}\"},\"query-input\":{\"@type\":\"PropertyValueSpecification\",\"valueRequired\":true,\"valueName\":\"search_term_string\"}}],\"inLanguage\":\"sq\"}]}<\/script>\n<!-- \/ Yoast SEO plugin. -->","yoast_head_json":{"title":"Plani vjetor p\u00ebr vler\u00ebsimin e rreziqeve nga korrupsioni - Komisioni Shtet\u00ebror i Zgjedhjeve","robots":{"index":"index","follow":"follow","max-snippet":"max-snippet:-1","max-image-preview":"max-image-preview:large","max-video-preview":"max-video-preview:-1"},"canonical":"https:\/\/www.sec.mk\/sq\/godishen-plan-za-procenka-na-rizici-od-korupcija\/","og_locale":"sq_AL","og_type":"article","og_title":"Plani vjetor p\u00ebr vler\u00ebsimin e rreziqeve nga korrupsioni - Komisioni Shtet\u00ebror i Zgjedhjeve","og_url":"https:\/\/www.sec.mk\/sq\/godishen-plan-za-procenka-na-rizici-od-korupcija\/","og_site_name":"Komisioni Shtet\u00ebror i Zgjedhjeve","article_modified_time":"2025-02-05T08:36:25+00:00","og_image":[{"url":"http:\/\/www.sec.mk\/wp-content\/uploads\/2021\/08\/scan-pdf-3-150x150-1-80x80.jpg","type":"","width":"","height":""}],"twitter_card":"summary_large_image","twitter_misc":{"Est. reading time":"2 minuta"},"schema":{"@context":"https:\/\/schema.org","@graph":[{"@type":"WebPage","@id":"https:\/\/www.sec.mk\/sq\/godishen-plan-za-procenka-na-rizici-od-korupcija\/","url":"https:\/\/www.sec.mk\/sq\/godishen-plan-za-procenka-na-rizici-od-korupcija\/","name":"Plani vjetor p\u00ebr vler\u00ebsimin e rreziqeve nga korrupsioni - Komisioni Shtet\u00ebror i Zgjedhjeve","isPartOf":{"@id":"https:\/\/www.sec.mk\/#website"},"primaryImageOfPage":{"@id":"https:\/\/www.sec.mk\/sq\/godishen-plan-za-procenka-na-rizici-od-korupcija\/#primaryimage"},"image":{"@id":"https:\/\/www.sec.mk\/sq\/godishen-plan-za-procenka-na-rizici-od-korupcija\/#primaryimage"},"thumbnailUrl":"http:\/\/www.sec.mk\/wp-content\/uploads\/2021\/08\/scan-pdf-3-150x150-1-80x80.jpg","datePublished":"2023-01-31T08:06:14+00:00","dateModified":"2025-02-05T08:36:25+00:00","breadcrumb":{"@id":"https:\/\/www.sec.mk\/sq\/godishen-plan-za-procenka-na-rizici-od-korupcija\/#breadcrumb"},"inLanguage":"sq","potentialAction":[{"@type":"ReadAction","target":["https:\/\/www.sec.mk\/sq\/godishen-plan-za-procenka-na-rizici-od-korupcija\/"]}]},{"@type":"ImageObject","inLanguage":"sq","@id":"https:\/\/www.sec.mk\/sq\/godishen-plan-za-procenka-na-rizici-od-korupcija\/#primaryimage","url":"http:\/\/www.sec.mk\/wp-content\/uploads\/2021\/08\/scan-pdf-3-150x150-1-80x80.jpg","contentUrl":"http:\/\/www.sec.mk\/wp-content\/uploads\/2021\/08\/scan-pdf-3-150x150-1-80x80.jpg"},{"@type":"BreadcrumbList","@id":"https:\/\/www.sec.mk\/sq\/godishen-plan-za-procenka-na-rizici-od-korupcija\/#breadcrumb","itemListElement":[{"@type":"ListItem","position":1,"name":"Home","item":"https:\/\/www.sec.mk\/sq\/home-alb\/"},{"@type":"ListItem","position":2,"name":"Plani vjetor p\u00ebr vler\u00ebsimin e rreziqeve nga korrupsioni"}]},{"@type":"WebSite","@id":"https:\/\/www.sec.mk\/#website","url":"https:\/\/www.sec.mk\/","name":"Komisioni Shtet\u00ebror i Zgjedhjeve","description":"","potentialAction":[{"@type":"SearchAction","target":{"@type":"EntryPoint","urlTemplate":"https:\/\/www.sec.mk\/?s={search_term_string}"},"query-input":{"@type":"PropertyValueSpecification","valueRequired":true,"valueName":"search_term_string"}}],"inLanguage":"sq"}]}},"_links":{"self":[{"href":"https:\/\/www.sec.mk\/sq\/wp-json\/wp\/v2\/pages\/38703","targetHints":{"allow":["GET"]}}],"collection":[{"href":"https:\/\/www.sec.mk\/sq\/wp-json\/wp\/v2\/pages"}],"about":[{"href":"https:\/\/www.sec.mk\/sq\/wp-json\/wp\/v2\/types\/page"}],"author":[{"embeddable":true,"href":"https:\/\/www.sec.mk\/sq\/wp-json\/wp\/v2\/users\/3"}],"replies":[{"embeddable":true,"href":"https:\/\/www.sec.mk\/sq\/wp-json\/wp\/v2\/comments?post=38703"}],"version-history":[{"count":10,"href":"https:\/\/www.sec.mk\/sq\/wp-json\/wp\/v2\/pages\/38703\/revisions"}],"predecessor-version":[{"id":44134,"href":"https:\/\/www.sec.mk\/sq\/wp-json\/wp\/v2\/pages\/38703\/revisions\/44134"}],"wp:attachment":[{"href":"https:\/\/www.sec.mk\/sq\/wp-json\/wp\/v2\/media?parent=38703"}],"curies":[{"name":"wp","href":"https:\/\/api.w.org\/{rel}","templated":true}]}}