{"id":39609,"date":"2023-12-29T12:40:14","date_gmt":"2023-12-29T11:40:14","guid":{"rendered":"https:\/\/www.sec.mk\/?page_id=39609"},"modified":"2024-03-22T18:29:23","modified_gmt":"2024-03-22T17:29:23","slug":"izbirachki-spisok-alb","status":"publish","type":"page","link":"https:\/\/www.sec.mk\/sq\/izbirachki-spisok-alb\/","title":{"rendered":"\u0418\u0437\u0431\u0438\u0440\u0430\u0447\u043a\u0438 \u0441\u043f\u0438\u0441\u043e\u043a \u0410\u041b\u0411"},"content":{"rendered":"<div id='av_section_1'  class='avia-section main_color avia-section-default avia-no-border-styling  avia-bg-style-scroll  avia-builder-el-0  avia-builder-el-no-sibling   container_wrap fullsize' style=' '  ><div class='container' ><main  role=\"main\" itemprop=\"mainContentOfPage\"  class='template-page content  av-content-full alpha units'><div class='post-entry post-entry-type-page post-entry-39609'><div class='entry-content-wrapper clearfix'>\n<div class=\"flex_column av_one_full  flex_column_div av-zero-column-padding first  avia-builder-el-1  el_before_av_one_half  avia-builder-el-first  \" style='border-radius:0px; '><div  style='padding-bottom:20px; ' class='av-special-heading av-special-heading-h1  blockquote elegant-quote elegant-centered  avia-builder-el-2  avia-builder-el-no-sibling  '><h1 class='av-special-heading-tag '  itemprop=\"headline\"  ><span class=\"heading-wrap\">Inspektimi publik i List\u00ebs Zgjedhore<\/span><\/h1><div class='special-heading-border'><div class='special-heading-inner-border' ><\/div><\/div><\/div><\/div><div class=\"flex_column av_one_half  flex_column_div av-zero-column-padding first  avia-builder-el-3  el_after_av_one_full  el_before_av_one_half  column-top-margin\" style='border-radius:0px; '><p><div  style='padding-bottom:10px; ' class='av-special-heading av-special-heading-h3  blockquote elegant-quote elegant-centered  avia-builder-el-4  el_before_av_image  avia-builder-el-first  '><h3 class='av-special-heading-tag '  itemprop=\"headline\"  ><span class=\"heading-wrap\">List\u00ebn zgjedhore<\/span><\/h3><div class='special-heading-border'><div class='special-heading-inner-border' ><\/div><\/div><\/div><br \/>\n<div  class='avia-image-container avia_animated_image avia_animate_when_almost_visible fade-in av-styling- av-hover-grow av-hide-overflow   avia-builder-el-5  el_after_av_heading  avia-builder-el-last  avia-align-center '  itemprop=\"image\" itemscope=\"itemscope\" itemtype=\"https:\/\/schema.org\/ImageObject\"  ><div class='avia-image-container-inner'><div class='avia-image-overlay-wrap'><a href=\"https:\/\/izbirackispisok.gov.mk\/\" class='avia_image' target=\"_blank\" rel=\"noopener noreferrer\"><img decoding=\"async\" width=\"731\" height=\"515\" class='wp-image-41252 avia-img-lazy-loading-not-41252 avia_image' src=\"https:\/\/www.sec.mk\/wp-content\/uploads\/2024\/03\/Izbiracki-spisok-2024-alb.png\" alt='' title='Izbiracki spisok 2024 alb'  itemprop=\"thumbnailUrl\" srcset=\"https:\/\/www.sec.mk\/wp-content\/uploads\/2024\/03\/Izbiracki-spisok-2024-alb.png 731w, https:\/\/www.sec.mk\/wp-content\/uploads\/2024\/03\/Izbiracki-spisok-2024-alb-300x211.png 300w, https:\/\/www.sec.mk\/wp-content\/uploads\/2024\/03\/Izbiracki-spisok-2024-alb-705x497.png 705w\" sizes=\"(max-width: 731px) 100vw, 731px\" \/><\/a><\/div><\/div><\/div><\/p><\/div><div class=\"flex_column av_one_half  flex_column_div av-zero-column-padding   avia-builder-el-6  el_after_av_one_half  avia-builder-el-last  column-top-margin\" style='border-radius:0px; '><p><div  style='height:20px' class='hr hr-invisible   avia-builder-el-7  el_before_av_heading  avia-builder-el-first '><span class='hr-inner ' ><span class='hr-inner-style'><\/span><\/span><\/div><br \/>\n<div  style='padding-bottom:10px; ' class='av-special-heading av-special-heading-h3  blockquote modern-quote  avia-builder-el-8  el_after_av_hr  el_before_av_heading  '><h3 class='av-special-heading-tag '  itemprop=\"headline\"  >Posta elektronike p\u00ebr paraqitjen e k\u00ebrkes\u00ebs p\u00ebr regjistrim, plot\u00ebsim ose fshirje t\u00eb t\u00eb dh\u00ebnave n\u00eb List\u00ebn Zgjedhore: upisis@sec.mk<\/h3><div class='special-heading-border'><div class='special-heading-inner-border' ><\/div><\/div><\/div><br \/>\n<div  style='padding-bottom:10px; ' class='av-special-heading av-special-heading-h3  blockquote modern-quote  avia-builder-el-9  el_after_av_heading  el_before_av_iconlist  '><h3 class='av-special-heading-tag '  itemprop=\"headline\"  >Formular\u00ebt p\u00ebr ndryshimin e t\u00eb dh\u00ebnave n\u00eb List\u00ebn zgjedhore<\/h3><div class='special-heading-border'><div class='special-heading-inner-border' ><\/div><\/div><\/div><br \/>\n<div  class='avia-icon-list-container   avia-builder-el-10  el_after_av_heading  avia-builder-el-last '><ul class='avia-icon-list avia-icon-list-left av-iconlist-big avia_animate_when_almost_visible avia-iconlist-animate'>\n<li><a href='https:\/\/docs.google.com\/document\/d\/1W1m8DyPuLlG3VOdytM6vX8EEQG3f2reQ\/edit' title='Formulari B1' target=\"_blank\" rel=\"noopener noreferrer\" style='background-color:#a81010; ' class='iconlist_icon  avia-font-flaticon'><span class='iconlist-char ' aria-hidden='true' data-av_icon='\uf101' data-av_iconfont='flaticon'><\/span><\/a><article class=\"article-icon-entry \"  itemscope=\"itemscope\" itemtype=\"https:\/\/schema.org\/CreativeWork\" ><div class='iconlist_content_wrap'><header class=\"entry-content-header\"><h4 class='av_iconlist_title iconlist_title   '  itemprop=\"headline\"   style='font-size:18px; '><a href='https:\/\/docs.google.com\/document\/d\/1W1m8DyPuLlG3VOdytM6vX8EEQG3f2reQ\/edit' title='Formulari B1' target=\"_blank\" rel=\"noopener noreferrer\">Formulari B1<\/a><\/h4><\/header><div class='iconlist_content  '  itemprop=\"text\"   style='font-size:14px; '><p><a href=\"https:\/\/docs.google.com\/document\/d\/1W1m8DyPuLlG3VOdytM6vX8EEQG3f2reQ\/edit\" target=\"_blank\" rel=\"noopener\"><strong>K\u00ebrkes\u00eb p\u00ebr regjistrim n\u00eb List\u00ebn e zgjedh\u00ebsve<\/strong><\/a><\/p>\n<\/div><\/div><footer class=\"entry-footer\"><\/footer><\/article><div class='iconlist-timeline'><\/div><\/li>\n<li><a href='https:\/\/docs.google.com\/document\/d\/1L_sdtF75KIqrRIpZ5Sij5q2XNduFvXul\/edit' title='Formulari B2' target=\"_blank\" rel=\"noopener noreferrer\" style='background-color:#a81010; ' class='iconlist_icon  avia-font-flaticon'><span class='iconlist-char ' aria-hidden='true' data-av_icon='\uf101' data-av_iconfont='flaticon'><\/span><\/a><article class=\"article-icon-entry \"  itemscope=\"itemscope\" itemtype=\"https:\/\/schema.org\/CreativeWork\" ><div class='iconlist_content_wrap'><header class=\"entry-content-header\"><h4 class='av_iconlist_title iconlist_title   '  itemprop=\"headline\"   style='font-size:18px; '><a href='https:\/\/docs.google.com\/document\/d\/1L_sdtF75KIqrRIpZ5Sij5q2XNduFvXul\/edit' title='Formulari B2' target=\"_blank\" rel=\"noopener noreferrer\">Formulari B2<\/a><\/h4><\/header><div class='iconlist_content  '  itemprop=\"text\"   style='font-size:14px; '><p><a href=\"https:\/\/docs.google.com\/document\/d\/1L_sdtF75KIqrRIpZ5Sij5q2XNduFvXul\/edit\" target=\"_blank\" rel=\"noopener\">K\u00ebrkes\u00eb p\u00ebr fshirjen e t\u00eb dh\u00ebnave n\u00eb List\u00ebn e zgjedh\u00ebsve<\/a><\/p>\n<\/div><\/div><footer class=\"entry-footer\"><\/footer><\/article><div class='iconlist-timeline'><\/div><\/li>\n<li><a href='https:\/\/docs.google.com\/document\/d\/1QM9PkIOYCmQKldauOsrJ8ToXUQSICIOk\/edit' title='Formulari B3' target=\"_blank\" rel=\"noopener noreferrer\" style='background-color:#a81010; ' class='iconlist_icon  avia-font-flaticon'><span class='iconlist-char ' aria-hidden='true' data-av_icon='\uf101' data-av_iconfont='flaticon'><\/span><\/a><article class=\"article-icon-entry \"  itemscope=\"itemscope\" itemtype=\"https:\/\/schema.org\/CreativeWork\" ><div class='iconlist_content_wrap'><header class=\"entry-content-header\"><h4 class='av_iconlist_title iconlist_title   '  itemprop=\"headline\"   style='font-size:18px; '><a href='https:\/\/docs.google.com\/document\/d\/1QM9PkIOYCmQKldauOsrJ8ToXUQSICIOk\/edit' title='Formulari B3' target=\"_blank\" rel=\"noopener noreferrer\">Formulari B3<\/a><\/h4><\/header><div class='iconlist_content  '  itemprop=\"text\"   style='font-size:14px; '><p><a href=\"https:\/\/docs.google.com\/document\/d\/1QM9PkIOYCmQKldauOsrJ8ToXUQSICIOk\/edit\" target=\"_blank\" rel=\"noopener\"><strong>K\u00ebrkes\u00eb p\u00ebr ndryshimin e t\u00eb dh\u00ebnave n\u00eb List\u00ebn e zgjedh\u00ebsve<\/strong><\/a><\/p>\n<\/div><\/div><footer class=\"entry-footer\"><\/footer><\/article><div class='iconlist-timeline'><\/div><\/li>\n<\/ul><\/div><\/p><\/div>\n","protected":false},"excerpt":{"rendered":"","protected":false},"author":3,"featured_media":0,"parent":0,"menu_order":0,"comment_status":"closed","ping_status":"closed","template":"","meta":{"footnotes":""},"class_list":["post-39609","page","type-page","status-publish","hentry"],"yoast_head":"<!-- This site is optimized with the Yoast SEO plugin v26.2 - https:\/\/yoast.com\/wordpress\/plugins\/seo\/ -->\n<title>\u0418\u0437\u0431\u0438\u0440\u0430\u0447\u043a\u0438 \u0441\u043f\u0438\u0441\u043e\u043a \u0410\u041b\u0411 - Komisioni Shtet\u00ebror i Zgjedhjeve<\/title>\n<meta name=\"robots\" content=\"index, follow, max-snippet:-1, max-image-preview:large, max-video-preview:-1\" \/>\n<link rel=\"canonical\" href=\"https:\/\/www.sec.mk\/sq\/izbirachki-spisok-alb\/\" \/>\n<meta property=\"og:locale\" content=\"sq_AL\" \/>\n<meta property=\"og:type\" content=\"article\" \/>\n<meta property=\"og:title\" content=\"\u0418\u0437\u0431\u0438\u0440\u0430\u0447\u043a\u0438 \u0441\u043f\u0438\u0441\u043e\u043a \u0410\u041b\u0411 - Komisioni Shtet\u00ebror i Zgjedhjeve\" \/>\n<meta property=\"og:url\" content=\"https:\/\/www.sec.mk\/sq\/izbirachki-spisok-alb\/\" \/>\n<meta property=\"og:site_name\" content=\"Komisioni Shtet\u00ebror i Zgjedhjeve\" \/>\n<meta property=\"article:modified_time\" content=\"2024-03-22T17:29:23+00:00\" \/>\n<meta name=\"twitter:card\" content=\"summary_large_image\" \/>\n<meta name=\"twitter:label1\" content=\"Est. reading time\" \/>\n\t<meta name=\"twitter:data1\" content=\"3 minuta\" \/>\n<script type=\"application\/ld+json\" class=\"yoast-schema-graph\">{\"@context\":\"https:\/\/schema.org\",\"@graph\":[{\"@type\":\"WebPage\",\"@id\":\"https:\/\/www.sec.mk\/sq\/izbirachki-spisok-alb\/\",\"url\":\"https:\/\/www.sec.mk\/sq\/izbirachki-spisok-alb\/\",\"name\":\"\u0418\u0437\u0431\u0438\u0440\u0430\u0447\u043a\u0438 \u0441\u043f\u0438\u0441\u043e\u043a \u0410\u041b\u0411 - Komisioni Shtet\u00ebror i Zgjedhjeve\",\"isPartOf\":{\"@id\":\"https:\/\/www.sec.mk\/#website\"},\"datePublished\":\"2023-12-29T11:40:14+00:00\",\"dateModified\":\"2024-03-22T17:29:23+00:00\",\"breadcrumb\":{\"@id\":\"https:\/\/www.sec.mk\/sq\/izbirachki-spisok-alb\/#breadcrumb\"},\"inLanguage\":\"sq\",\"potentialAction\":[{\"@type\":\"ReadAction\",\"target\":[\"https:\/\/www.sec.mk\/sq\/izbirachki-spisok-alb\/\"]}]},{\"@type\":\"BreadcrumbList\",\"@id\":\"https:\/\/www.sec.mk\/sq\/izbirachki-spisok-alb\/#breadcrumb\",\"itemListElement\":[{\"@type\":\"ListItem\",\"position\":1,\"name\":\"Home\",\"item\":\"https:\/\/www.sec.mk\/sq\/home-alb\/\"},{\"@type\":\"ListItem\",\"position\":2,\"name\":\"\u0418\u0437\u0431\u0438\u0440\u0430\u0447\u043a\u0438 \u0441\u043f\u0438\u0441\u043e\u043a \u0410\u041b\u0411\"}]},{\"@type\":\"WebSite\",\"@id\":\"https:\/\/www.sec.mk\/#website\",\"url\":\"https:\/\/www.sec.mk\/\",\"name\":\"Komisioni Shtet\u00ebror i Zgjedhjeve\",\"description\":\"\",\"potentialAction\":[{\"@type\":\"SearchAction\",\"target\":{\"@type\":\"EntryPoint\",\"urlTemplate\":\"https:\/\/www.sec.mk\/?s={search_term_string}\"},\"query-input\":{\"@type\":\"PropertyValueSpecification\",\"valueRequired\":true,\"valueName\":\"search_term_string\"}}],\"inLanguage\":\"sq\"}]}<\/script>\n<!-- \/ Yoast SEO plugin. -->","yoast_head_json":{"title":"\u0418\u0437\u0431\u0438\u0440\u0430\u0447\u043a\u0438 \u0441\u043f\u0438\u0441\u043e\u043a \u0410\u041b\u0411 - Komisioni Shtet\u00ebror i Zgjedhjeve","robots":{"index":"index","follow":"follow","max-snippet":"max-snippet:-1","max-image-preview":"max-image-preview:large","max-video-preview":"max-video-preview:-1"},"canonical":"https:\/\/www.sec.mk\/sq\/izbirachki-spisok-alb\/","og_locale":"sq_AL","og_type":"article","og_title":"\u0418\u0437\u0431\u0438\u0440\u0430\u0447\u043a\u0438 \u0441\u043f\u0438\u0441\u043e\u043a \u0410\u041b\u0411 - Komisioni Shtet\u00ebror i Zgjedhjeve","og_url":"https:\/\/www.sec.mk\/sq\/izbirachki-spisok-alb\/","og_site_name":"Komisioni Shtet\u00ebror i Zgjedhjeve","article_modified_time":"2024-03-22T17:29:23+00:00","twitter_card":"summary_large_image","twitter_misc":{"Est. reading time":"3 minuta"},"schema":{"@context":"https:\/\/schema.org","@graph":[{"@type":"WebPage","@id":"https:\/\/www.sec.mk\/sq\/izbirachki-spisok-alb\/","url":"https:\/\/www.sec.mk\/sq\/izbirachki-spisok-alb\/","name":"\u0418\u0437\u0431\u0438\u0440\u0430\u0447\u043a\u0438 \u0441\u043f\u0438\u0441\u043e\u043a \u0410\u041b\u0411 - Komisioni Shtet\u00ebror i Zgjedhjeve","isPartOf":{"@id":"https:\/\/www.sec.mk\/#website"},"datePublished":"2023-12-29T11:40:14+00:00","dateModified":"2024-03-22T17:29:23+00:00","breadcrumb":{"@id":"https:\/\/www.sec.mk\/sq\/izbirachki-spisok-alb\/#breadcrumb"},"inLanguage":"sq","potentialAction":[{"@type":"ReadAction","target":["https:\/\/www.sec.mk\/sq\/izbirachki-spisok-alb\/"]}]},{"@type":"BreadcrumbList","@id":"https:\/\/www.sec.mk\/sq\/izbirachki-spisok-alb\/#breadcrumb","itemListElement":[{"@type":"ListItem","position":1,"name":"Home","item":"https:\/\/www.sec.mk\/sq\/home-alb\/"},{"@type":"ListItem","position":2,"name":"\u0418\u0437\u0431\u0438\u0440\u0430\u0447\u043a\u0438 \u0441\u043f\u0438\u0441\u043e\u043a \u0410\u041b\u0411"}]},{"@type":"WebSite","@id":"https:\/\/www.sec.mk\/#website","url":"https:\/\/www.sec.mk\/","name":"Komisioni Shtet\u00ebror i Zgjedhjeve","description":"","potentialAction":[{"@type":"SearchAction","target":{"@type":"EntryPoint","urlTemplate":"https:\/\/www.sec.mk\/?s={search_term_string}"},"query-input":{"@type":"PropertyValueSpecification","valueRequired":true,"valueName":"search_term_string"}}],"inLanguage":"sq"}]}},"_links":{"self":[{"href":"https:\/\/www.sec.mk\/sq\/wp-json\/wp\/v2\/pages\/39609","targetHints":{"allow":["GET"]}}],"collection":[{"href":"https:\/\/www.sec.mk\/sq\/wp-json\/wp\/v2\/pages"}],"about":[{"href":"https:\/\/www.sec.mk\/sq\/wp-json\/wp\/v2\/types\/page"}],"author":[{"embeddable":true,"href":"https:\/\/www.sec.mk\/sq\/wp-json\/wp\/v2\/users\/3"}],"replies":[{"embeddable":true,"href":"https:\/\/www.sec.mk\/sq\/wp-json\/wp\/v2\/comments?post=39609"}],"version-history":[{"count":13,"href":"https:\/\/www.sec.mk\/sq\/wp-json\/wp\/v2\/pages\/39609\/revisions"}],"predecessor-version":[{"id":41264,"href":"https:\/\/www.sec.mk\/sq\/wp-json\/wp\/v2\/pages\/39609\/revisions\/41264"}],"wp:attachment":[{"href":"https:\/\/www.sec.mk\/sq\/wp-json\/wp\/v2\/media?parent=39609"}],"curies":[{"name":"wp","href":"https:\/\/api.w.org\/{rel}","templated":true}]}}