{"id":45401,"date":"2025-09-24T12:57:03","date_gmt":"2025-09-24T10:57:03","guid":{"rendered":"https:\/\/www.sec.mk\/?page_id=45401"},"modified":"2025-09-24T12:57:11","modified_gmt":"2025-09-24T10:57:11","slug":"angellco-ristov","status":"publish","type":"page","link":"https:\/\/www.sec.mk\/sq\/angellco-ristov\/","title":{"rendered":"Angell\u00e7o Ristov"},"content":{"rendered":"<div id='av_section_1'  class='avia-section main_color avia-section-large avia-no-border-styling  avia-bg-style-scroll  avia-builder-el-0  avia-builder-el-no-sibling  cv-subheading  container_wrap fullsize' style=' '  ><div class='container' ><main  role=\"main\" itemprop=\"mainContentOfPage\"  class='template-page content  av-content-full alpha units'><div class='post-entry post-entry-type-page post-entry-45401'><div class='entry-content-wrapper clearfix'>\n<div class='flex_column_table av-equal-height-column-flextable -flextable' style='margin-top:0px; margin-bottom:0px; '><div class=\"flex_column av_one_fifth  no_margin flex_column_table_cell av-equal-height-column av-align-middle first  avia-builder-el-1  el_before_av_one_fourth  avia-builder-el-first  \" style='padding:0px 20px 0px 0px ; border-radius:0px; '><div  class='avia-image-container  av-styling-no-styling    avia-builder-el-2  avia-builder-el-no-sibling  avia-align-center '  itemprop=\"image\" itemscope=\"itemscope\" itemtype=\"https:\/\/schema.org\/ImageObject\"  ><div class='avia-image-container-inner'><div class='avia-image-overlay-wrap'><a href=\"https:\/\/www.sec.mk\/wp-content\/uploads\/2025\/02\/viber_image_2025-02-20_21-34-03-504.jpg\" data-srcset=\"https:\/\/www.sec.mk\/wp-content\/uploads\/2025\/02\/viber_image_2025-02-20_21-34-03-504.jpg 485w, https:\/\/www.sec.mk\/wp-content\/uploads\/2025\/02\/viber_image_2025-02-20_21-34-03-504-300x251.jpg 300w\" data-sizes=\"(max-width: 485px) 100vw, 485px\" class='avia_image' ><img decoding=\"async\" width=\"300\" height=\"251\" class='wp-image-44226 avia-img-lazy-loading-not-44226 avia_image' src=\"https:\/\/www.sec.mk\/wp-content\/uploads\/2025\/02\/viber_image_2025-02-20_21-34-03-504-300x251.jpg\" alt='' title='viber_image_2025-02-20_21-34-03-504'  itemprop=\"thumbnailUrl\" srcset=\"https:\/\/www.sec.mk\/wp-content\/uploads\/2025\/02\/viber_image_2025-02-20_21-34-03-504-300x251.jpg 300w, https:\/\/www.sec.mk\/wp-content\/uploads\/2025\/02\/viber_image_2025-02-20_21-34-03-504.jpg 485w\" sizes=\"(max-width: 300px) 100vw, 300px\" \/><\/a><\/div><\/div><\/div><\/div><div class=\"flex_column av_one_fourth  no_margin flex_column_table_cell av-equal-height-column av-align-middle   avia-builder-el-3  el_after_av_one_fifth  el_before_av_one_fifth  \" style='padding:0px 20px 0px 0px ; border-radius:0px; '><div  style='padding-bottom:0px; font-size:40px;' class='av-special-heading av-special-heading-h1  blockquote modern-quote  avia-builder-el-4  avia-builder-el-no-sibling  av-inherit-size '><h1 class='av-special-heading-tag '  itemprop=\"headline\"  >Angell\u00e7o Ristov<\/h1><div class ='av-subheading av-subheading_below  ' style='font-size:18px;'><p>An\u00ebtar<\/p>\n<\/div><div class='special-heading-border'><div class='special-heading-inner-border' ><\/div><\/div><\/div><\/div><div class=\"flex_column av_one_fifth  no_margin flex_column_table_cell av-equal-height-column av-align-middle av-zero-column-padding   avia-builder-el-5  el_after_av_one_fourth  el_before_av_hr  \" style='border-radius:0px; '><section class=\"av_textblock_section \"  itemscope=\"itemscope\" itemtype=\"https:\/\/schema.org\/CreativeWork\" ><div class='avia_textblock  '  style='font-size:13px; '  itemprop=\"text\" ><p>Dat\u00eblindja: 21.11.1986<\/p>\n<p>P\u00ebrkat\u00ebsia nacionale: Maqedonas<\/p>\n<p>Posta-e: angelcho.ristov@sec.mk<\/p>\n<\/div><\/section><\/div><\/div><!--close column table wrapper. Autoclose: 1 --><div  style=' margin-top:10px; margin-bottom:10px;'  class='hr hr-custom hr-center hr-icon-no   avia-builder-el-7  el_after_av_one_fifth  el_before_av_one_fourth '><span class='hr-inner  inner-border-av-border-thin' style=' width:100%;' ><span class='hr-inner-style'><\/span><\/span><\/div>\n<div class=\"flex_column av_one_fourth  flex_column_div av-zero-column-padding first  avia-builder-el-8  el_after_av_hr  el_before_av_two_third  \" style='border-radius:0px; '><p><div  style='height:1px; margin-top:-28px'  class='hr hr-invisible   avia-builder-el-9  el_before_av_heading  avia-builder-el-first '><span class='hr-inner ' ><span class='hr-inner-style'><\/span><\/span><\/div><br \/>\n<div  style='padding-bottom:0px; ' class='av-special-heading av-special-heading-h2  blockquote modern-quote modern-centered  avia-builder-el-10  el_after_av_hr  el_before_av_hr  '><h2 class='av-special-heading-tag '  itemprop=\"headline\"  >Arsimimi<\/h2><div class='special-heading-border'><div class='special-heading-inner-border' ><\/div><\/div><\/div><br \/>\n<div  style=' margin-top:10px; margin-bottom:20px;'  class='hr hr-custom hr-center hr-icon-no  av-desktop-hide  avia-builder-el-11  el_after_av_heading  avia-builder-el-last '><span class='hr-inner  inner-border-av-border-fat' style=' width:50px;' ><span class='hr-inner-style'><\/span><\/span><\/div><\/p><\/div><div class=\"flex_column av_two_third  av-animated-generic fade-in  flex_column_div av-zero-column-padding   avia-builder-el-12  el_after_av_one_fourth  el_before_av_two_third  \" style='border-radius:0px; '><p><div  style='padding-bottom:0px; ' class='av-special-heading av-special-heading-h3  blockquote modern-quote  avia-builder-el-13  el_before_av_textblock  avia-builder-el-first  '><div class ='av-subheading av-subheading_above  ' style='font-size:15px;'><p>Viti 2008<\/p>\n<\/div><h3 class='av-special-heading-tag '  itemprop=\"headline\"  >Jurist i diplomuar<\/h3><div class='special-heading-border'><div class='special-heading-inner-border' ><\/div><\/div><\/div><br \/>\n<section class=\"av_textblock_section \"  itemscope=\"itemscope\" itemtype=\"https:\/\/schema.org\/CreativeWork\" ><div class='avia_textblock  '   itemprop=\"text\" ><p>Jurist i diplomuar, Fakulteti i Drejt\u00ebsis\u00eb &#8220;Justiniani i Par\u00eb&#8221; &#8211; Shkup<\/p>\n<\/div><\/section><\/p><\/div><div class=\"flex_column av_two_third  av-animated-generic fade-in  flex_column_div av-zero-column-padding first  avia-builder-el-15  el_after_av_two_third  el_before_av_two_third  column-top-margin\" style='border-radius:0px; '><p><div  style='padding-bottom:0px; ' class='av-special-heading av-special-heading-h3  blockquote modern-quote  avia-builder-el-16  el_before_av_textblock  avia-builder-el-first  '><div class ='av-subheading av-subheading_above  ' style='font-size:15px;'><p>Viti 2011<\/p>\n<\/div><h3 class='av-special-heading-tag '  itemprop=\"headline\"  >Magjist\u00ebr i drejt\u00ebsis\u00eb administrative dhe administrat\u00ebs publike<\/h3><div class='special-heading-border'><div class='special-heading-inner-border' ><\/div><\/div><\/div><br \/>\n<section class=\"av_textblock_section \"  itemscope=\"itemscope\" itemtype=\"https:\/\/schema.org\/CreativeWork\" ><div class='avia_textblock  '   itemprop=\"text\" ><p>Fakulteti i Drejt\u00ebsis\u00eb &#8220;Justiniani i Par\u00eb&#8221; &#8211; Shkup<\/p>\n<\/div><\/section><\/p><\/div><div class=\"flex_column av_two_third  av-animated-generic fade-in  flex_column_div av-zero-column-padding first  avia-builder-el-18  el_after_av_two_third  el_before_av_hr  column-top-margin\" style='border-radius:0px; '><div  style='padding-bottom:0px; ' class='av-special-heading av-special-heading-h3  blockquote modern-quote  avia-builder-el-19  avia-builder-el-no-sibling  '><div class ='av-subheading av-subheading_above  ' style='font-size:15px;'><p>Viti 2017<\/p>\n<\/div><h3 class='av-special-heading-tag '  itemprop=\"headline\"  >E jep provimin e jurisprodenc\u00ebs<\/h3><div class='special-heading-border'><div class='special-heading-inner-border' ><\/div><\/div><\/div><\/div><div  style='height:1px; margin-top:-28px'  class='hr hr-invisible   avia-builder-el-20  el_after_av_two_third  el_before_av_hr '><span class='hr-inner ' ><span class='hr-inner-style'><\/span><\/span><\/div>\n<div  style=' margin-top:10px; margin-bottom:10px;'  class='hr hr-custom hr-center hr-icon-no   avia-builder-el-21  el_after_av_hr  el_before_av_one_fourth '><span class='hr-inner  inner-border-av-border-thin' style=' width:100%;' ><span class='hr-inner-style'><\/span><\/span><\/div>\n<div class=\"flex_column av_one_fourth  flex_column_div av-zero-column-padding first  avia-builder-el-22  el_after_av_hr  el_before_av_two_third  \" style='border-radius:0px; '><p><div  style='height:1px; margin-top:-28px'  class='hr hr-invisible   avia-builder-el-23  el_before_av_heading  avia-builder-el-first '><span class='hr-inner ' ><span class='hr-inner-style'><\/span><\/span><\/div><br \/>\n<div  style='padding-bottom:0px; ' class='av-special-heading av-special-heading-h2  blockquote modern-quote modern-centered  avia-builder-el-24  el_after_av_hr  el_before_av_hr  '><h2 class='av-special-heading-tag '  itemprop=\"headline\"  >P\u00ebrvoj\u00eb pune<\/h2><div class='special-heading-border'><div class='special-heading-inner-border' ><\/div><\/div><\/div><br \/>\n<div  style=' margin-top:10px; margin-bottom:20px;'  class='hr hr-custom hr-center hr-icon-no  av-desktop-hide  avia-builder-el-25  el_after_av_heading  avia-builder-el-last '><span class='hr-inner  inner-border-av-border-fat' style=' width:50px;' ><span class='hr-inner-style'><\/span><\/span><\/div><\/p><\/div><div class=\"flex_column av_two_third  av-animated-generic fade-in  flex_column_div av-zero-column-padding   avia-builder-el-26  el_after_av_one_fourth  el_before_av_hr  \" style='border-radius:0px; '><p><div  style='padding-bottom:0px; ' class='av-special-heading av-special-heading-h3  blockquote modern-quote  avia-builder-el-27  el_before_av_hr  avia-builder-el-first  '><div class ='av-subheading av-subheading_above  ' style='font-size:15px;'><p>Viti 2009<\/p>\n<\/div><h3 class='av-special-heading-tag '  itemprop=\"headline\"  >Vullnetar n\u00eb Drejtorin\u00eb e Mbrojtjes s\u00eb t\u00eb Dh\u00ebnave Personale<\/h3><div class='special-heading-border'><div class='special-heading-inner-border' ><\/div><\/div><\/div><br \/>\n<div  style=' margin-top:10px; margin-bottom:20px;'  class='hr hr-custom hr-left hr-icon-no   avia-builder-el-28  el_after_av_heading  el_before_av_heading '><span class='hr-inner  inner-border-av-border-fat' style=' width:50px;' ><span class='hr-inner-style'><\/span><\/span><\/div><br \/>\n<div  style='padding-bottom:0px; ' class='av-special-heading av-special-heading-h3  blockquote modern-quote  avia-builder-el-29  el_after_av_hr  el_before_av_hr  '><div class ='av-subheading av-subheading_above  ' style='font-size:15px;'><p>2010-2012<\/p>\n<\/div><h3 class='av-special-heading-tag '  itemprop=\"headline\"  >Praktikant avokature<\/h3><div class='special-heading-border'><div class='special-heading-inner-border' ><\/div><\/div><\/div><br \/>\n<div  style=' margin-top:10px; margin-bottom:20px;'  class='hr hr-custom hr-left hr-icon-no   avia-builder-el-30  el_after_av_heading  el_before_av_heading '><span class='hr-inner  inner-border-av-border-fat' style=' width:50px;' ><span class='hr-inner-style'><\/span><\/span><\/div><br \/>\n<div  style='padding-bottom:0px; ' class='av-special-heading av-special-heading-h3  blockquote modern-quote  avia-builder-el-31  el_after_av_hr  el_before_av_hr  '><div class ='av-subheading av-subheading_above  ' style='font-size:15px;'><p>2013-2020<\/p>\n<\/div><h3 class='av-special-heading-tag '  itemprop=\"headline\"  >Bashk\u00ebpun\u00ebtor i ri, Sektori i procedur\u00ebs administrative t\u00eb shkall\u00ebs s\u00eb dyt\u00eb, mosmarr\u00ebveshjeve administrative dhe pages\u00ebn e k\u00ebrkesave n\u00eb Ministrin\u00eb e Financave<\/h3><div class='special-heading-border'><div class='special-heading-inner-border' ><\/div><\/div><\/div><br \/>\n<div  style=' margin-top:10px; margin-bottom:20px;'  class='hr hr-custom hr-left hr-icon-no   avia-builder-el-32  el_after_av_heading  el_before_av_heading '><span class='hr-inner  inner-border-av-border-fat' style=' width:50px;' ><span class='hr-inner-style'><\/span><\/span><\/div><br \/>\n<div  style='padding-bottom:0px; ' class='av-special-heading av-special-heading-h3  blockquote modern-quote  avia-builder-el-33  el_after_av_hr  el_before_av_hr  '><div class ='av-subheading av-subheading_above  ' style='font-size:15px;'><p>2020-2024<\/p>\n<\/div><h3 class='av-special-heading-tag '  itemprop=\"headline\"  >Udh\u00ebheq\u00ebs i Nj\u00ebsis\u00eb n\u00eb Komisionin Shtet\u00ebror t\u00eb Zgjedhjeve, Sektori i \u00e7\u00ebshtjeve ligjore (Sh\u00ebrbimi ligjor) dhe i \u00e7\u00ebshtjeve profesionale dhe administrative<\/h3><div class='special-heading-border'><div class='special-heading-inner-border' ><\/div><\/div><\/div><br \/>\n<div  style=' margin-top:10px; margin-bottom:20px;'  class='hr hr-custom hr-left hr-icon-no   avia-builder-el-34  el_after_av_heading  el_before_av_heading '><span class='hr-inner  inner-border-av-border-fat' style=' width:50px;' ><span class='hr-inner-style'><\/span><\/span><\/div><br \/>\n<div  style='padding-bottom:0px; ' class='av-special-heading av-special-heading-h3  blockquote modern-quote  avia-builder-el-35  el_after_av_hr  el_before_av_heading  '><div class ='av-subheading av-subheading_above  ' style='font-size:15px;'><p>2024<\/p>\n<\/div><h3 class='av-special-heading-tag '  itemprop=\"headline\"  >K\u00ebshilltar shtet\u00ebror i \u00e7\u00ebshtjeve juridike dhe i sistemeve zgjedhore n\u00eb Komisionin Shtet\u00ebror t\u00eb Zgjedhjeve<\/h3><div class='special-heading-border'><div class='special-heading-inner-border' ><\/div><\/div><\/div><br \/>\n<div  style='padding-bottom:0px; ' class='av-special-heading av-special-heading-h3  blockquote modern-quote  avia-builder-el-36  el_after_av_heading  avia-builder-el-last  '><div class ='av-subheading av-subheading_above  ' style='font-size:15px;'><p>Nga 12.11.2024 deri m\u00eb sot<\/p>\n<\/div><h3 class='av-special-heading-tag '  itemprop=\"headline\"  >An\u00ebtar i Komisionit Shtet\u00ebror t\u00eb Zgjedhjeve<\/h3><div class='special-heading-border'><div class='special-heading-inner-border' ><\/div><\/div><\/div><\/p><\/div><div  style=' margin-top:10px; margin-bottom:10px;'  class='hr hr-custom hr-center hr-icon-no   avia-builder-el-37  el_after_av_two_third  el_before_av_one_fourth '><span class='hr-inner  inner-border-av-border-thin' style=' width:100%;' ><span class='hr-inner-style'><\/span><\/span><\/div>\n<div class=\"flex_column av_one_fourth  flex_column_div av-zero-column-padding first  avia-builder-el-38  el_after_av_hr  el_before_av_two_third  \" style='border-radius:0px; '><p><div  style='height:1px; margin-top:-32px'  class='hr hr-invisible   avia-builder-el-39  el_before_av_heading  avia-builder-el-first '><span class='hr-inner ' ><span class='hr-inner-style'><\/span><\/span><\/div><br \/>\n<div  style='padding-bottom:0px; ' class='av-special-heading av-special-heading-h2  blockquote modern-quote modern-centered  avia-builder-el-40  el_after_av_hr  el_before_av_hr  '><h2 class='av-special-heading-tag '  itemprop=\"headline\"  >Njohja e gjuh\u00ebve<\/h2><div class='special-heading-border'><div class='special-heading-inner-border' ><\/div><\/div><\/div><br \/>\n<div  style=' margin-top:10px; margin-bottom:20px;'  class='hr hr-custom hr-center hr-icon-no  av-desktop-hide  avia-builder-el-41  el_after_av_heading  avia-builder-el-last '><span class='hr-inner  inner-border-av-border-fat' style=' width:50px;' ><span class='hr-inner-style'><\/span><\/span><\/div><\/p><\/div><div class=\"flex_column av_two_third  av-animated-generic fade-in  flex_column_div av-zero-column-padding   avia-builder-el-42  el_after_av_one_fourth  avia-builder-el-last  \" style='border-radius:0px; '><p><div  style='padding-bottom:0px; ' class='av-special-heading av-special-heading-h3  blockquote modern-quote  avia-builder-el-43  el_before_av_hr  avia-builder-el-first  '><div class ='av-subheading av-subheading_above  ' style='font-size:15px;'><p>Gjuha amtare<\/p>\n<\/div><h3 class='av-special-heading-tag '  itemprop=\"headline\"  >Maqedonisht<\/h3><div class='special-heading-border'><div class='special-heading-inner-border' ><\/div><\/div><\/div><br \/>\n<div  style=' margin-top:10px; margin-bottom:20px;'  class='hr hr-custom hr-left hr-icon-no   avia-builder-el-44  el_after_av_heading  avia-builder-el-last '><span class='hr-inner  inner-border-av-border-fat' style=' width:50px;' ><span class='hr-inner-style'><\/span><\/span><\/div><\/p><\/div>\n","protected":false},"excerpt":{"rendered":"","protected":false},"author":15,"featured_media":0,"parent":0,"menu_order":0,"comment_status":"closed","ping_status":"closed","template":"","meta":{"footnotes":""},"class_list":["post-45401","page","type-page","status-publish","hentry"],"yoast_head":"<!-- This site is optimized with the Yoast SEO plugin v26.2 - https:\/\/yoast.com\/wordpress\/plugins\/seo\/ -->\n<title>Angell\u00e7o Ristov - Komisioni Shtet\u00ebror i Zgjedhjeve<\/title>\n<meta name=\"robots\" content=\"index, follow, max-snippet:-1, max-image-preview:large, max-video-preview:-1\" \/>\n<link rel=\"canonical\" href=\"https:\/\/www.sec.mk\/sq\/angellco-ristov\/\" \/>\n<meta property=\"og:locale\" content=\"sq_AL\" \/>\n<meta property=\"og:type\" content=\"article\" \/>\n<meta property=\"og:title\" content=\"Angell\u00e7o Ristov - Komisioni Shtet\u00ebror i Zgjedhjeve\" \/>\n<meta property=\"og:url\" content=\"https:\/\/www.sec.mk\/sq\/angellco-ristov\/\" \/>\n<meta property=\"og:site_name\" content=\"Komisioni Shtet\u00ebror i Zgjedhjeve\" \/>\n<meta property=\"article:modified_time\" content=\"2025-09-24T10:57:11+00:00\" \/>\n<meta name=\"twitter:card\" content=\"summary_large_image\" \/>\n<meta name=\"twitter:label1\" content=\"Est. reading time\" \/>\n\t<meta name=\"twitter:data1\" content=\"6 minuta\" \/>\n<script type=\"application\/ld+json\" class=\"yoast-schema-graph\">{\"@context\":\"https:\/\/schema.org\",\"@graph\":[{\"@type\":\"WebPage\",\"@id\":\"https:\/\/www.sec.mk\/sq\/angellco-ristov\/\",\"url\":\"https:\/\/www.sec.mk\/sq\/angellco-ristov\/\",\"name\":\"Angell\u00e7o Ristov - Komisioni Shtet\u00ebror i Zgjedhjeve\",\"isPartOf\":{\"@id\":\"https:\/\/www.sec.mk\/#website\"},\"datePublished\":\"2025-09-24T10:57:03+00:00\",\"dateModified\":\"2025-09-24T10:57:11+00:00\",\"breadcrumb\":{\"@id\":\"https:\/\/www.sec.mk\/sq\/angellco-ristov\/#breadcrumb\"},\"inLanguage\":\"sq\",\"potentialAction\":[{\"@type\":\"ReadAction\",\"target\":[\"https:\/\/www.sec.mk\/sq\/angellco-ristov\/\"]}]},{\"@type\":\"BreadcrumbList\",\"@id\":\"https:\/\/www.sec.mk\/sq\/angellco-ristov\/#breadcrumb\",\"itemListElement\":[{\"@type\":\"ListItem\",\"position\":1,\"name\":\"Home\",\"item\":\"https:\/\/www.sec.mk\/sq\/home-alb\/\"},{\"@type\":\"ListItem\",\"position\":2,\"name\":\"Angell\u00e7o Ristov\"}]},{\"@type\":\"WebSite\",\"@id\":\"https:\/\/www.sec.mk\/#website\",\"url\":\"https:\/\/www.sec.mk\/\",\"name\":\"Komisioni Shtet\u00ebror i Zgjedhjeve\",\"description\":\"\",\"potentialAction\":[{\"@type\":\"SearchAction\",\"target\":{\"@type\":\"EntryPoint\",\"urlTemplate\":\"https:\/\/www.sec.mk\/?s={search_term_string}\"},\"query-input\":{\"@type\":\"PropertyValueSpecification\",\"valueRequired\":true,\"valueName\":\"search_term_string\"}}],\"inLanguage\":\"sq\"}]}<\/script>\n<!-- \/ Yoast SEO plugin. -->","yoast_head_json":{"title":"Angell\u00e7o Ristov - Komisioni Shtet\u00ebror i Zgjedhjeve","robots":{"index":"index","follow":"follow","max-snippet":"max-snippet:-1","max-image-preview":"max-image-preview:large","max-video-preview":"max-video-preview:-1"},"canonical":"https:\/\/www.sec.mk\/sq\/angellco-ristov\/","og_locale":"sq_AL","og_type":"article","og_title":"Angell\u00e7o Ristov - Komisioni Shtet\u00ebror i Zgjedhjeve","og_url":"https:\/\/www.sec.mk\/sq\/angellco-ristov\/","og_site_name":"Komisioni Shtet\u00ebror i Zgjedhjeve","article_modified_time":"2025-09-24T10:57:11+00:00","twitter_card":"summary_large_image","twitter_misc":{"Est. reading time":"6 minuta"},"schema":{"@context":"https:\/\/schema.org","@graph":[{"@type":"WebPage","@id":"https:\/\/www.sec.mk\/sq\/angellco-ristov\/","url":"https:\/\/www.sec.mk\/sq\/angellco-ristov\/","name":"Angell\u00e7o Ristov - Komisioni Shtet\u00ebror i Zgjedhjeve","isPartOf":{"@id":"https:\/\/www.sec.mk\/#website"},"datePublished":"2025-09-24T10:57:03+00:00","dateModified":"2025-09-24T10:57:11+00:00","breadcrumb":{"@id":"https:\/\/www.sec.mk\/sq\/angellco-ristov\/#breadcrumb"},"inLanguage":"sq","potentialAction":[{"@type":"ReadAction","target":["https:\/\/www.sec.mk\/sq\/angellco-ristov\/"]}]},{"@type":"BreadcrumbList","@id":"https:\/\/www.sec.mk\/sq\/angellco-ristov\/#breadcrumb","itemListElement":[{"@type":"ListItem","position":1,"name":"Home","item":"https:\/\/www.sec.mk\/sq\/home-alb\/"},{"@type":"ListItem","position":2,"name":"Angell\u00e7o Ristov"}]},{"@type":"WebSite","@id":"https:\/\/www.sec.mk\/#website","url":"https:\/\/www.sec.mk\/","name":"Komisioni Shtet\u00ebror i Zgjedhjeve","description":"","potentialAction":[{"@type":"SearchAction","target":{"@type":"EntryPoint","urlTemplate":"https:\/\/www.sec.mk\/?s={search_term_string}"},"query-input":{"@type":"PropertyValueSpecification","valueRequired":true,"valueName":"search_term_string"}}],"inLanguage":"sq"}]}},"_links":{"self":[{"href":"https:\/\/www.sec.mk\/sq\/wp-json\/wp\/v2\/pages\/45401","targetHints":{"allow":["GET"]}}],"collection":[{"href":"https:\/\/www.sec.mk\/sq\/wp-json\/wp\/v2\/pages"}],"about":[{"href":"https:\/\/www.sec.mk\/sq\/wp-json\/wp\/v2\/types\/page"}],"author":[{"embeddable":true,"href":"https:\/\/www.sec.mk\/sq\/wp-json\/wp\/v2\/users\/15"}],"replies":[{"embeddable":true,"href":"https:\/\/www.sec.mk\/sq\/wp-json\/wp\/v2\/comments?post=45401"}],"version-history":[{"count":2,"href":"https:\/\/www.sec.mk\/sq\/wp-json\/wp\/v2\/pages\/45401\/revisions"}],"predecessor-version":[{"id":45405,"href":"https:\/\/www.sec.mk\/sq\/wp-json\/wp\/v2\/pages\/45401\/revisions\/45405"}],"wp:attachment":[{"href":"https:\/\/www.sec.mk\/sq\/wp-json\/wp\/v2\/media?parent=45401"}],"curies":[{"name":"wp","href":"https:\/\/api.w.org\/{rel}","templated":true}]}}